{"id":49812,"date":"2024-04-16T04:07:35","date_gmt":"2024-04-16T04:07:35","guid":{"rendered":"https:\/\/e.kosmolat.eu\/product\/double-collagen-pro-sejas-maska-barojosa-100-g\/"},"modified":"2025-09-20T04:36:37","modified_gmt":"2025-09-20T04:36:37","slug":"double-collagen-pro-sejas-maska-barojosa-100-g","status":"publish","type":"product","link":"https:\/\/e.kosmolat.eu\/lv\/product\/double-collagen-pro-sejas-maska-barojosa-100-g\/","title":{"rendered":"Double Collagen Pro Sejas maska Barojo\u0161a, 100 g"},"content":{"rendered":"<p>Barojo&scaron;a sejas maska att\u012bra, toniz\u0113 un izl\u012bdzina \u0101das toni. Sast\u0101v\u0101 eso&scaron;ais <strong>roz\u0101 m\u0101ls<\/strong> nesausina \u0101du un un ir piem\u0113rots jut\u012bgai \u0101dai.&nbsp;<strong>Kakao, &scaron;\u012b sviests un kokosriekstu e\u013c\u013ca<\/strong> m\u012bkstina un mitrina \u0101du, padarot to elast\u012bg\u0101ku. Jaun\u0101 <strong>Double Collagen Pro<\/strong> <strong>formula<\/strong> aktiviz\u0113 atjauno&scaron;an\u0101s procesus. <strong>Niacinam\u012bds,<\/strong> kas paz\u012bstams ar sav\u0101m labv\u0113l\u012bgaj\u0101m \u012bpa&scaron;\u012bb\u0101m, mitrina, uzlabo \u0101das tonusu un elast\u012bbu, c\u012bn\u0101s ar pinn\u0113m un stimul\u0113 kolag\u0113na izstr\u0101di.<\/p>\n<p><strong>Lieto&scaron;ana:<\/strong> uzkl\u0101t masku uz iepriek&scaron; att\u012br\u012btas sejas \u0101das, izvairoties no acu un l\u016bpu zonas. Atst\u0101t uz 15-20 min\u016bt\u0113m, p\u0113c tam noskalot ar \u016bdeni. Ieteicams lietot 1-2 reizes ned\u0113\u013c\u0101.<\/p>\n<p>Uzglab\u0101t temperat\u016br\u0101 no +5&deg;C l\u012bdz +25&deg;C. Nelietot p\u0113c der\u012bguma termi\u0146a beig\u0101m.<\/p>\n","protected":false},"excerpt":{"rendered":"<p>Barojo&scaron;a sejas maska att\u012bra, toniz\u0113 un izl\u012bdzina \u0101das toni. Sast\u0101v\u0101 eso&scaron;ais roz\u0101 m\u0101ls nesausina \u0101du un un ir piem\u0113rots jut\u012bgai \u0101dai.&nbsp;Kakao, &scaron;\u012b sviests un kokosriekstu e\u013c\u013ca m\u012bkstina un mitrina \u0101du, padarot to elast\u012bg\u0101ku. Jaun\u0101 Double Collagen Pro formula aktiviz\u0113 atjauno&scaron;an\u0101s procesus. Niacinam\u012bds, kas paz\u012bstams ar sav\u0101m labv\u0113l\u012bgaj\u0101m \u012bpa&scaron;\u012bb\u0101m, mitrina, uzlabo \u0101das tonusu un elast\u012bbu, c\u012bn\u0101s [&#8230;]\n","protected":false},"featured_media":92042,"template":"","meta":[],"product_cat":[1367],"product_tag":[],"class_list":{"0":"post-49812","1":"product","2":"type-product","3":"status-publish","4":"has-post-thumbnail","6":"product_brand-modum_by","7":"product_cat-sejas-maskas","9":"first","10":"outofstock","11":"taxable","12":"shipping-taxable","13":"product-type-simple"},"_links":{"self":[{"href":"https:\/\/e.kosmolat.eu\/lv\/wp-json\/wp\/v2\/product\/49812","targetHints":{"allow":["GET"]}}],"collection":[{"href":"https:\/\/e.kosmolat.eu\/lv\/wp-json\/wp\/v2\/product"}],"about":[{"href":"https:\/\/e.kosmolat.eu\/lv\/wp-json\/wp\/v2\/types\/product"}],"wp:featuredmedia":[{"embeddable":true,"href":"https:\/\/e.kosmolat.eu\/lv\/wp-json\/wp\/v2\/media\/92042"}],"wp:attachment":[{"href":"https:\/\/e.kosmolat.eu\/lv\/wp-json\/wp\/v2\/media?parent=49812"}],"wp:term":[{"taxonomy":"product_cat","embeddable":true,"href":"https:\/\/e.kosmolat.eu\/lv\/wp-json\/wp\/v2\/product_cat?post=49812"},{"taxonomy":"product_tag","embeddable":true,"href":"https:\/\/e.kosmolat.eu\/lv\/wp-json\/wp\/v2\/product_tag?post=49812"}],"curies":[{"name":"wp","href":"https:\/\/api.w.org\/{rel}","templated":true}]}}