{"id":49804,"date":"2024-04-16T04:07:21","date_gmt":"2024-04-16T04:07:21","guid":{"rendered":"https:\/\/e.kosmolat.eu\/product\/modo-alice-sejas-krems-ar-matejosu-ef-problem-adai-50-g\/"},"modified":"2025-09-20T04:32:34","modified_gmt":"2025-09-20T04:32:34","slug":"modo-alice-sejas-krems-ar-matejosu-ef-problem-adai-50-g","status":"publish","type":"product","link":"https:\/\/e.kosmolat.eu\/lv\/product\/modo-alice-sejas-krems-ar-matejosu-ef-problem-adai-50-g\/","title":{"rendered":"MODO ALICE Sejas kr\u0113ms ar mat\u0113jo\u0161u ef. problem. \u0101dai, 50 g"},"content":{"rendered":"<p>Viegls kr\u0113ms ir piem\u0113rots problem\u0101tiskai, taukainai un kombin\u0113tai \u0101dai. Tas mazina aps\u0101rtumu un pinnes, nov\u0113r&scaron; \u0101das nepiln\u012bbas un normaliz\u0113 tauku dziedzeru darb\u012bbu. Kr\u0113ms \u0101tri uzs\u016bcas un nov\u0113r&scaron; taukainu sp\u012bdumu. Regul\u0101ri lietojot, \u0101da k\u013c\u016bst t\u012bra, svaiga, kopta, uzlabojas sejas kr\u0101sa. Lai ieg\u016btu maksim\u0101lu rezult\u0101tu, ieteicams lietot kop\u0101 ar citiem MODO l\u012bnijas produktiem.<\/p>\n<p><strong>Akt\u012bv\u0101s sast\u0101vda\u013cas: <\/strong>kombucha, cinka glikon\u0101ts, salicilsk\u0101be, D-pantenols, beta\u012bns.<\/p>\n<p>Nelietot p\u0113c der\u012bguma termi\u0146a beig\u0101m. Uzglab\u0101t temperat\u016br\u0101 no +5&deg;C l\u012bdz +25&deg;C.&nbsp;<br \/>\n&nbsp;<\/p>\n","protected":false},"excerpt":{"rendered":"<p>Viegls kr\u0113ms ir piem\u0113rots problem\u0101tiskai, taukainai un kombin\u0113tai \u0101dai. Tas mazina aps\u0101rtumu un pinnes, nov\u0113r&scaron; \u0101das nepiln\u012bbas un normaliz\u0113 tauku dziedzeru darb\u012bbu. Kr\u0113ms \u0101tri uzs\u016bcas un nov\u0113r&scaron; taukainu sp\u012bdumu. Regul\u0101ri lietojot, \u0101da k\u013c\u016bst t\u012bra, svaiga, kopta, uzlabojas sejas kr\u0101sa. Lai ieg\u016btu maksim\u0101lu rezult\u0101tu, ieteicams lietot kop\u0101 ar citiem MODO l\u012bnijas produktiem. Akt\u012bv\u0101s sast\u0101vda\u013cas: kombucha, cinka [&#8230;]\n","protected":false},"featured_media":91982,"template":"","meta":[],"product_cat":[1320],"product_tag":[],"class_list":{"0":"post-49804","1":"product","2":"type-product","3":"status-publish","4":"has-post-thumbnail","6":"product_brand-modum_by","7":"product_cat-sejas-kremi","9":"first","10":"instock","11":"taxable","12":"shipping-taxable","13":"product-type-simple"},"_links":{"self":[{"href":"https:\/\/e.kosmolat.eu\/lv\/wp-json\/wp\/v2\/product\/49804","targetHints":{"allow":["GET"]}}],"collection":[{"href":"https:\/\/e.kosmolat.eu\/lv\/wp-json\/wp\/v2\/product"}],"about":[{"href":"https:\/\/e.kosmolat.eu\/lv\/wp-json\/wp\/v2\/types\/product"}],"wp:featuredmedia":[{"embeddable":true,"href":"https:\/\/e.kosmolat.eu\/lv\/wp-json\/wp\/v2\/media\/91982"}],"wp:attachment":[{"href":"https:\/\/e.kosmolat.eu\/lv\/wp-json\/wp\/v2\/media?parent=49804"}],"wp:term":[{"taxonomy":"product_cat","embeddable":true,"href":"https:\/\/e.kosmolat.eu\/lv\/wp-json\/wp\/v2\/product_cat?post=49804"},{"taxonomy":"product_tag","embeddable":true,"href":"https:\/\/e.kosmolat.eu\/lv\/wp-json\/wp\/v2\/product_tag?post=49804"}],"curies":[{"name":"wp","href":"https:\/\/api.w.org\/{rel}","templated":true}]}}