{"id":49796,"date":"2024-04-16T04:07:09","date_gmt":"2024-04-16T04:07:09","guid":{"rendered":"https:\/\/e.kosmolat.eu\/product\/double-collagen-pro-acu-plakst-zeleja-patci-toniz-izgaismoj-25-g\/"},"modified":"2025-09-22T12:07:54","modified_gmt":"2025-09-22T12:07:54","slug":"double-collagen-pro-acu-plakst-zeleja-patci-toniz-izgaismoj-25-g","status":"publish","type":"product","link":"https:\/\/e.kosmolat.eu\/lv\/product\/double-collagen-pro-acu-plakst-zeleja-patci-toniz-izgaismoj-25-g\/","title":{"rendered":"Double Collagen Pro Acu plakst. \u017eeleja-pat\u010di Toniz. Izgaismoj., 25 g"},"content":{"rendered":"<p>Toniz\u0113jo&scaron;a \u017eeleja acu plaksti\u0146iem viegli izgaismo maigo \u0101du ap ac\u012bm. Produkta galven\u0101 sast\u0101vda\u013ca ir <strong>kolag\u0113ns,<\/strong> kas atbild par \u0101das elast\u012bbu un tvirtumu, pal\u012bdzot izl\u012bdzin\u0101t grumbas un nov\u0113r&scaron;ot jaunu par\u0101d\u012b&scaron;anos. Jaun\u0101 <strong>Double Collagen Pro formula<\/strong> uztur optim\u0101lu mitruma l\u012bmeni \u0101d\u0101. <strong>Niacinam\u012bds<\/strong> izl\u012bdzina \u0101das toni un stimul\u0113 kolag\u0113na ra\u017eo&scaron;anu, kas atbild par \u0101das jaun\u012bbu, bl\u012bvumu un vesel\u012bbu. V\u0113l viena svar\u012bga sast\u0101vda\u013ca ir <strong>kofe\u012bns,<\/strong> kas toniz\u0113 \u0101du un mazina piet\u016bkumu. Savuk\u0101rt <strong>za\u013c\u0101s kafijas ekstrakts<\/strong> atsvaidzina \u0101du un mazina tum&scaron;os lokus zem ac\u012bm.<\/p>\n<p><strong>Lieto&scaron;ana:<\/strong> viegl\u0101m punktveida kust\u012bb\u0101m uzkl\u0101jiet uz iepriek&scaron; att\u012br\u012btas \u0101das ap ac\u012bm, maigi iemas\u0113jiet, l\u012bdz piln\u012bb\u0101 uzs\u016bcas. Var lietot katru dienu no r\u012bta un vakar\u0101.<\/p>\n<p>Uzglab\u0101t temperat\u016br\u0101 no +5&deg;C l\u012bdz +25&deg;C. Nelietot p\u0113c der\u012bguma termi\u0146a beig\u0101m.<br \/>\n&nbsp;<\/p>\n","protected":false},"excerpt":{"rendered":"<p>Toniz\u0113jo&scaron;a \u017eeleja acu plaksti\u0146iem viegli izgaismo maigo \u0101du ap ac\u012bm. Produkta galven\u0101 sast\u0101vda\u013ca ir kolag\u0113ns, kas atbild par \u0101das elast\u012bbu un tvirtumu, pal\u012bdzot izl\u012bdzin\u0101t grumbas un nov\u0113r&scaron;ot jaunu par\u0101d\u012b&scaron;anos. Jaun\u0101 Double Collagen Pro formula uztur optim\u0101lu mitruma l\u012bmeni \u0101d\u0101. Niacinam\u012bds izl\u012bdzina \u0101das toni un stimul\u0113 kolag\u0113na ra\u017eo&scaron;anu, kas atbild par \u0101das jaun\u012bbu, bl\u012bvumu un vesel\u012bbu. [&#8230;]\n","protected":false},"featured_media":91978,"template":"","meta":[],"product_cat":[1588],"product_tag":[],"class_list":{"0":"post-49796","1":"product","2":"type-product","3":"status-publish","4":"has-post-thumbnail","6":"product_brand-modum_by","7":"product_cat-acu-kremi","9":"first","10":"instock","11":"taxable","12":"shipping-taxable","13":"product-type-simple"},"_links":{"self":[{"href":"https:\/\/e.kosmolat.eu\/lv\/wp-json\/wp\/v2\/product\/49796","targetHints":{"allow":["GET"]}}],"collection":[{"href":"https:\/\/e.kosmolat.eu\/lv\/wp-json\/wp\/v2\/product"}],"about":[{"href":"https:\/\/e.kosmolat.eu\/lv\/wp-json\/wp\/v2\/types\/product"}],"wp:featuredmedia":[{"embeddable":true,"href":"https:\/\/e.kosmolat.eu\/lv\/wp-json\/wp\/v2\/media\/91978"}],"wp:attachment":[{"href":"https:\/\/e.kosmolat.eu\/lv\/wp-json\/wp\/v2\/media?parent=49796"}],"wp:term":[{"taxonomy":"product_cat","embeddable":true,"href":"https:\/\/e.kosmolat.eu\/lv\/wp-json\/wp\/v2\/product_cat?post=49796"},{"taxonomy":"product_tag","embeddable":true,"href":"https:\/\/e.kosmolat.eu\/lv\/wp-json\/wp\/v2\/product_tag?post=49796"}],"curies":[{"name":"wp","href":"https:\/\/api.w.org\/{rel}","templated":true}]}}