{"id":49788,"date":"2024-04-16T04:06:57","date_gmt":"2024-04-16T04:06:57","guid":{"rendered":"https:\/\/e.kosmolat.eu\/product\/double-collagen-pro-sejas-serums-mitrinoss-25-g\/"},"modified":"2025-09-20T04:31:02","modified_gmt":"2025-09-20T04:31:02","slug":"double-collagen-pro-sejas-serums-mitrinoss-25-g","status":"publish","type":"product","link":"https:\/\/e.kosmolat.eu\/lv\/product\/double-collagen-pro-sejas-serums-mitrinoss-25-g\/","title":{"rendered":"Double Collagen Pro Sejas serums Mitrino\u0161s, 25 g"},"content":{"rendered":"<p>Mitrino&scaron;s sejas serums ir unik\u0101la kolag\u0113na, augu ekstraktu un \u0101dai visnoder\u012bg\u0101ko vitam\u012bnu kombin\u0101cija. Jaun\u0101 <strong>Double Collagen Pro formula<\/strong> aizsarg\u0101 \u0101du pret priek&scaron;laic\u012bgu noveco&scaron;anos, uzlabo \u0101das tvirtumu un redzami samazina grumbu par\u0101d\u012b&scaron;anos. <strong>A un E vitam\u012bni <\/strong>uzlabo \u0101das dabisk\u0101s aizsargfunkcijas un tiem piem\u012bt antioksidantu \u012bpa&scaron;\u012bbas. <strong>Niacinam\u012bds <\/strong>mitrina, uzlabo \u0101das tonusu un elast\u012bbu, k\u0101 ar\u012b c\u012bn\u0101s ar pinn\u0113m.<\/p>\n<p><strong>Lieto&scaron;ana: <\/strong>uzkl\u0101jiet nelielu seruma daudzumu uz iepriek&scaron; att\u012br\u012btas sejas \u0101das, izvairoties no acu zonas, un iemas\u0113jiet l\u012bdz tas piln\u012bb\u0101 uzs\u016bcas. Var izmantot k\u0101 grima b\u0101zi.<\/p>\n<p>Uzglab\u0101t temperat\u016br\u0101 no +5&deg;C l\u012bdz +25&deg;C. Nelietot p\u0113c der\u012bguma termi\u0146a beig\u0101m.<br \/>\n&nbsp;<\/p>\n","protected":false},"excerpt":{"rendered":"<p>Mitrino&scaron;s sejas serums ir unik\u0101la kolag\u0113na, augu ekstraktu un \u0101dai visnoder\u012bg\u0101ko vitam\u012bnu kombin\u0101cija. Jaun\u0101 Double Collagen Pro formula aizsarg\u0101 \u0101du pret priek&scaron;laic\u012bgu noveco&scaron;anos, uzlabo \u0101das tvirtumu un redzami samazina grumbu par\u0101d\u012b&scaron;anos. A un E vitam\u012bni uzlabo \u0101das dabisk\u0101s aizsargfunkcijas un tiem piem\u012bt antioksidantu \u012bpa&scaron;\u012bbas. Niacinam\u012bds mitrina, uzlabo \u0101das tonusu un elast\u012bbu, k\u0101 ar\u012b c\u012bn\u0101s ar [&#8230;]\n","protected":false},"featured_media":91958,"template":"","meta":[],"product_cat":[1325],"product_tag":[],"class_list":{"0":"post-49788","1":"product","2":"type-product","3":"status-publish","4":"has-post-thumbnail","6":"product_brand-modum_by","7":"product_cat-serumi","9":"first","10":"outofstock","11":"taxable","12":"shipping-taxable","13":"product-type-simple"},"_links":{"self":[{"href":"https:\/\/e.kosmolat.eu\/lv\/wp-json\/wp\/v2\/product\/49788","targetHints":{"allow":["GET"]}}],"collection":[{"href":"https:\/\/e.kosmolat.eu\/lv\/wp-json\/wp\/v2\/product"}],"about":[{"href":"https:\/\/e.kosmolat.eu\/lv\/wp-json\/wp\/v2\/types\/product"}],"wp:featuredmedia":[{"embeddable":true,"href":"https:\/\/e.kosmolat.eu\/lv\/wp-json\/wp\/v2\/media\/91958"}],"wp:attachment":[{"href":"https:\/\/e.kosmolat.eu\/lv\/wp-json\/wp\/v2\/media?parent=49788"}],"wp:term":[{"taxonomy":"product_cat","embeddable":true,"href":"https:\/\/e.kosmolat.eu\/lv\/wp-json\/wp\/v2\/product_cat?post=49788"},{"taxonomy":"product_tag","embeddable":true,"href":"https:\/\/e.kosmolat.eu\/lv\/wp-json\/wp\/v2\/product_tag?post=49788"}],"curies":[{"name":"wp","href":"https:\/\/api.w.org\/{rel}","templated":true}]}}