{"id":49760,"date":"2024-04-13T04:04:02","date_gmt":"2024-04-13T04:04:02","guid":{"rendered":"https:\/\/e.kosmolat.eu\/product\/modum-cult-antioksidanta-sejas-maska-75-g\/"},"modified":"2025-09-20T04:38:44","modified_gmt":"2025-09-20T04:38:44","slug":"modum-cult-antioksidanta-sejas-maska-75-g","status":"publish","type":"product","link":"https:\/\/e.kosmolat.eu\/lv\/product\/modum-cult-antioksidanta-sejas-maska-75-g\/","title":{"rendered":"MODUM CULT Antioksidanta sejas maska, 75 g"},"content":{"rendered":"<p>Pret pies\u0101r\u0146ojumu; mitrin\u0101&scaron;ana un grumbu izl\u012bdzin\u0101&scaron;anas efekts.&nbsp;Antioksidanta maska ir ide\u0101li piem\u0113rota pils\u0113tas iedz\u012bvot\u0101jiem un cilv\u0113kiem ar strauju dz\u012bves ritmu, kas pak\u013cauti stresam un nogurumam.<\/p>\n<ul>\n<li><strong>Biopept\u012bdu komplekss Peptilium&reg;<\/strong> ir augu izcelsmes retinola analogs, kam piem\u012bt grumbu izl\u012bdzin\u0101&scaron;anas efekts. Komplekss stimul\u0113 kolag\u0113na sint\u0113zi, pastiprina \u0101das antioksidantu aizsardz\u012bbu un pie&scaron;\u0137ir \u0101dai mirdzumu.<\/li>\n<li><strong>Me\u017eroz\u012b&scaron;u ekstrakts<\/strong> aizsarg\u0101 \u0101du pret ikdienas oksidat\u012bvo stresu un nov\u0113r&scaron; priek&scaron;laic\u012bgu noveco&scaron;anos.<\/li>\n<li><strong>Bisabolols un &Scaron;\u012b sviests<\/strong> mitrina \u0101du un tiem piem\u012bt nomierino&scaron;a un aizsarg\u0101jo&scaron;a iedarb\u012bba.<\/li>\n<li><strong>Da\u017e\u0101das molekulmasas hialuronsk\u0101be un pantenols <\/strong>piepilda \u0101du ar mitrumu, ne\u013cauj tai iz\u017e\u016bt un padara to gludu un mirdzo&scaron;u.<\/li>\n<\/ul>\n<p><strong>Lieto&scaron;ana: <\/strong>uzkl\u0101jiet uz t\u012bras sejas \u0101das uz 10 min\u016bt\u0113m. P\u0113c tam noskalojiet ar \u016bdeni. Ieteicams lietot 1-2 reizes ned\u0113\u013c\u0101.<\/p>\n<p>Uzglab\u0101t temperat\u016br\u0101 no +5 &deg;\u0421 l\u012bdz +25 &deg;\u0421.&nbsp;Nelietot p\u0113c der\u012bguma termi\u0146a beig\u0101m.<br \/>\n&nbsp;<\/p>\n","protected":false},"excerpt":{"rendered":"<p>Pret pies\u0101r\u0146ojumu; mitrin\u0101&scaron;ana un grumbu izl\u012bdzin\u0101&scaron;anas efekts.&nbsp;Antioksidanta maska ir ide\u0101li piem\u0113rota pils\u0113tas iedz\u012bvot\u0101jiem un cilv\u0113kiem ar strauju dz\u012bves ritmu, kas pak\u013cauti stresam un nogurumam. Biopept\u012bdu komplekss Peptilium&reg; ir augu izcelsmes retinola analogs, kam piem\u012bt grumbu izl\u012bdzin\u0101&scaron;anas efekts. Komplekss stimul\u0113 kolag\u0113na sint\u0113zi, pastiprina \u0101das antioksidantu aizsardz\u012bbu un pie&scaron;\u0137ir \u0101dai mirdzumu. Me\u017eroz\u012b&scaron;u ekstrakts aizsarg\u0101 \u0101du pret ikdienas [&#8230;]\n","protected":false},"featured_media":92046,"template":"","meta":[],"product_cat":[1367],"product_tag":[],"class_list":{"0":"post-49760","1":"product","2":"type-product","3":"status-publish","4":"has-post-thumbnail","6":"product_brand-modum_by","7":"product_cat-sejas-maskas","9":"first","10":"outofstock","11":"taxable","12":"shipping-taxable","13":"product-type-simple"},"_links":{"self":[{"href":"https:\/\/e.kosmolat.eu\/lv\/wp-json\/wp\/v2\/product\/49760","targetHints":{"allow":["GET"]}}],"collection":[{"href":"https:\/\/e.kosmolat.eu\/lv\/wp-json\/wp\/v2\/product"}],"about":[{"href":"https:\/\/e.kosmolat.eu\/lv\/wp-json\/wp\/v2\/types\/product"}],"wp:featuredmedia":[{"embeddable":true,"href":"https:\/\/e.kosmolat.eu\/lv\/wp-json\/wp\/v2\/media\/92046"}],"wp:attachment":[{"href":"https:\/\/e.kosmolat.eu\/lv\/wp-json\/wp\/v2\/media?parent=49760"}],"wp:term":[{"taxonomy":"product_cat","embeddable":true,"href":"https:\/\/e.kosmolat.eu\/lv\/wp-json\/wp\/v2\/product_cat?post=49760"},{"taxonomy":"product_tag","embeddable":true,"href":"https:\/\/e.kosmolat.eu\/lv\/wp-json\/wp\/v2\/product_tag?post=49760"}],"curies":[{"name":"wp","href":"https:\/\/api.w.org\/{rel}","templated":true}]}}