{"id":49728,"date":"2024-04-13T04:02:46","date_gmt":"2024-04-13T04:02:46","guid":{"rendered":"https:\/\/e.kosmolat.eu\/product\/double-collagen-pro-krems-fluids-sejai-un-dekolte-zonai-modelejoss-75-g\/"},"modified":"2025-09-20T04:36:04","modified_gmt":"2025-09-20T04:36:04","slug":"double-collagen-pro-krems-fluids-sejai-un-dekolte-zonai-modelejoss-75-g","status":"publish","type":"product","link":"https:\/\/e.kosmolat.eu\/lv\/product\/double-collagen-pro-krems-fluids-sejai-un-dekolte-zonai-modelejoss-75-g\/","title":{"rendered":"Double Collagen Pro Kr\u0113ms-flu\u012bds sejai un dekolt\u0113 zonai Model\u0113jo\u0161s, 75 g"},"content":{"rendered":"<p>Delik\u0101ts kr\u0113ms-flu\u012bds ar kolag\u0113nu nodro&scaron;in\u0101s J\u016bsu \u0101dai barojo&scaron;u un atsvaidzino&scaron;u efektu, \u0101da k\u013c\u016bs elast\u012bga, bl\u012bva un mirdzo&scaron;a. <strong>Jaun\u0101 Double Collagen Pro formula<\/strong> dzi\u013ci mitrina \u0101du, pie&scaron;\u0137ir tai vesel\u012bgu izskatu un izl\u012bdzina \u0101das toni. Produkts stimul\u0113 kolag\u0113na izstr\u0101di un aktiviz\u0113 atjauno&scaron;anas procesus. <strong>Niacinam\u012bds,<\/strong> kas paz\u012bstams ar sav\u0101m labv\u0113l\u012bgaj\u0101m \u012bpa&scaron;\u012bb\u0101m, mitrina, uzlabo \u0101das tonusu un elast\u012bbu, k\u0101 ar\u012b c\u012bn\u0101s ar pinn\u0113m. <strong>Glieme\u017eu muc\u012bns<\/strong> nov\u0113r&scaron; priek&scaron;laic\u012bgu \u0101das noveco&scaron;anos un grumbu par\u0101d\u012b&scaron;anos.<\/p>\n<p><strong>Lieto&scaron;ana:<\/strong> ar viegl\u0101m mas\u0101\u017eas kust\u012bb\u0101m uzkl\u0101t kr\u0113mu-flu\u012bdu uz iepriek&scaron; att\u012br\u012btas sejas un dekolt\u0113 zonas \u0101das. Var izmantot k\u0101 grima b\u0101zi.<\/p>\n<p>Uzglab\u0101t temperat\u016br\u0101 no +5&deg;C l\u012bdz +25&deg;C. Nelietot p\u0113c der\u012bguma termi\u0146a beig\u0101m.<\/p>\n","protected":false},"excerpt":{"rendered":"<p>Delik\u0101ts kr\u0113ms-flu\u012bds ar kolag\u0113nu nodro&scaron;in\u0101s J\u016bsu \u0101dai barojo&scaron;u un atsvaidzino&scaron;u efektu, \u0101da k\u013c\u016bs elast\u012bga, bl\u012bva un mirdzo&scaron;a. Jaun\u0101 Double Collagen Pro formula dzi\u013ci mitrina \u0101du, pie&scaron;\u0137ir tai vesel\u012bgu izskatu un izl\u012bdzina \u0101das toni. Produkts stimul\u0113 kolag\u0113na izstr\u0101di un aktiviz\u0113 atjauno&scaron;anas procesus. Niacinam\u012bds, kas paz\u012bstams ar sav\u0101m labv\u0113l\u012bgaj\u0101m \u012bpa&scaron;\u012bb\u0101m, mitrina, uzlabo \u0101das tonusu un elast\u012bbu, k\u0101 [&#8230;]\n","protected":false},"featured_media":92034,"template":"","meta":[],"product_cat":[1325],"product_tag":[],"class_list":{"0":"post-49728","1":"product","2":"type-product","3":"status-publish","4":"has-post-thumbnail","6":"product_brand-modum_by","7":"product_cat-serumi","9":"first","10":"outofstock","11":"taxable","12":"shipping-taxable","13":"product-type-simple"},"_links":{"self":[{"href":"https:\/\/e.kosmolat.eu\/lv\/wp-json\/wp\/v2\/product\/49728","targetHints":{"allow":["GET"]}}],"collection":[{"href":"https:\/\/e.kosmolat.eu\/lv\/wp-json\/wp\/v2\/product"}],"about":[{"href":"https:\/\/e.kosmolat.eu\/lv\/wp-json\/wp\/v2\/types\/product"}],"wp:featuredmedia":[{"embeddable":true,"href":"https:\/\/e.kosmolat.eu\/lv\/wp-json\/wp\/v2\/media\/92034"}],"wp:attachment":[{"href":"https:\/\/e.kosmolat.eu\/lv\/wp-json\/wp\/v2\/media?parent=49728"}],"wp:term":[{"taxonomy":"product_cat","embeddable":true,"href":"https:\/\/e.kosmolat.eu\/lv\/wp-json\/wp\/v2\/product_cat?post=49728"},{"taxonomy":"product_tag","embeddable":true,"href":"https:\/\/e.kosmolat.eu\/lv\/wp-json\/wp\/v2\/product_tag?post=49728"}],"curies":[{"name":"wp","href":"https:\/\/api.w.org\/{rel}","templated":true}]}}