{"id":49665,"date":"2024-04-12T04:31:16","date_gmt":"2024-04-12T04:31:16","guid":{"rendered":"https:\/\/e.kosmolat.eu\/product\/%d0%bca%d1%82cs%d1%83z%d1%89c%d0%b9-%d1%84ezca-modum-cult-50-n\/"},"modified":"2025-09-20T04:38:57","modified_gmt":"2025-09-20T04:38:57","slug":"modum-cult-matejoss-sejas-fluids-50-g","status":"publish","type":"product","link":"https:\/\/e.kosmolat.eu\/lv\/product\/modum-cult-matejoss-sejas-fluids-50-g\/","title":{"rendered":"MODUM CULT Mat\u0113jo\u0161s sejas flu\u012bds, 50 g"},"content":{"rendered":"<p>Piem\u0113rots kombin\u0113tai un taukainai \u0101dai. Diena\/nakts. Samazina taukainu sp\u012bdumu; atbalsta vesel\u012bgu mikrobiomu; pret pies\u0101r\u0146ojumu.Viegls flu\u012bds ir lieliski piem\u0113rots ikdienas \u0101das kop&scaron;anai.<\/p>\n<ul>\n<li><strong>Biopept\u012bdu komplekss Peptilium&reg;<\/strong> ir augu izcelsmes retinola analogs, kam piem\u012bt grumbu izl\u012bdzin\u0101&scaron;anas efekts. Komplekss stimul\u0113 kolag\u0113na sint\u0113zi, pastiprina \u0101das antioksidantu aizsardz\u012bbu un palielina epidermas biezumu.<\/li>\n<li><strong>Niacinam\u012bds <\/strong>regul\u0113 sebuma izstr\u0101di, samazina poras, izgaismo \u0101du, stimul\u0113 keram\u012bdu un kolag\u0113na sint\u0113zi un uztur vesel\u012bgu \u0101das mikrobiomu.<\/li>\n<li><strong>Skval\u0101ns <\/strong>aizkav\u0113 priek&scaron;laic\u012bgu \u0101das noveco&scaron;anos un aizsarg\u0101 pret negat\u012bvo apk\u0101rt\u0113j\u0101s vides ietekmi.<\/li>\n<li><strong>Hialuronsk\u0101be<\/strong> piepilda \u0101du ar mitrumu, ne\u013cauj tai iz\u017e\u016bt un padara to gludu un mirdzo&scaron;u.<\/li>\n<\/ul>\n<p><strong>Lieto&scaron;ana:<\/strong> uzkl\u0101t flu\u012bdu uz iepriek&scaron; att\u012br\u012btas sejas \u0101das ar viegl\u0101m mas\u0101\u017eas kust\u012bb\u0101m.<\/p>\n<p>Uzglab\u0101t temperat\u016br\u0101 no +5&deg;C l\u012bdz +25&deg;C.<br \/>\n&nbsp;<\/p>\n","protected":false},"excerpt":{"rendered":"<p>Piem\u0113rots kombin\u0113tai un taukainai \u0101dai. Diena\/nakts. Samazina taukainu sp\u012bdumu; atbalsta vesel\u012bgu mikrobiomu; pret pies\u0101r\u0146ojumu.Viegls flu\u012bds ir lieliski piem\u0113rots ikdienas \u0101das kop&scaron;anai. Biopept\u012bdu komplekss Peptilium&reg; ir augu izcelsmes retinola analogs, kam piem\u012bt grumbu izl\u012bdzin\u0101&scaron;anas efekts. Komplekss stimul\u0113 kolag\u0113na sint\u0113zi, pastiprina \u0101das antioksidantu aizsardz\u012bbu un palielina epidermas biezumu. Niacinam\u012bds regul\u0113 sebuma izstr\u0101di, samazina poras, izgaismo \u0101du, stimul\u0113 [&#8230;]\n","protected":false},"featured_media":92050,"template":"","meta":[],"product_cat":[1325],"product_tag":[],"class_list":{"0":"post-49665","1":"product","2":"type-product","3":"status-publish","4":"has-post-thumbnail","6":"product_brand-modum_by","7":"product_cat-serumi","9":"first","10":"outofstock","11":"taxable","12":"shipping-taxable","13":"product-type-simple"},"_links":{"self":[{"href":"https:\/\/e.kosmolat.eu\/lv\/wp-json\/wp\/v2\/product\/49665","targetHints":{"allow":["GET"]}}],"collection":[{"href":"https:\/\/e.kosmolat.eu\/lv\/wp-json\/wp\/v2\/product"}],"about":[{"href":"https:\/\/e.kosmolat.eu\/lv\/wp-json\/wp\/v2\/types\/product"}],"wp:featuredmedia":[{"embeddable":true,"href":"https:\/\/e.kosmolat.eu\/lv\/wp-json\/wp\/v2\/media\/92050"}],"wp:attachment":[{"href":"https:\/\/e.kosmolat.eu\/lv\/wp-json\/wp\/v2\/media?parent=49665"}],"wp:term":[{"taxonomy":"product_cat","embeddable":true,"href":"https:\/\/e.kosmolat.eu\/lv\/wp-json\/wp\/v2\/product_cat?post=49665"},{"taxonomy":"product_tag","embeddable":true,"href":"https:\/\/e.kosmolat.eu\/lv\/wp-json\/wp\/v2\/product_tag?post=49665"}],"curies":[{"name":"wp","href":"https:\/\/api.w.org\/{rel}","templated":true}]}}