{"id":49633,"date":"2024-04-12T04:27:07","date_gmt":"2024-04-12T04:27:07","guid":{"rendered":"https:\/\/e.kosmolat.eu\/product\/%d0%bc%d1%83eu%d1%82c%d0%ba%d0%be%d0%bc%d0%bfe%d0%b5%d0%ba%d1%81%d0%bda%d1%8f-%d1%81u%d0%b2%d0%bes%d0%be%d1%82%d0%baa-a%d0%bd%d1%82c%d1%81%d1%82s%d0%b5%d1%81%d1%81-modum-cult-30-n\/"},"modified":"2025-09-20T04:31:18","modified_gmt":"2025-09-20T04:31:18","slug":"modum-cult-multikompleksa-serums-antistress-30-g","status":"publish","type":"product","link":"https:\/\/e.kosmolat.eu\/lv\/product\/modum-cult-multikompleksa-serums-antistress-30-g\/","title":{"rendered":"MODUM CULT Multikompleksa serums Antistress, 30 g"},"content":{"rendered":"<p>Pal\u0113nina noveco&scaron;an\u0101s paz\u012bmes; pret pies\u0101r\u0146ojumu;&nbsp;pie&scaron;\u0137ir \u0101dai svaigumu un vesel\u012bgu mirdzumu.<\/p>\n<ul>\n<li><strong>Biopept\u012bdu komplekss Peptilium&reg;<\/strong> ir augu izcelsmes retinola analogs, kam piem\u012bt grumbu izl\u012bdzin\u0101&scaron;anas efekts. Komplekss stimul\u0113 kolag\u0113na sint\u0113zi, pastiprina \u0101das antioksidantu aizsardz\u012bbu, palielina epidermas biezumu un pie&scaron;\u0137ir \u0101dai mirdzumu.<\/li>\n<li><strong>\u012apa&scaron;a aminosk\u0101be<\/strong> nov\u0113r&scaron; mitruma zudumu, pasarg\u0101jot \u0101du no iz\u017e\u016b&scaron;anas, ko izraisa klimatiskais stress.<\/li>\n<li><strong>Da\u017e\u0101das molekulmasas hialuronsk\u0101be<\/strong> piepilda \u0101du ar mitrumu, izl\u012bdzina grumbas, uzlabo \u0101das barjerfunkcijas un padara \u0101du tvirtu un elast\u012bgu.<\/li>\n<li><strong>Kazenes un alvejas ekstrakti<\/strong> toniz\u0113 \u0101du, uzlabo &scaron;\u016bnu atjauno&scaron;anos un neitraliz\u0113 br\u012bvo radik\u0101\u013cu ietekmi, aizsarg\u0101jot \u0101du pret apk\u0101rt\u0113j\u0101s vides nelabv\u0113l\u012bgiem faktoriem.<\/li>\n<\/ul>\n<p><strong>Lieto&scaron;ana:<\/strong> uzkl\u0101jiet nelielu seruma daudzumu uz t\u012bras \u0101das, vienm\u0113r\u012bgi sadaliet ar pirkstu galiem vai izmantojiet mas\u0101\u017eas rull\u012bti.<\/p>\n<p>Uzglab\u0101t temperat\u016br\u0101 no +5 &deg;\u0421 l\u012bdz +25 &deg;\u0421.&nbsp;Nelietot p\u0113c der\u012bguma termi\u0146a beig\u0101m.<br \/>\n&nbsp;<\/p>\n","protected":false},"excerpt":{"rendered":"<p>Pal\u0113nina noveco&scaron;an\u0101s paz\u012bmes; pret pies\u0101r\u0146ojumu;&nbsp;pie&scaron;\u0137ir \u0101dai svaigumu un vesel\u012bgu mirdzumu. Biopept\u012bdu komplekss Peptilium&reg; ir augu izcelsmes retinola analogs, kam piem\u012bt grumbu izl\u012bdzin\u0101&scaron;anas efekts. Komplekss stimul\u0113 kolag\u0113na sint\u0113zi, pastiprina \u0101das antioksidantu aizsardz\u012bbu, palielina epidermas biezumu un pie&scaron;\u0137ir \u0101dai mirdzumu. \u012apa&scaron;a aminosk\u0101be nov\u0113r&scaron; mitruma zudumu, pasarg\u0101jot \u0101du no iz\u017e\u016b&scaron;anas, ko izraisa klimatiskais stress. Da\u017e\u0101das molekulmasas hialuronsk\u0101be piepilda [&#8230;]\n","protected":false},"featured_media":91962,"template":"","meta":[],"product_cat":[1325],"product_tag":[],"class_list":{"0":"post-49633","1":"product","2":"type-product","3":"status-publish","4":"has-post-thumbnail","6":"product_brand-modum_by","7":"product_cat-serumi","9":"first","10":"outofstock","11":"taxable","12":"shipping-taxable","13":"product-type-simple"},"_links":{"self":[{"href":"https:\/\/e.kosmolat.eu\/lv\/wp-json\/wp\/v2\/product\/49633","targetHints":{"allow":["GET"]}}],"collection":[{"href":"https:\/\/e.kosmolat.eu\/lv\/wp-json\/wp\/v2\/product"}],"about":[{"href":"https:\/\/e.kosmolat.eu\/lv\/wp-json\/wp\/v2\/types\/product"}],"wp:featuredmedia":[{"embeddable":true,"href":"https:\/\/e.kosmolat.eu\/lv\/wp-json\/wp\/v2\/media\/91962"}],"wp:attachment":[{"href":"https:\/\/e.kosmolat.eu\/lv\/wp-json\/wp\/v2\/media?parent=49633"}],"wp:term":[{"taxonomy":"product_cat","embeddable":true,"href":"https:\/\/e.kosmolat.eu\/lv\/wp-json\/wp\/v2\/product_cat?post=49633"},{"taxonomy":"product_tag","embeddable":true,"href":"https:\/\/e.kosmolat.eu\/lv\/wp-json\/wp\/v2\/product_tag?post=49633"}],"curies":[{"name":"wp","href":"https:\/\/api.w.org\/{rel}","templated":true}]}}