{"id":49621,"date":"2024-04-12T04:26:29","date_gmt":"2024-04-12T04:26:29","guid":{"rendered":"https:\/\/e.kosmolat.eu\/product\/mr-hd-pedu-krems-ar-25-urinv-75-ml\/"},"modified":"2026-04-10T08:33:14","modified_gmt":"2026-04-10T08:33:14","slug":"mr-hd-pedu-krems-ar-25-urinv-75-ml","status":"publish","type":"product","link":"https:\/\/e.kosmolat.eu\/lv\/product\/mr-hd-pedu-krems-ar-25-urinv-75-ml\/","title":{"rendered":"MR HD P\u0113du kr\u0113ms, ar 25% ur\u012bnv., 75 ml"},"content":{"rendered":"<p>P\u0113du kr\u0113ms ar 25% ur\u012bnvielu, &scaron;\u012b sviestu un lavandu. Nodro&scaron;ina efekt\u012bvu kop&scaron;anu sausai un saplais\u0101ju&scaron;ai p\u0113du \u0101dai. Formula ir bag\u0101tin\u0101ta ar D-pantenolu, kas m\u012bkstina \u0101du, &scaron;\u012b sviests baro un mitrina to. Regul\u0101ri lietojot, raupja un saplais\u0101jusi \u0101da k\u013c\u016bst maiga, gluda un elast\u012bga.<\/p>\n<p><strong>Akt\u012bv\u0101s sast\u0101vda\u013cas:<\/strong><\/p>\n<ul>\n<li>Ur\u012bnviela 25% &#8211; mitrina<\/li>\n<li>&Scaron;\u012b sviests &ndash; palielina elast\u012bbu<\/li>\n<li>E vitam\u012bns &ndash; mitrina<\/li>\n<li>D-Pantenols &ndash; m\u012bkstina<\/li>\n<li>Lavandas e\u013c\u013ca&nbsp;&ndash;&nbsp;dezodor\u0113<\/li>\n<\/ul>\n<p><strong>Lieto&scaron;ana:<\/strong> uzkl\u0101t uz t\u012bras un sausas \u0101das vienu vai divas reizes dien\u0101. Lai pa\u0101trin\u0101tu procesu, vannas laik\u0101 izmantot pumeka akmeni vai pap\u0113\u017ea v\u012bli, p\u0113c tam uzkl\u0101t biez\u0101 sl\u0101n\u012b raupjas \u0101das viet\u0101s. Lab\u0101kajam rezult\u0101tam izmantot kop\u0101 ar p\u0113du balzamu Foot Balm Macadamia &amp; Mint Oil.<br \/>\n&nbsp;<\/p>\n","protected":false},"excerpt":{"rendered":"<p>P\u0113du kr\u0113ms ar 25% ur\u012bnvielu, &scaron;\u012b sviestu un lavandu. Nodro&scaron;ina efekt\u012bvu kop&scaron;anu sausai un saplais\u0101ju&scaron;ai p\u0113du \u0101dai. Formula ir bag\u0101tin\u0101ta ar D-pantenolu, kas m\u012bkstina \u0101du, &scaron;\u012b sviests baro un mitrina to. Regul\u0101ri lietojot, raupja un saplais\u0101jusi \u0101da k\u013c\u016bst maiga, gluda un elast\u012bga. Akt\u012bv\u0101s sast\u0101vda\u013cas: Ur\u012bnviela 25% &#8211; mitrina &Scaron;\u012b sviests &ndash; palielina elast\u012bbu E vitam\u012bns [&#8230;]\n","protected":false},"featured_media":89434,"template":"","meta":[],"product_cat":[1763],"product_tag":[],"class_list":{"0":"post-49621","1":"product","2":"type-product","3":"status-publish","4":"has-post-thumbnail","6":"product_brand-rubella-bg","7":"product_cat-koju-prieziuros-kosmetika","9":"first","10":"instock","11":"taxable","12":"shipping-taxable","13":"product-type-simple"},"_links":{"self":[{"href":"https:\/\/e.kosmolat.eu\/lv\/wp-json\/wp\/v2\/product\/49621","targetHints":{"allow":["GET"]}}],"collection":[{"href":"https:\/\/e.kosmolat.eu\/lv\/wp-json\/wp\/v2\/product"}],"about":[{"href":"https:\/\/e.kosmolat.eu\/lv\/wp-json\/wp\/v2\/types\/product"}],"wp:featuredmedia":[{"embeddable":true,"href":"https:\/\/e.kosmolat.eu\/lv\/wp-json\/wp\/v2\/media\/89434"}],"wp:attachment":[{"href":"https:\/\/e.kosmolat.eu\/lv\/wp-json\/wp\/v2\/media?parent=49621"}],"wp:term":[{"taxonomy":"product_cat","embeddable":true,"href":"https:\/\/e.kosmolat.eu\/lv\/wp-json\/wp\/v2\/product_cat?post=49621"},{"taxonomy":"product_tag","embeddable":true,"href":"https:\/\/e.kosmolat.eu\/lv\/wp-json\/wp\/v2\/product_tag?post=49621"}],"curies":[{"name":"wp","href":"https:\/\/api.w.org\/{rel}","templated":true}]}}