{"id":49613,"date":"2024-04-12T04:26:11","date_gmt":"2024-04-12T04:26:11","guid":{"rendered":"https:\/\/e.kosmolat.eu\/product\/dental-zobu-birste-soft-care-kids-3\/"},"modified":"2024-10-18T13:00:41","modified_gmt":"2024-10-18T13:00:41","slug":"dental-zobu-birste-soft-care-kids-3","status":"publish","type":"product","link":"https:\/\/e.kosmolat.eu\/lv\/product\/dental-zobu-birste-soft-care-kids-3\/","title":{"rendered":"DENTAL Zobu birste Soft Care Kids, 3+"},"content":{"rendered":"<p>Zobu birste Soft Care Kids ir \u012bpa&scaron;i izstr\u0101d\u0101ta b\u0113rniem, \u013cauj maigi un r\u016bp\u012bgi izt\u012br\u012bt zobus. Maiga zobu birstes galvi\u0146a viegli piek\u013c\u016bst vis\u0101s gr\u016bti sasniedzam\u0101s viet\u0101s un pasarg\u0101 smaganas no traum\u0101m. M\u012bkstie un noapa\u013cotie saru k\u016bl\u012b&scaron;i aizsarg\u0101 b\u0113rnu smaganas un zobu emalju. Ergonomisks rokturis nodro&scaron;ina papildu komfortu. Izmantot tikai vec\u0101ku uzraudz\u012bb\u0101.<\/p>\n","protected":false},"excerpt":{"rendered":"<p>Zobu birste Soft Care Kids ir \u012bpa&scaron;i izstr\u0101d\u0101ta b\u0113rniem, \u013cauj maigi un r\u016bp\u012bgi izt\u012br\u012bt zobus. Maiga zobu birstes galvi\u0146a viegli piek\u013c\u016bst vis\u0101s gr\u016bti sasniedzam\u0101s viet\u0101s un pasarg\u0101 smaganas no traum\u0101m. M\u012bkstie un noapa\u013cotie saru k\u016bl\u012b&scaron;i aizsarg\u0101 b\u0113rnu smaganas un zobu emalju. Ergonomisks rokturis nodro&scaron;ina papildu komfortu. Izmantot tikai vec\u0101ku uzraudz\u012bb\u0101.<\/p>\n","protected":false},"featured_media":49617,"template":"","meta":[],"product_cat":[1337],"product_tag":[],"class_list":{"0":"post-49613","1":"product","2":"type-product","3":"status-publish","4":"has-post-thumbnail","6":"product_brand-rubella-inopharm-dental-deba-mistergroomer-topten-quackquack","7":"product_cat-burnos-higiena","9":"first","10":"outofstock","11":"taxable","12":"shipping-taxable","13":"product-type-simple"},"_links":{"self":[{"href":"https:\/\/e.kosmolat.eu\/lv\/wp-json\/wp\/v2\/product\/49613","targetHints":{"allow":["GET"]}}],"collection":[{"href":"https:\/\/e.kosmolat.eu\/lv\/wp-json\/wp\/v2\/product"}],"about":[{"href":"https:\/\/e.kosmolat.eu\/lv\/wp-json\/wp\/v2\/types\/product"}],"wp:featuredmedia":[{"embeddable":true,"href":"https:\/\/e.kosmolat.eu\/lv\/wp-json\/wp\/v2\/media\/49617"}],"wp:attachment":[{"href":"https:\/\/e.kosmolat.eu\/lv\/wp-json\/wp\/v2\/media?parent=49613"}],"wp:term":[{"taxonomy":"product_cat","embeddable":true,"href":"https:\/\/e.kosmolat.eu\/lv\/wp-json\/wp\/v2\/product_cat?post=49613"},{"taxonomy":"product_tag","embeddable":true,"href":"https:\/\/e.kosmolat.eu\/lv\/wp-json\/wp\/v2\/product_tag?post=49613"}],"curies":[{"name":"wp","href":"https:\/\/api.w.org\/{rel}","templated":true}]}}