{"id":49605,"date":"2024-04-12T04:25:54","date_gmt":"2024-04-12T04:25:54","guid":{"rendered":"https:\/\/e.kosmolat.eu\/product\/inoph-pe-ella-sejai-un-kaklam-ar-rozes-un-argana-bioel-30-ml\/"},"modified":"2026-03-23T15:08:51","modified_gmt":"2026-03-23T15:08:51","slug":"inoph-pe-ella-sejai-un-kaklam-ar-rozes-un-argana-bioel-30-ml","status":"publish","type":"product","link":"https:\/\/e.kosmolat.eu\/lv\/product\/inoph-pe-ella-sejai-un-kaklam-ar-rozes-un-argana-bioel-30-ml\/","title":{"rendered":"INOPH.PE E\u013c\u013ca sejai un kaklam ar rozes un arg\u0101na bioe\u013c., 30 ml"},"content":{"rendered":"<p>Bag\u0101t\u012bga formula: barojo\u0161as ro\u017eu un arg\u0101na bioe\u013c\u013cas.<\/p>\n<p>Intens\u012bva atjaunojo\u0161a terapija ar bioe\u013c\u013cu kompleksu. Aizsarg\u0101 \u0101du no br\u012bvajiem radik\u0101\u013ciem, veicinot \u0101das atjauno\u0161anos un pal\u0113ninot noveco\u0161an\u0101s procesus.<\/p>\n<p><strong>Lieto\u0161ana:<\/strong>&nbsp;uzkl\u0101t uz sejas un kakla \u0101das, mas\u0113t l\u012bdz t\u0101 piln\u012bb\u0101 uzs\u016bcas.&nbsp;Ja nok\u013c\u016bst ac\u012bs, r\u016bp\u012bgi izskalojiet ar \u016bdeni.<\/p>\n","protected":false},"excerpt":{"rendered":"<p>Bag\u0101t\u012bga formula: barojo\u0161as ro\u017eu un arg\u0101na bioe\u013c\u013cas. Intens\u012bva atjaunojo\u0161a terapija ar bioe\u013c\u013cu kompleksu. Aizsarg\u0101 \u0101du no br\u012bvajiem radik\u0101\u013ciem, veicinot \u0101das atjauno\u0161anos un pal\u0113ninot noveco\u0161an\u0101s procesus. Lieto\u0161ana:&nbsp;uzkl\u0101t uz sejas un kakla \u0101das, mas\u0113t l\u012bdz t\u0101 piln\u012bb\u0101 uzs\u016bcas.&nbsp;Ja nok\u013c\u016bst ac\u012bs, r\u016bp\u012bgi izskalojiet ar \u016bdeni.<\/p>\n","protected":false},"featured_media":99574,"template":"","meta":[],"product_cat":[1597],"product_tag":[],"class_list":{"0":"post-49605","1":"product","2":"type-product","3":"status-publish","4":"has-post-thumbnail","6":"product_brand-rubella-bg","7":"product_cat-ellas-un-citi-specialie-lidzekli","9":"first","10":"instock","11":"taxable","12":"shipping-taxable","13":"product-type-simple"},"_links":{"self":[{"href":"https:\/\/e.kosmolat.eu\/lv\/wp-json\/wp\/v2\/product\/49605","targetHints":{"allow":["GET"]}}],"collection":[{"href":"https:\/\/e.kosmolat.eu\/lv\/wp-json\/wp\/v2\/product"}],"about":[{"href":"https:\/\/e.kosmolat.eu\/lv\/wp-json\/wp\/v2\/types\/product"}],"wp:featuredmedia":[{"embeddable":true,"href":"https:\/\/e.kosmolat.eu\/lv\/wp-json\/wp\/v2\/media\/99574"}],"wp:attachment":[{"href":"https:\/\/e.kosmolat.eu\/lv\/wp-json\/wp\/v2\/media?parent=49605"}],"wp:term":[{"taxonomy":"product_cat","embeddable":true,"href":"https:\/\/e.kosmolat.eu\/lv\/wp-json\/wp\/v2\/product_cat?post=49605"},{"taxonomy":"product_tag","embeddable":true,"href":"https:\/\/e.kosmolat.eu\/lv\/wp-json\/wp\/v2\/product_tag?post=49605"}],"curies":[{"name":"wp","href":"https:\/\/api.w.org\/{rel}","templated":true}]}}