{"id":49597,"date":"2024-04-11T04:03:59","date_gmt":"2024-04-11T04:03:59","guid":{"rendered":"https:\/\/e.kosmolat.eu\/product\/higienica-kosmetisk-pretpedikulozes-putas-100-ml\/"},"modified":"2026-04-28T08:50:47","modified_gmt":"2026-04-28T08:50:47","slug":"higienica-kosmetisk-pretpedikulozes-putas-100-ml","status":"publish","type":"product","link":"https:\/\/e.kosmolat.eu\/lv\/product\/higienica-kosmetisk-pretpedikulozes-putas-100-ml\/","title":{"rendered":"HIGIENICA Kosm\u0113tisk. pretpedikulozes putas, 100 ml"},"content":{"rendered":"<p>Komplekt\u0101 ietilpst \u0137emme.<\/p>\n<p><strong>Priek&scaron;roc\u012bbas:<\/strong><\/p>\n<ul>\n<li>Viegli uzkl\u0101jamas;<\/li>\n<li>Viegli nomazg\u0101jamas;<\/li>\n<li>Maiga tekst\u016bra;<\/li>\n<li>Nav nepat\u012bkamas smakas;<\/li>\n<li>Nesatur \u0137\u012bmisk\u0101s vai biolo\u0123iski akt\u012bvas \u0137\u012bmisk\u0101s vielas;<\/li>\n<li>Nesatur &scaron;\u0137\u012bdin\u0101t\u0101jus, kas var rad\u012bt probl\u0113mas cilv\u0113kiem, kas cie&scaron; &nbsp;no astmas.<\/li>\n<\/ul>\n<p><strong>Lieto&scaron;ana: <\/strong>pirms lieto&scaron;anas sakratiet pudeli un uzkl\u0101jiet putas uz rok\u0101m, p\u0113c tam uz matiem no sakn\u0113m l\u012bdz galiem. Iz\u017e\u0101v\u0113jiet matus ar f\u0113nu vai \u013caujiet matiem iz\u017e\u016bt pa&scaron;iem. Atst\u0101jiet uz nakti vai visu dienu, izturot vismaz 8 stundas. Izskalojiet matus k\u0101 parasti. Lai pan\u0101ktu lab\u0101ku efektu, atk\u0101rtojiet p\u0113c 7 dien\u0101m. Piem\u0113rots 4 lietojumiem.<\/p>\n<p><strong>Piesardz\u012bbas pas\u0101kumi:<\/strong> vienm\u0113r turiet matus prom no atkl\u0101tas liesmas. Nelietot, ja ir paaugstin\u0101ta jut\u012bba pret k\u0101du no sast\u0101vda\u013c\u0101m. Ja par\u0101d\u0101s izsitumi vai citas aler\u0123iskas reakcijas paz\u012bmes, p\u0101rtrauciet lieto&scaron;anu. Nomazg\u0101jiet matus un galvas \u0101du ar \u016bdeni un &scaron;amp\u016bnu un mekl\u0113jiet medic\u012bnisko pal\u012bdz\u012bbu. Neuzkl\u0101t uz boj\u0101tas \u0101das. Ja nok\u013c\u016bst ac\u012bs, izskalot ar \u016bdeni. Ja nep\u0101riet kairin\u0101jums, mekl\u0113jiet medic\u012bnisko pal\u012bdz\u012bbu. Tikai \u0101r\u012bgai lieto&scaron;anai. Daudzreiz lietojams produkts.<\/p>\n<p>Uzglab\u0101t temperat\u016br\u0101 ne augst\u0101k k\u0101 + 25&deg;C, tikai ori\u0123in\u0101laj\u0101 iepakojum\u0101. Uzglab\u0101t b\u0113rniem nepieejam\u0101 viet\u0101. Nelietot p\u0113c der\u012bguma termi\u0146a beig\u0101m, kas nor\u0101d\u012bts uz iepakojuma.<br \/>\n&nbsp;<\/p>\n","protected":false},"excerpt":{"rendered":"<p>Komplekt\u0101 ietilpst \u0137emme. Priek&scaron;roc\u012bbas: Viegli uzkl\u0101jamas; Viegli nomazg\u0101jamas; Maiga tekst\u016bra; Nav nepat\u012bkamas smakas; Nesatur \u0137\u012bmisk\u0101s vai biolo\u0123iski akt\u012bvas \u0137\u012bmisk\u0101s vielas; Nesatur &scaron;\u0137\u012bdin\u0101t\u0101jus, kas var rad\u012bt probl\u0113mas cilv\u0113kiem, kas cie&scaron; &nbsp;no astmas. Lieto&scaron;ana: pirms lieto&scaron;anas sakratiet pudeli un uzkl\u0101jiet putas uz rok\u0101m, p\u0113c tam uz matiem no sakn\u0113m l\u012bdz galiem. Iz\u017e\u0101v\u0113jiet matus ar f\u0113nu vai \u013caujiet [&#8230;]\n","protected":false},"featured_media":92466,"template":"","meta":[],"product_cat":[2181],"product_tag":[],"class_list":{"0":"post-49597","1":"product","2":"type-product","3":"status-publish","4":"has-post-thumbnail","6":"product_brand-sale","7":"product_cat-bez-kategorijas-lt","9":"first","10":"instock","11":"taxable","12":"shipping-taxable","13":"product-type-simple"},"_links":{"self":[{"href":"https:\/\/e.kosmolat.eu\/lv\/wp-json\/wp\/v2\/product\/49597","targetHints":{"allow":["GET"]}}],"collection":[{"href":"https:\/\/e.kosmolat.eu\/lv\/wp-json\/wp\/v2\/product"}],"about":[{"href":"https:\/\/e.kosmolat.eu\/lv\/wp-json\/wp\/v2\/types\/product"}],"wp:featuredmedia":[{"embeddable":true,"href":"https:\/\/e.kosmolat.eu\/lv\/wp-json\/wp\/v2\/media\/92466"}],"wp:attachment":[{"href":"https:\/\/e.kosmolat.eu\/lv\/wp-json\/wp\/v2\/media?parent=49597"}],"wp:term":[{"taxonomy":"product_cat","embeddable":true,"href":"https:\/\/e.kosmolat.eu\/lv\/wp-json\/wp\/v2\/product_cat?post=49597"},{"taxonomy":"product_tag","embeddable":true,"href":"https:\/\/e.kosmolat.eu\/lv\/wp-json\/wp\/v2\/product_tag?post=49597"}],"curies":[{"name":"wp","href":"https:\/\/api.w.org\/{rel}","templated":true}]}}