{"id":49589,"date":"2024-04-11T04:03:43","date_gmt":"2024-04-11T04:03:43","guid":{"rendered":"https:\/\/e.kosmolat.eu\/product\/higienica-plus-kosmetisk-pretpedikulozes-losjons-60-ml\/"},"modified":"2026-03-20T08:44:06","modified_gmt":"2026-03-20T08:44:06","slug":"higienica-plus-kosmetisk-pretpedikulozes-losjons-60-ml","status":"publish","type":"product","link":"https:\/\/e.kosmolat.eu\/lv\/product\/higienica-plus-kosmetisk-pretpedikulozes-losjons-60-ml\/","title":{"rendered":"HIGIENICA PLUS Kosm\u0113tisk. pretpedikulozes losjons, 60 ml"},"content":{"rendered":"<p>Komplekt\u0101 ietilpst \u0137emme.<\/p>\n<p>L\u012bdzeklis nesatur \u0137\u012bmisk\u0101s vai biolo\u0123iski akt\u012bvas \u0137\u012bmisk\u0101s vielas. Satur dimetikonu. Dro&scaron;s b\u0113rniem l\u012bdz 3 gadu vecumam, gr\u016btniec\u0113m un z\u012bd\u012bt\u0101j\u0101m, k\u0101 ar\u012b cilv\u0113kiem ar astmu.<\/p>\n<p><strong>Lieto&scaron;anas instrukcija:<\/strong><\/p>\n<ol>\n<li>Sagatavo&scaron;an\u0101s: Pirms lieto&scaron;anas p\u0101rkl\u0101jiet plecus ar dvieli.<\/li>\n<li>Sakratiet pudeli pirms lieto&scaron;anas, sadaliet matus &scaron;\u0137ipsn\u0101s un uzkl\u0101jiet losjonu uz katras &scaron;\u0137ipsnas no sakn\u0113m l\u012bdz galiem, l\u012bdz tiek apstr\u0101d\u0101ta visa galva. Svar\u012bgi, lai produkts non\u0101ktu l\u012bdz matu sakn\u0113m. \u012apa&scaron;i svar\u012bgas vietas ir aiz aus\u012bm un kakla zon\u0101.<\/li>\n<li>Iemas\u0113jiet galvas \u0101d\u0101 un matos, l\u012bdz produkts piln\u012bb\u0101 uzs\u016bcas.<\/li>\n<li>Atst\u0101jiet iedarboties uz 1 stundu.<\/li>\n<li>Sadaliet matus \u010detr\u0101s 4-5 cm plat\u0101s &scaron;\u0137ipsn\u0101s. S\u0101ciet \u0137emm\u0113t katru &scaron;\u0137ipsnu ar vienm\u0113r\u012bg\u0101m kust\u012bb\u0101m no galvas sakn\u0113m l\u012bdz&nbsp;galiem, izmantojot \u0137emmi, kas&nbsp;ir iek\u013cauta komplekt\u0101. Pirms p\u0101r\u0113jo &scaron;\u0137ipsnu \u0137emm\u0113&scaron;anas uzs\u0101k&scaron;anas ir nepiecie&scaron;ams att\u012br\u012bt \u0137emmi.&nbsp;<\/li>\n<li>R\u016bp\u012bgi izskalojiet matus ar siltu \u016bdeni un &scaron;amp\u016bnu.<\/li>\n<li>Atk\u0101rtojiet proced\u016bru p\u0113c ned\u0113\u013cas. Produktu ieteicams lietot katru ned\u0113\u013cu tr\u012bs ned\u0113\u013cas garum\u0101.<\/li>\n<\/ol>\n<p><strong>Piesardz\u012bbas pas\u0101kumi:<\/strong><\/p>\n<ul>\n<li>L\u012bdzekli var izmantot atk\u0101rtoti;<\/li>\n<li>Izvair\u012bties no saskares ar ac\u012bm. Ja nok\u013c\u016bst ac\u012bs, r\u016bp\u012bgi izskalot ar \u016bdeni.<\/li>\n<li>Nelietot b\u0113rniem l\u012bdz 3 gadu vecumam.<\/li>\n<\/ul>\n<p>Uzglab\u0101t temperat\u016br\u0101 ne augst\u0101k k\u0101 + 25&deg;C, tikai ori\u0123in\u0101laj\u0101 iepakojum\u0101. Uzglab\u0101t b\u0113rniem nepieejam\u0101 viet\u0101. Nelietot p\u0113c der\u012bguma termi\u0146a beig\u0101m, kas nor\u0101d\u012bts uz iepakojuma.<br \/>\n&nbsp;<\/p>\n","protected":false},"excerpt":{"rendered":"<p>Komplekt\u0101 ietilpst \u0137emme. L\u012bdzeklis nesatur \u0137\u012bmisk\u0101s vai biolo\u0123iski akt\u012bvas \u0137\u012bmisk\u0101s vielas. Satur dimetikonu. Dro&scaron;s b\u0113rniem l\u012bdz 3 gadu vecumam, gr\u016btniec\u0113m un z\u012bd\u012bt\u0101j\u0101m, k\u0101 ar\u012b cilv\u0113kiem ar astmu. Lieto&scaron;anas instrukcija: Sagatavo&scaron;an\u0101s: Pirms lieto&scaron;anas p\u0101rkl\u0101jiet plecus ar dvieli. Sakratiet pudeli pirms lieto&scaron;anas, sadaliet matus &scaron;\u0137ipsn\u0101s un uzkl\u0101jiet losjonu uz katras &scaron;\u0137ipsnas no sakn\u0113m l\u012bdz galiem, l\u012bdz tiek [&#8230;]\n","protected":false},"featured_media":92462,"template":"","meta":[],"product_cat":[2181],"product_tag":[],"class_list":{"0":"post-49589","1":"product","2":"type-product","3":"status-publish","4":"has-post-thumbnail","6":"product_brand-sale","7":"product_cat-bez-kategorijas-lt","9":"first","10":"instock","11":"taxable","12":"shipping-taxable","13":"product-type-simple"},"_links":{"self":[{"href":"https:\/\/e.kosmolat.eu\/lv\/wp-json\/wp\/v2\/product\/49589","targetHints":{"allow":["GET"]}}],"collection":[{"href":"https:\/\/e.kosmolat.eu\/lv\/wp-json\/wp\/v2\/product"}],"about":[{"href":"https:\/\/e.kosmolat.eu\/lv\/wp-json\/wp\/v2\/types\/product"}],"wp:featuredmedia":[{"embeddable":true,"href":"https:\/\/e.kosmolat.eu\/lv\/wp-json\/wp\/v2\/media\/92462"}],"wp:attachment":[{"href":"https:\/\/e.kosmolat.eu\/lv\/wp-json\/wp\/v2\/media?parent=49589"}],"wp:term":[{"taxonomy":"product_cat","embeddable":true,"href":"https:\/\/e.kosmolat.eu\/lv\/wp-json\/wp\/v2\/product_cat?post=49589"},{"taxonomy":"product_tag","embeddable":true,"href":"https:\/\/e.kosmolat.eu\/lv\/wp-json\/wp\/v2\/product_tag?post=49589"}],"curies":[{"name":"wp","href":"https:\/\/api.w.org\/{rel}","templated":true}]}}