{"id":49581,"date":"2024-04-11T04:03:31","date_gmt":"2024-04-11T04:03:31","guid":{"rendered":"https:\/\/e.kosmolat.eu\/product\/%d0%bas%d0%b5%d0%bc-ae%d1%8f-ecoa-modum-%d0%baea%d1%81%d1%81c%d0%baa-%d0%bfc%d1%82a%d1%82%d0%b5eu%d0%bdu%d0%b9-%d1%81%d0%bf%d0%b5s%d0%bcao%d0%b5%d1%82%d0%be%d0%b2u%d0%b9-50-n\/"},"modified":"2025-09-20T04:34:23","modified_gmt":"2025-09-20T04:34:23","slug":"modum-klasika-sejas-kr-barojoss-spermaceta-50-g","status":"publish","type":"product","link":"https:\/\/e.kosmolat.eu\/lv\/product\/modum-klasika-sejas-kr-barojoss-spermaceta-50-g\/","title":{"rendered":"MODUM KLASIKA Sejas kr. Barojo\u0161s Spermaceta, 50 g"},"content":{"rendered":"<p>Kr\u0113ms ar maigu tekst\u016bru lieliski kopj \u0101du, nov\u0113r&scaron;ot dehidrat\u0101ciju, lob\u012b&scaron;anos un sasprindzin\u0101juma saj\u016btu. Tas labi sadal\u0101s, \u0101tri uzs\u016bcas un neatst\u0101j taukainu sp\u012bdumu. Cetilpalmit\u0101ts, kam piem\u012bt mitrumu aizturo&scaron;as \u012bpa&scaron;\u012bbas, lieliski m\u012bkstina un izl\u012bdzina \u0101du. Savuk\u0101rt E vitam\u012bns saglab\u0101 \u0101das jaun\u012bbu.&nbsp;Piem\u0113rots visiem \u0101das tipiem. Nesatur m\u0101ksl\u012bgas kr\u0101svielas un dz\u012bvnieku izcelsmes sast\u0101vda\u013cas.<\/p>\n<p><strong>Lieto&scaron;ana: <\/strong>uzkl\u0101t kr\u0113mu uz t\u012bras sausas sejas un kakla \u0101das. Nelietot p\u0113c der\u012bguma termi\u0146a beig\u0101m.<\/p>\n<p>Uzglab\u0101t temperat\u016br\u0101 no +5&deg;C l\u012bdz +25&deg;C.<br \/>\n&nbsp;<\/p>\n","protected":false},"excerpt":{"rendered":"<p>Kr\u0113ms ar maigu tekst\u016bru lieliski kopj \u0101du, nov\u0113r&scaron;ot dehidrat\u0101ciju, lob\u012b&scaron;anos un sasprindzin\u0101juma saj\u016btu. Tas labi sadal\u0101s, \u0101tri uzs\u016bcas un neatst\u0101j taukainu sp\u012bdumu. Cetilpalmit\u0101ts, kam piem\u012bt mitrumu aizturo&scaron;as \u012bpa&scaron;\u012bbas, lieliski m\u012bkstina un izl\u012bdzina \u0101du. Savuk\u0101rt E vitam\u012bns saglab\u0101 \u0101das jaun\u012bbu.&nbsp;Piem\u0113rots visiem \u0101das tipiem. Nesatur m\u0101ksl\u012bgas kr\u0101svielas un dz\u012bvnieku izcelsmes sast\u0101vda\u013cas. Lieto&scaron;ana: uzkl\u0101t kr\u0113mu uz t\u012bras sausas [&#8230;]\n","protected":false},"featured_media":92010,"template":"","meta":[],"product_cat":[1320],"product_tag":[],"class_list":{"0":"post-49581","1":"product","2":"type-product","3":"status-publish","4":"has-post-thumbnail","6":"product_brand-modum_by","7":"product_cat-sejas-kremi","9":"first","10":"outofstock","11":"taxable","12":"shipping-taxable","13":"product-type-simple"},"_links":{"self":[{"href":"https:\/\/e.kosmolat.eu\/lv\/wp-json\/wp\/v2\/product\/49581","targetHints":{"allow":["GET"]}}],"collection":[{"href":"https:\/\/e.kosmolat.eu\/lv\/wp-json\/wp\/v2\/product"}],"about":[{"href":"https:\/\/e.kosmolat.eu\/lv\/wp-json\/wp\/v2\/types\/product"}],"wp:featuredmedia":[{"embeddable":true,"href":"https:\/\/e.kosmolat.eu\/lv\/wp-json\/wp\/v2\/media\/92010"}],"wp:attachment":[{"href":"https:\/\/e.kosmolat.eu\/lv\/wp-json\/wp\/v2\/media?parent=49581"}],"wp:term":[{"taxonomy":"product_cat","embeddable":true,"href":"https:\/\/e.kosmolat.eu\/lv\/wp-json\/wp\/v2\/product_cat?post=49581"},{"taxonomy":"product_tag","embeddable":true,"href":"https:\/\/e.kosmolat.eu\/lv\/wp-json\/wp\/v2\/product_tag?post=49581"}],"curies":[{"name":"wp","href":"https:\/\/api.w.org\/{rel}","templated":true}]}}