{"id":49533,"date":"2024-04-10T04:09:34","date_gmt":"2024-04-10T04:09:34","guid":{"rendered":"https:\/\/e.kosmolat.eu\/product\/modum-klasika-pienins-makijazas-nonems-auzu-200-ml\/"},"modified":"2025-09-20T04:30:29","modified_gmt":"2025-09-20T04:30:29","slug":"modum-klasika-pienins-makijazas-nonems-auzu-200-ml","status":"publish","type":"product","link":"https:\/\/e.kosmolat.eu\/lv\/product\/modum-klasika-pienins-makijazas-nonems-auzu-200-ml\/","title":{"rendered":"MODUM KLASIKA Pieni\u0146s makij\u0101zas no\u0146em\u0161. Auzu, 200 ml"},"content":{"rendered":"<p>Maigi att\u012bra \u0101du, no\u0146emot dekorat\u012bv\u0101s kosm\u0113tikas p\u0113das. Piei\u0146&scaron; ir bag\u0101tin\u0101ts ar auzu ekstraktu, kas pal\u012bdz mazin\u0101t diskomfortu un nomierina \u0101du, nov\u0113r&scaron;ot sausumu. Auz\u0101m, pateicoties augstam v\u0113rt\u012bgo bioakt\u012bvo vielu procentu\u0101lajam daudzumam, piem\u012bt antioksidanta \u012bpa&scaron;\u012bbas &ndash; t\u0101s kav\u0113 oksidat\u012bv\u0101 stresa att\u012bst\u012bbu, t\u0101m piem\u012bt pretnoveco&scaron;anas \u012bpa&scaron;\u012bbas, k\u0101 ar\u012b t\u0101s uzlabo \u0101das elast\u012bbu. Pateicoties alvejas ekstrakta mitrumu aizturo&scaron;\u0101m \u012bpa&scaron;\u012bb\u0101m, \u0101da k\u013c\u016bst elast\u012bg\u0101ka. Piem\u0113rots visiem \u0101das tipiem. Piem\u0113rots ikdienas lieto&scaron;anai.<\/p>\n<p><strong>Lieto&scaron;ana:<\/strong> uzkl\u0101jiet pieni\u0146u uz sejas ar vates diska pal\u012bdz\u012bbu un k\u0101rt\u012bgi no\u0146emiet makij\u0101\u017eu. Noskalojiet l\u012bdzek\u013ca atlikumus ar \u016bdeni.&nbsp;<\/p>\n<p>Nelietot p\u0113c der\u012bguma termi\u0146a beig\u0101m.&nbsp;Uzglab\u0101t temperat\u016br\u0101 no +5 &deg;\u0421 l\u012bdz +25 &deg;\u0421.<br \/>\n&nbsp;<\/p>\n","protected":false},"excerpt":{"rendered":"<p>Maigi att\u012bra \u0101du, no\u0146emot dekorat\u012bv\u0101s kosm\u0113tikas p\u0113das. Piei\u0146&scaron; ir bag\u0101tin\u0101ts ar auzu ekstraktu, kas pal\u012bdz mazin\u0101t diskomfortu un nomierina \u0101du, nov\u0113r&scaron;ot sausumu. Auz\u0101m, pateicoties augstam v\u0113rt\u012bgo bioakt\u012bvo vielu procentu\u0101lajam daudzumam, piem\u012bt antioksidanta \u012bpa&scaron;\u012bbas &ndash; t\u0101s kav\u0113 oksidat\u012bv\u0101 stresa att\u012bst\u012bbu, t\u0101m piem\u012bt pretnoveco&scaron;anas \u012bpa&scaron;\u012bbas, k\u0101 ar\u012b t\u0101s uzlabo \u0101das elast\u012bbu. Pateicoties alvejas ekstrakta mitrumu aizturo&scaron;\u0101m \u012bpa&scaron;\u012bb\u0101m, [&#8230;]\n","protected":false},"featured_media":91950,"template":"","meta":[],"product_cat":[1572],"product_tag":[],"class_list":{"0":"post-49533","1":"product","2":"type-product","3":"status-publish","4":"has-post-thumbnail","6":"product_brand-modum_by","7":"product_cat-pienini-un-ellas","9":"first","10":"outofstock","11":"taxable","12":"shipping-taxable","13":"product-type-simple"},"_links":{"self":[{"href":"https:\/\/e.kosmolat.eu\/lv\/wp-json\/wp\/v2\/product\/49533","targetHints":{"allow":["GET"]}}],"collection":[{"href":"https:\/\/e.kosmolat.eu\/lv\/wp-json\/wp\/v2\/product"}],"about":[{"href":"https:\/\/e.kosmolat.eu\/lv\/wp-json\/wp\/v2\/types\/product"}],"wp:featuredmedia":[{"embeddable":true,"href":"https:\/\/e.kosmolat.eu\/lv\/wp-json\/wp\/v2\/media\/91950"}],"wp:attachment":[{"href":"https:\/\/e.kosmolat.eu\/lv\/wp-json\/wp\/v2\/media?parent=49533"}],"wp:term":[{"taxonomy":"product_cat","embeddable":true,"href":"https:\/\/e.kosmolat.eu\/lv\/wp-json\/wp\/v2\/product_cat?post=49533"},{"taxonomy":"product_tag","embeddable":true,"href":"https:\/\/e.kosmolat.eu\/lv\/wp-json\/wp\/v2\/product_tag?post=49533"}],"curies":[{"name":"wp","href":"https:\/\/api.w.org\/{rel}","templated":true}]}}