{"id":49525,"date":"2024-04-10T04:09:18","date_gmt":"2024-04-10T04:09:18","guid":{"rendered":"https:\/\/e.kosmolat.eu\/product\/modum-klasika-dezodorejoss-kaju-kr-piparmetra-75-ml\/"},"modified":"2025-09-20T04:48:51","modified_gmt":"2025-09-20T04:48:51","slug":"i_modum-klasika-dezodorejoss-kaju-kr-piparmetra-75-ml","status":"publish","type":"product","link":"https:\/\/e.kosmolat.eu\/lv\/product\/i_modum-klasika-dezodorejoss-kaju-kr-piparmetra-75-ml\/","title":{"rendered":"I_MODUM KLASIKA Dezodor\u0113jo\u0161s k\u0101ju kr. Piparm\u0113tra, 75 ml"},"content":{"rendered":"<p>Kr\u0113ms satur mentolu un aizsargkompleksu, kam ir atsvaidzino&scaron;a, dezodor\u0113jo&scaron;a un dezinfic\u0113jo&scaron;a iedarb\u012bba. Asinsz\u0101les un salvijas ekstrakti nomierina \u0101du un pal\u012bdz samazin\u0101t sviedru dziedzeru sekr\u0113ciju \u0101d\u0101. Kumel\u012b&scaron;u ekstrakts veicina asinsrites procesu, nov\u0113r&scaron; noguruma saj\u016btu.<\/p>\n<p><strong>Lieto&scaron;ana: <\/strong>uzkl\u0101jiet uz t\u012bras, sausas k\u0101ju \u0101das, iemas\u0113jiet, l\u012bdz kr\u0113ms piln\u012bb\u0101 uzs\u016bcas. Ieteicams lieto&scaron;anai no r\u012bta un vakar\u0101. Nav paredz\u0113ts b\u0113rniem l\u012bdz 3 gadu vecumam.<\/p>\n<p><strong>Der\u012bguma termi\u0146&scaron;:<\/strong> 36 m\u0113ne&scaron;i.<\/p>\n<p>Uzglab\u0101t temperat\u016br\u0101 no +5 &deg;\u0421 l\u012bdz +25 &deg;\u0421.<br \/>\n&nbsp;<\/p>\n","protected":false},"excerpt":{"rendered":"<p>Kr\u0113ms satur mentolu un aizsargkompleksu, kam ir atsvaidzino&scaron;a, dezodor\u0113jo&scaron;a un dezinfic\u0113jo&scaron;a iedarb\u012bba. Asinsz\u0101les un salvijas ekstrakti nomierina \u0101du un pal\u012bdz samazin\u0101t sviedru dziedzeru sekr\u0113ciju \u0101d\u0101. Kumel\u012b&scaron;u ekstrakts veicina asinsrites procesu, nov\u0113r&scaron; noguruma saj\u016btu. Lieto&scaron;ana: uzkl\u0101jiet uz t\u012bras, sausas k\u0101ju \u0101das, iemas\u0113jiet, l\u012bdz kr\u0113ms piln\u012bb\u0101 uzs\u016bcas. Ieteicams lieto&scaron;anai no r\u012bta un vakar\u0101. Nav paredz\u0113ts b\u0113rniem l\u012bdz [&#8230;]\n","protected":false},"featured_media":92214,"template":"","meta":[],"product_cat":[1763],"product_tag":[],"class_list":{"0":"post-49525","1":"product","2":"type-product","3":"status-publish","4":"has-post-thumbnail","6":"product_brand-modum_by","7":"product_cat-koju-prieziuros-kosmetika","9":"first","10":"outofstock","11":"taxable","12":"shipping-taxable","13":"product-type-simple"},"_links":{"self":[{"href":"https:\/\/e.kosmolat.eu\/lv\/wp-json\/wp\/v2\/product\/49525","targetHints":{"allow":["GET"]}}],"collection":[{"href":"https:\/\/e.kosmolat.eu\/lv\/wp-json\/wp\/v2\/product"}],"about":[{"href":"https:\/\/e.kosmolat.eu\/lv\/wp-json\/wp\/v2\/types\/product"}],"wp:featuredmedia":[{"embeddable":true,"href":"https:\/\/e.kosmolat.eu\/lv\/wp-json\/wp\/v2\/media\/92214"}],"wp:attachment":[{"href":"https:\/\/e.kosmolat.eu\/lv\/wp-json\/wp\/v2\/media?parent=49525"}],"wp:term":[{"taxonomy":"product_cat","embeddable":true,"href":"https:\/\/e.kosmolat.eu\/lv\/wp-json\/wp\/v2\/product_cat?post=49525"},{"taxonomy":"product_tag","embeddable":true,"href":"https:\/\/e.kosmolat.eu\/lv\/wp-json\/wp\/v2\/product_tag?post=49525"}],"curies":[{"name":"wp","href":"https:\/\/api.w.org\/{rel}","templated":true}]}}