{"id":49517,"date":"2024-04-10T04:09:04","date_gmt":"2024-04-10T04:09:04","guid":{"rendered":"https:\/\/e.kosmolat.eu\/product\/modum-klasika-roku-kr-maska-atjaunojosa-hohoba-75-g\/"},"modified":"2025-09-20T04:48:35","modified_gmt":"2025-09-20T04:48:35","slug":"modum-klasika-roku-kr-maska-atjaunojosa-hohoba-75-g","status":"publish","type":"product","link":"https:\/\/e.kosmolat.eu\/lv\/product\/modum-klasika-roku-kr-maska-atjaunojosa-hohoba-75-g\/","title":{"rendered":"MODUM KLASIKA Roku kr.-maska Atjaunojo\u0161a Hohoba, 75 g"},"content":{"rendered":"<p>Kr\u0113ms-maska akt\u012bvi baro un m\u012bkstina roku \u0101du, aizsarg\u0101 to pret kairin\u0101jumu un dehidrat\u0101ciju, kopj kutikulu un stiprina nagus. Hohobas e\u013c\u013ca, kas bag\u0101ta ar aminosk\u0101b\u0113m un antioksidantiem, E vitam\u012bnu un n\u0101trija hialuron\u0101tu, mitrina \u0101du, pal\u012bdz atjaunot t\u0101s aizsargfunkcijas un stimul\u0113 &scaron;\u016bnu atjauno&scaron;anos. Kvie&scaron;u d\u012bg\u013cu e\u013c\u013ca, kakao un &scaron;\u012b sviestam piem\u012bt atjaunojo&scaron;as \u012bpa&scaron;\u012bbas.&nbsp;Nesatur m\u0101ksl\u012bgas kr\u0101svielas un dz\u012bvnieku izcelsmes sast\u0101vda\u013cas.<\/p>\n<p><strong>Lieto&scaron;ana:<\/strong> uzkl\u0101jiet ar viegl\u0101m mas\u0113jo&scaron;\u0101m kust\u012bb\u0101m uz t\u012bras, sausas roku \u0101das.<\/p>\n<p>Uzglab\u0101t temperat\u016br\u0101 no +5 &deg;\u0421 l\u012bdz +25 &deg;\u0421.<br \/>\n&nbsp;<\/p>\n","protected":false},"excerpt":{"rendered":"<p>Kr\u0113ms-maska akt\u012bvi baro un m\u012bkstina roku \u0101du, aizsarg\u0101 to pret kairin\u0101jumu un dehidrat\u0101ciju, kopj kutikulu un stiprina nagus. Hohobas e\u013c\u013ca, kas bag\u0101ta ar aminosk\u0101b\u0113m un antioksidantiem, E vitam\u012bnu un n\u0101trija hialuron\u0101tu, mitrina \u0101du, pal\u012bdz atjaunot t\u0101s aizsargfunkcijas un stimul\u0113 &scaron;\u016bnu atjauno&scaron;anos. Kvie&scaron;u d\u012bg\u013cu e\u013c\u013ca, kakao un &scaron;\u012b sviestam piem\u012bt atjaunojo&scaron;as \u012bpa&scaron;\u012bbas.&nbsp;Nesatur m\u0101ksl\u012bgas kr\u0101svielas un dz\u012bvnieku [&#8230;]\n","protected":false},"featured_media":92210,"template":"","meta":[],"product_cat":[1304],"product_tag":[],"class_list":{"0":"post-49517","1":"product","2":"type-product","3":"status-publish","4":"has-post-thumbnail","6":"product_brand-modum_by","7":"product_cat-ranku-prieziuros-kosmetika","9":"first","10":"outofstock","11":"taxable","12":"shipping-taxable","13":"product-type-simple"},"_links":{"self":[{"href":"https:\/\/e.kosmolat.eu\/lv\/wp-json\/wp\/v2\/product\/49517","targetHints":{"allow":["GET"]}}],"collection":[{"href":"https:\/\/e.kosmolat.eu\/lv\/wp-json\/wp\/v2\/product"}],"about":[{"href":"https:\/\/e.kosmolat.eu\/lv\/wp-json\/wp\/v2\/types\/product"}],"wp:featuredmedia":[{"embeddable":true,"href":"https:\/\/e.kosmolat.eu\/lv\/wp-json\/wp\/v2\/media\/92210"}],"wp:attachment":[{"href":"https:\/\/e.kosmolat.eu\/lv\/wp-json\/wp\/v2\/media?parent=49517"}],"wp:term":[{"taxonomy":"product_cat","embeddable":true,"href":"https:\/\/e.kosmolat.eu\/lv\/wp-json\/wp\/v2\/product_cat?post=49517"},{"taxonomy":"product_tag","embeddable":true,"href":"https:\/\/e.kosmolat.eu\/lv\/wp-json\/wp\/v2\/product_tag?post=49517"}],"curies":[{"name":"wp","href":"https:\/\/api.w.org\/{rel}","templated":true}]}}