{"id":49501,"date":"2024-04-10T04:07:42","date_gmt":"2024-04-10T04:07:42","guid":{"rendered":"https:\/\/e.kosmolat.eu\/product\/modum-klasika-roku-kr-mikstinoss-vazelina-75-g\/"},"modified":"2025-09-20T04:48:01","modified_gmt":"2025-09-20T04:48:01","slug":"modum-klasika-roku-kr-mikstinoss-vazelina-75-g","status":"publish","type":"product","link":"https:\/\/e.kosmolat.eu\/lv\/product\/modum-klasika-roku-kr-mikstinoss-vazelina-75-g\/","title":{"rendered":"MODUM KLASIKA Roku kr. M\u012bkstino\u0161s Vazel\u012bna, 75 g"},"content":{"rendered":"<p>Vazel\u012bna kr\u0113ms m\u012bkstina un aizsarg\u0101 roku \u0101du. &Scaron;\u0137idrais paraf\u012bns veido viendab\u012bgu pl\u0113vi uz \u0101das virsmas, veicina dabisko \u0101das atjauno&scaron;an\u0101s procesu un dod tai iesp\u0113ju \u0101tri atjaunoties. Kokosriekstu e\u013c\u013ca un alanto\u012bns uztur \u0101das hidrolip\u012bdu l\u012bdzsvaru un uzlabo \u0101das barjerfunkcijas, dro&scaron;i aizsarg\u0101jot pl\u0101no \u0101du no iz\u017e\u016b&scaron;anas un plais\u0101&scaron;anas.&nbsp;Kr\u0113ms nesatur m\u0101ksl\u012bgas kr\u0101svielas un dz\u012bvnieku izcelsmes sast\u0101vda\u013cas.<\/p>\n<p><strong>Lieto&scaron;ana:<\/strong> uzkl\u0101jiet ar viegl\u0101m mas\u0113jo&scaron;\u0101m kust\u012bb\u0101m uz t\u012bras, sausas roku \u0101das.<\/p>\n<p>Uzglab\u0101t temperat\u016br\u0101 no +5 &deg;\u0421 l\u012bdz +25 &deg;\u0421.<br \/>\n&nbsp;<br \/>\n&nbsp;<\/p>\n","protected":false},"excerpt":{"rendered":"<p>Vazel\u012bna kr\u0113ms m\u012bkstina un aizsarg\u0101 roku \u0101du. &Scaron;\u0137idrais paraf\u012bns veido viendab\u012bgu pl\u0113vi uz \u0101das virsmas, veicina dabisko \u0101das atjauno&scaron;an\u0101s procesu un dod tai iesp\u0113ju \u0101tri atjaunoties. Kokosriekstu e\u013c\u013ca un alanto\u012bns uztur \u0101das hidrolip\u012bdu l\u012bdzsvaru un uzlabo \u0101das barjerfunkcijas, dro&scaron;i aizsarg\u0101jot pl\u0101no \u0101du no iz\u017e\u016b&scaron;anas un plais\u0101&scaron;anas.&nbsp;Kr\u0113ms nesatur m\u0101ksl\u012bgas kr\u0101svielas un dz\u012bvnieku izcelsmes sast\u0101vda\u013cas. Lieto&scaron;ana: uzkl\u0101jiet [&#8230;]\n","protected":false},"featured_media":92202,"template":"","meta":[],"product_cat":[1304],"product_tag":[],"class_list":{"0":"post-49501","1":"product","2":"type-product","3":"status-publish","4":"has-post-thumbnail","6":"product_brand-modum_by","7":"product_cat-ranku-prieziuros-kosmetika","9":"first","10":"outofstock","11":"taxable","12":"shipping-taxable","13":"product-type-simple"},"_links":{"self":[{"href":"https:\/\/e.kosmolat.eu\/lv\/wp-json\/wp\/v2\/product\/49501","targetHints":{"allow":["GET"]}}],"collection":[{"href":"https:\/\/e.kosmolat.eu\/lv\/wp-json\/wp\/v2\/product"}],"about":[{"href":"https:\/\/e.kosmolat.eu\/lv\/wp-json\/wp\/v2\/types\/product"}],"wp:featuredmedia":[{"embeddable":true,"href":"https:\/\/e.kosmolat.eu\/lv\/wp-json\/wp\/v2\/media\/92202"}],"wp:attachment":[{"href":"https:\/\/e.kosmolat.eu\/lv\/wp-json\/wp\/v2\/media?parent=49501"}],"wp:term":[{"taxonomy":"product_cat","embeddable":true,"href":"https:\/\/e.kosmolat.eu\/lv\/wp-json\/wp\/v2\/product_cat?post=49501"},{"taxonomy":"product_tag","embeddable":true,"href":"https:\/\/e.kosmolat.eu\/lv\/wp-json\/wp\/v2\/product_tag?post=49501"}],"curies":[{"name":"wp","href":"https:\/\/api.w.org\/{rel}","templated":true}]}}