{"id":49485,"date":"2024-04-10T04:07:08","date_gmt":"2024-04-10T04:07:08","guid":{"rendered":"https:\/\/e.kosmolat.eu\/product\/modum-klasika-kaju-krems-komforts-pret-nogurumu-kastanis-75-g\/"},"modified":"2025-09-20T04:35:33","modified_gmt":"2025-09-20T04:35:33","slug":"modum-klasika-kaju-krems-komforts-pret-nogurumu-kastanis-75-g","status":"publish","type":"product","link":"https:\/\/e.kosmolat.eu\/lv\/product\/modum-klasika-kaju-krems-komforts-pret-nogurumu-kastanis-75-g\/","title":{"rendered":"MODUM KLASIKA K\u0101ju kr\u0113ms-komforts pret nogurumu Kastanis, 75 g"},"content":{"rendered":"<p>Kr\u0113ms mazina noguruma un smaguma saj\u016btu k\u0101j\u0101s, kas rodas dienas beig\u0101s vai p\u0113c ilgsto&scaron;as slodzes, k\u0101 ar\u012b m\u012bkstina un nomierina \u0101du. Zirgkasta\u0146as ekstrakts pal\u012bdz\u0113s atbr\u012bvoties no spriedzes un diskomforta saj\u016btas musku\u013cos. Za\u013c\u0101s kafijas ekstrakts un kofe\u012bns uzlabo vielmai\u0146as procesus un lieliski toniz\u0113 \u0101du.&nbsp;Kr\u0113ms nesatur m\u0101ksl\u012bgas kr\u0101svielas un dz\u012bvnieku izcelsmes sast\u0101vda\u013cas.<\/p>\n<p><strong>Lieto&scaron;ana:<\/strong> uzkl\u0101jiet uz t\u012bras, sausas k\u0101ju \u0101das, iemas\u0113jiet, l\u012bdz kr\u0113ms piln\u012bb\u0101 uzs\u016bcas. Ieteicams lieto&scaron;anai no r\u012bta un vakar\u0101.&nbsp;<\/p>\n<p>Uzglab\u0101t temperat\u016br\u0101 no +5 &deg;\u0421 l\u012bdz +25 &deg;\u0421.<br \/>\n&nbsp;<\/p>\n","protected":false},"excerpt":{"rendered":"<p>Kr\u0113ms mazina noguruma un smaguma saj\u016btu k\u0101j\u0101s, kas rodas dienas beig\u0101s vai p\u0113c ilgsto&scaron;as slodzes, k\u0101 ar\u012b m\u012bkstina un nomierina \u0101du. Zirgkasta\u0146as ekstrakts pal\u012bdz\u0113s atbr\u012bvoties no spriedzes un diskomforta saj\u016btas musku\u013cos. Za\u013c\u0101s kafijas ekstrakts un kofe\u012bns uzlabo vielmai\u0146as procesus un lieliski toniz\u0113 \u0101du.&nbsp;Kr\u0113ms nesatur m\u0101ksl\u012bgas kr\u0101svielas un dz\u012bvnieku izcelsmes sast\u0101vda\u013cas. Lieto&scaron;ana: uzkl\u0101jiet uz t\u012bras, sausas [&#8230;]\n","protected":false},"featured_media":92026,"template":"","meta":[],"product_cat":[1761],"product_tag":[],"class_list":{"0":"post-49485","1":"product","2":"type-product","3":"status-publish","4":"has-post-thumbnail","6":"product_brand-modum_by","7":"product_cat-kaju-kopsanas-kosmetika","9":"first","10":"instock","11":"taxable","12":"shipping-taxable","13":"product-type-simple"},"_links":{"self":[{"href":"https:\/\/e.kosmolat.eu\/lv\/wp-json\/wp\/v2\/product\/49485","targetHints":{"allow":["GET"]}}],"collection":[{"href":"https:\/\/e.kosmolat.eu\/lv\/wp-json\/wp\/v2\/product"}],"about":[{"href":"https:\/\/e.kosmolat.eu\/lv\/wp-json\/wp\/v2\/types\/product"}],"wp:featuredmedia":[{"embeddable":true,"href":"https:\/\/e.kosmolat.eu\/lv\/wp-json\/wp\/v2\/media\/92026"}],"wp:attachment":[{"href":"https:\/\/e.kosmolat.eu\/lv\/wp-json\/wp\/v2\/media?parent=49485"}],"wp:term":[{"taxonomy":"product_cat","embeddable":true,"href":"https:\/\/e.kosmolat.eu\/lv\/wp-json\/wp\/v2\/product_cat?post=49485"},{"taxonomy":"product_tag","embeddable":true,"href":"https:\/\/e.kosmolat.eu\/lv\/wp-json\/wp\/v2\/product_tag?post=49485"}],"curies":[{"name":"wp","href":"https:\/\/api.w.org\/{rel}","templated":true}]}}