{"id":49477,"date":"2024-04-10T04:06:49","date_gmt":"2024-04-10T04:06:49","guid":{"rendered":"https:\/\/e.kosmolat.eu\/product\/modum-klasika-dezodorejoss-kaju-kr-piparmetra-75-g\/"},"modified":"2026-02-11T12:36:48","modified_gmt":"2026-02-11T12:36:48","slug":"modum-klasika-dezodorejoss-kaju-kr-piparmetra-75-g","status":"publish","type":"product","link":"https:\/\/e.kosmolat.eu\/lv\/product\/modum-klasika-dezodorejoss-kaju-kr-piparmetra-75-g\/","title":{"rendered":"MODUM KLASIKA Dezodor\u0113jo\u0161s k\u0101ju kr. Piparm\u0113tra, 75 g"},"content":{"rendered":"<p>Kr\u0113mam piem\u012bt atsvaidzino&scaron;a un dezodor\u0113jo&scaron;a iedarb\u012bba. Dab\u012bgais mentols sniedz k\u0101j\u0101m pat\u012bkamu atv\u0113sino&scaron;u efektu. Asinsz\u0101les un salvijas ekstrakti, kas bag\u0101ti ar tan\u012bniem un \u0113teriskaj\u0101m e\u013c\u013c\u0101m, pal\u012bdz samazin\u0101t sviedru dziedzeru sekr\u0113ciju \u0101d\u0101. Kokosriekstu e\u013c\u013ca un vazel\u012bns nov\u0113r&scaron; \u0101das dehidrat\u0101ciju un lob\u012b&scaron;anos. Alanto\u012bns atjauno \u0101das barjerfunkcijas un stimul\u0113 epidermas atjauno&scaron;anos. Kr\u0113ms nesatur m\u0101ksl\u012bgas kr\u0101svielas un dz\u012bvnieku izcelsmes sast\u0101vda\u013cas.<\/p>\n<p><strong>Lieto&scaron;ana: <\/strong>uzkl\u0101jiet uz t\u012bras, sausas k\u0101ju \u0101das, iemas\u0113jiet, l\u012bdz kr\u0113ms piln\u012bb\u0101 uzs\u016bcas. Ieteicams lieto&scaron;anai no r\u012bta un vakar\u0101.&nbsp;<\/p>\n<p>Uzglab\u0101t temperat\u016br\u0101 no +5 &deg;\u0421 l\u012bdz +25 &deg;\u0421.<br \/>\n&nbsp;<\/p>\n","protected":false},"excerpt":{"rendered":"<p>Kr\u0113mam piem\u012bt atsvaidzino&scaron;a un dezodor\u0113jo&scaron;a iedarb\u012bba. Dab\u012bgais mentols sniedz k\u0101j\u0101m pat\u012bkamu atv\u0113sino&scaron;u efektu. Asinsz\u0101les un salvijas ekstrakti, kas bag\u0101ti ar tan\u012bniem un \u0113teriskaj\u0101m e\u013c\u013c\u0101m, pal\u012bdz samazin\u0101t sviedru dziedzeru sekr\u0113ciju \u0101d\u0101. Kokosriekstu e\u013c\u013ca un vazel\u012bns nov\u0113r&scaron; \u0101das dehidrat\u0101ciju un lob\u012b&scaron;anos. Alanto\u012bns atjauno \u0101das barjerfunkcijas un stimul\u0113 epidermas atjauno&scaron;anos. Kr\u0113ms nesatur m\u0101ksl\u012bgas kr\u0101svielas un dz\u012bvnieku izcelsmes sast\u0101vda\u013cas. [&#8230;]\n","protected":false},"featured_media":92022,"template":"","meta":[],"product_cat":[1763],"product_tag":[],"class_list":{"0":"post-49477","1":"product","2":"type-product","3":"status-publish","4":"has-post-thumbnail","6":"product_brand-modum_by","7":"product_cat-koju-prieziuros-kosmetika","9":"first","10":"outofstock","11":"taxable","12":"shipping-taxable","13":"product-type-simple"},"_links":{"self":[{"href":"https:\/\/e.kosmolat.eu\/lv\/wp-json\/wp\/v2\/product\/49477","targetHints":{"allow":["GET"]}}],"collection":[{"href":"https:\/\/e.kosmolat.eu\/lv\/wp-json\/wp\/v2\/product"}],"about":[{"href":"https:\/\/e.kosmolat.eu\/lv\/wp-json\/wp\/v2\/types\/product"}],"wp:featuredmedia":[{"embeddable":true,"href":"https:\/\/e.kosmolat.eu\/lv\/wp-json\/wp\/v2\/media\/92022"}],"wp:attachment":[{"href":"https:\/\/e.kosmolat.eu\/lv\/wp-json\/wp\/v2\/media?parent=49477"}],"wp:term":[{"taxonomy":"product_cat","embeddable":true,"href":"https:\/\/e.kosmolat.eu\/lv\/wp-json\/wp\/v2\/product_cat?post=49477"},{"taxonomy":"product_tag","embeddable":true,"href":"https:\/\/e.kosmolat.eu\/lv\/wp-json\/wp\/v2\/product_tag?post=49477"}],"curies":[{"name":"wp","href":"https:\/\/api.w.org\/{rel}","templated":true}]}}