{"id":49469,"date":"2024-04-10T04:06:21","date_gmt":"2024-04-10T04:06:21","guid":{"rendered":"https:\/\/e.kosmolat.eu\/product\/modum-klasika-kaju-kr-intensiva-kops-kadikis-75-g\/"},"modified":"2025-09-20T04:35:05","modified_gmt":"2025-09-20T04:35:05","slug":"modum-klasika-kaju-kr-intensiva-kops-kadikis-75-g","status":"publish","type":"product","link":"https:\/\/e.kosmolat.eu\/lv\/product\/modum-klasika-kaju-kr-intensiva-kops-kadikis-75-g\/","title":{"rendered":"MODUM KLASIKA K\u0101ju kr. Intens\u012bva kop\u0161. Kadi\u0137is, 75 g"},"content":{"rendered":"<p>K\u0101ju kr\u0113ms intens\u012bvi m\u012bkstina \u0101du, padarot to maigu un koptu. Tas pal\u012bdz m\u012bkstin\u0101t ciet\u0101s vietas un c\u012bn\u0101s ar plais\u0101m un var\u017eac\u012bm uz p\u0113d\u0101m un pap\u0113\u017eiem. Kadi\u0137a ekstrakts stimul\u0113 audu atjauno&scaron;anos un sniedz k\u0101j\u0101m ilgsto&scaron;u svaiguma saj\u016btu, savuk\u0101rt alanto\u012bns no\u0146em atmiru&scaron;\u0101s \u0101das &scaron;\u016bnas un salvijas ekstrakts pal\u012bdz saglab\u0101t p\u0113du \u0101du koptu un vesel\u012bgu. Kr\u0113ms nesatur m\u0101ksl\u012bgas kr\u0101svielas un dz\u012bvnieku izcelsmes sast\u0101vda\u013cas.<\/p>\n<p><strong>Lieto&scaron;ana:<\/strong> uzkl\u0101jiet uz t\u012bras, sausas k\u0101ju \u0101das, iemas\u0113jiet, l\u012bdz kr\u0113ms piln\u012bb\u0101 uzs\u016bcas. Ieteicams lieto&scaron;anai no r\u012bta un vakar\u0101.&nbsp;<\/p>\n<p>Uzglab\u0101t temperat\u016br\u0101 no +5 &deg;\u0421 l\u012bdz +25 &deg;\u0421.<br \/>\n&nbsp;<\/p>\n","protected":false},"excerpt":{"rendered":"<p>K\u0101ju kr\u0113ms intens\u012bvi m\u012bkstina \u0101du, padarot to maigu un koptu. Tas pal\u012bdz m\u012bkstin\u0101t ciet\u0101s vietas un c\u012bn\u0101s ar plais\u0101m un var\u017eac\u012bm uz p\u0113d\u0101m un pap\u0113\u017eiem. Kadi\u0137a ekstrakts stimul\u0113 audu atjauno&scaron;anos un sniedz k\u0101j\u0101m ilgsto&scaron;u svaiguma saj\u016btu, savuk\u0101rt alanto\u012bns no\u0146em atmiru&scaron;\u0101s \u0101das &scaron;\u016bnas un salvijas ekstrakts pal\u012bdz saglab\u0101t p\u0113du \u0101du koptu un vesel\u012bgu. Kr\u0113ms nesatur m\u0101ksl\u012bgas [&#8230;]\n","protected":false},"featured_media":92018,"template":"","meta":[],"product_cat":[1763],"product_tag":[],"class_list":{"0":"post-49469","1":"product","2":"type-product","3":"status-publish","4":"has-post-thumbnail","6":"product_brand-modum_by","7":"product_cat-koju-prieziuros-kosmetika","9":"first","10":"outofstock","11":"taxable","12":"shipping-taxable","13":"product-type-simple"},"_links":{"self":[{"href":"https:\/\/e.kosmolat.eu\/lv\/wp-json\/wp\/v2\/product\/49469","targetHints":{"allow":["GET"]}}],"collection":[{"href":"https:\/\/e.kosmolat.eu\/lv\/wp-json\/wp\/v2\/product"}],"about":[{"href":"https:\/\/e.kosmolat.eu\/lv\/wp-json\/wp\/v2\/types\/product"}],"wp:featuredmedia":[{"embeddable":true,"href":"https:\/\/e.kosmolat.eu\/lv\/wp-json\/wp\/v2\/media\/92018"}],"wp:attachment":[{"href":"https:\/\/e.kosmolat.eu\/lv\/wp-json\/wp\/v2\/media?parent=49469"}],"wp:term":[{"taxonomy":"product_cat","embeddable":true,"href":"https:\/\/e.kosmolat.eu\/lv\/wp-json\/wp\/v2\/product_cat?post=49469"},{"taxonomy":"product_tag","embeddable":true,"href":"https:\/\/e.kosmolat.eu\/lv\/wp-json\/wp\/v2\/product_tag?post=49469"}],"curies":[{"name":"wp","href":"https:\/\/api.w.org\/{rel}","templated":true}]}}