{"id":49461,"date":"2024-04-10T04:06:01","date_gmt":"2024-04-10T04:06:01","guid":{"rendered":"https:\/\/e.kosmolat.eu\/product\/modum-cult-lamelarais-sejas-fluids-50-g\/"},"modified":"2025-09-20T04:31:32","modified_gmt":"2025-09-20T04:31:32","slug":"modum-cult-lamelarais-sejas-fluids-50-g","status":"publish","type":"product","link":"https:\/\/e.kosmolat.eu\/lv\/product\/modum-cult-lamelarais-sejas-fluids-50-g\/","title":{"rendered":"MODUM CULT Lamel\u0101rais sejas flu\u012bds, 50 g"},"content":{"rendered":"<p>Flu\u012bds sausai un norm\u0101lai \u0101dai. Diena\/nakts. Paaugstina \u0101das tonusu un elast\u012bbu; mitrina un atjauno \u0101du; aizsarg\u0101 pret pies\u0101r\u0146ojumu. &Scaron;\u0137idruma strukt\u016bra ir l\u012bdz\u012bga \u0101das lip\u012bdu barjeras strukt\u016brai. Tas mitrina un stiprina \u0101das barjerfunkcijas un nodro&scaron;inot paaugstin\u0101tu aizsardz\u012bbu pret apk\u0101rt\u0113j\u0101s vides pies\u0101r\u0146ojumu.<\/p>\n<ul>\n<li><strong>Biopept\u012bdu komplekss Peptilium&reg;<\/strong> ir augu izcelsmes retinola analogs, kam piem\u012bt grumbu izl\u012bdzin\u0101&scaron;anas efekts. Komplekss stimul\u0113 kolag\u0113na sint\u0113zi, pastiprina \u0101das antioksidantu aizsardz\u012bbu un pie&scaron;\u0137ir \u0101dai mirdzumu.<\/li>\n<li><strong>\u012apa&scaron;a aminosk\u0101be<\/strong> nov\u0113r&scaron; mitruma zudumu, pasarg\u0101jot \u0101du no iz\u017e\u016b&scaron;anas, ko izraisa klimatiskais stress.<\/li>\n<li><strong>V\u012b\u0123u, gran\u0101t\u0101bolu un kazenes antioksidantu ekstrakti <\/strong>stimul\u0113 \u0101das atjauno&scaron;anas procesus, izl\u012bdzina \u0101das tekst\u016bru un neitraliz\u0113 br\u012bvo radik\u0101\u013cu ietekmi, samazinot oksidat\u012bv\u0101 stresa nelabv\u0113l\u012bgo ietekmi.<\/li>\n<\/ul>\n<p><strong>Lieto&scaron;ana:<\/strong> uzkl\u0101t flu\u012bdu uz iepriek&scaron; att\u012br\u012btas sejas \u0101das ar viegl\u0101m mas\u0101\u017eas kust\u012bb\u0101m.<\/p>\n<p>Uzglab\u0101t temperat\u016br\u0101 no +5&deg;C l\u012bdz +25&deg;C.<br \/>\n&nbsp;<\/p>\n","protected":false},"excerpt":{"rendered":"<p>Flu\u012bds sausai un norm\u0101lai \u0101dai. Diena\/nakts. Paaugstina \u0101das tonusu un elast\u012bbu; mitrina un atjauno \u0101du; aizsarg\u0101 pret pies\u0101r\u0146ojumu. &Scaron;\u0137idruma strukt\u016bra ir l\u012bdz\u012bga \u0101das lip\u012bdu barjeras strukt\u016brai. Tas mitrina un stiprina \u0101das barjerfunkcijas un nodro&scaron;inot paaugstin\u0101tu aizsardz\u012bbu pret apk\u0101rt\u0113j\u0101s vides pies\u0101r\u0146ojumu. Biopept\u012bdu komplekss Peptilium&reg; ir augu izcelsmes retinola analogs, kam piem\u012bt grumbu izl\u012bdzin\u0101&scaron;anas efekts. Komplekss stimul\u0113 [&#8230;]\n","protected":false},"featured_media":91966,"template":"","meta":[],"product_cat":[1327],"product_tag":[],"class_list":{"0":"post-49461","1":"product","2":"type-product","3":"status-publish","4":"has-post-thumbnail","6":"product_brand-modum_by","7":"product_cat-serumai","9":"first","10":"outofstock","11":"taxable","12":"shipping-taxable","13":"product-type-simple"},"_links":{"self":[{"href":"https:\/\/e.kosmolat.eu\/lv\/wp-json\/wp\/v2\/product\/49461","targetHints":{"allow":["GET"]}}],"collection":[{"href":"https:\/\/e.kosmolat.eu\/lv\/wp-json\/wp\/v2\/product"}],"about":[{"href":"https:\/\/e.kosmolat.eu\/lv\/wp-json\/wp\/v2\/types\/product"}],"wp:featuredmedia":[{"embeddable":true,"href":"https:\/\/e.kosmolat.eu\/lv\/wp-json\/wp\/v2\/media\/91966"}],"wp:attachment":[{"href":"https:\/\/e.kosmolat.eu\/lv\/wp-json\/wp\/v2\/media?parent=49461"}],"wp:term":[{"taxonomy":"product_cat","embeddable":true,"href":"https:\/\/e.kosmolat.eu\/lv\/wp-json\/wp\/v2\/product_cat?post=49461"},{"taxonomy":"product_tag","embeddable":true,"href":"https:\/\/e.kosmolat.eu\/lv\/wp-json\/wp\/v2\/product_tag?post=49461"}],"curies":[{"name":"wp","href":"https:\/\/api.w.org\/{rel}","templated":true}]}}