{"id":49453,"date":"2024-04-10T04:05:41","date_gmt":"2024-04-10T04:05:41","guid":{"rendered":"https:\/\/e.kosmolat.eu\/product\/megamonsters-kompl-mega-ekstrems-samp-3in1-300ml-zeleja-2in1-300ml\/"},"modified":"2025-09-11T08:23:44","modified_gmt":"2025-09-11T08:23:44","slug":"megamonsters-kompl-mega-ekstrems-samp-3in1-300ml-zeleja-2in1-300ml","status":"publish","type":"product","link":"https:\/\/e.kosmolat.eu\/lv\/product\/megamonsters-kompl-mega-ekstrems-samp-3in1-300ml-zeleja-2in1-300ml\/","title":{"rendered":"Megamonsters Kompl. Mega Ekstr\u0113ms (\u0160amp. 3in1 300ml + \u017deleja 2in1 300ml)"},"content":{"rendered":"<p><strong>Komplekt\u0101:<\/strong><\/p>\n<ul>\n<li>B\u0113rnu \u0161amp\u016bns-\u017eeleja-putas 3in1, 300 ml<\/li>\n<li>B\u0113rnu mazg\u0101\u0161anas \u017eeleja-putas 2in1, 300 ml<\/li>\n<\/ul>\n<p>Maig\u0101 formula + akt\u012bvu komplekss.&nbsp;Provitam\u012bns B5, alanto\u012bns, dab\u012bgie ekstrakti.&nbsp;Paredz\u0113ts b\u0113rniem no 1 gada vecuma. Lietot vec\u0101ku uzraudz\u012bb\u0101.<\/p>\n<p><strong>Lieto\u0161ana:<\/strong><br \/>\n1) B\u0113rnu \u0161amp\u016bns-\u017eeleja-putas 3in1: nelielu \u0161amp\u016bna daudzumu uzkl\u0101t uz mitriem matiem un\/vai \u0101du, saputot un r\u016bp\u012bgi noskalot ar \u016bdeni. Vannas put\u0101m: pievienot zem \u016bdens str\u016bklas vannas piepild\u012b\u0161anas laik\u0101.<br \/>\n2) B\u0113rnu mazg\u0101\u0161anas \u017eeleja-putas 2in1: nelielu \u017eelejas daudzumu uzkl\u0101t uz s\u016bkl\u012b\u0161a vai plaukst\u0101m, saputot un vienm\u0113r\u012bgi izsm\u0113r\u0113t pa \u0137erme\u0146a \u0101du, tad r\u016bp\u012bgi noskalot ar \u016bdeni. Vannas put\u0101m: pievienot zem \u016bdens str\u016bklas vannas piepild\u012b\u0161anas laik\u0101.<br \/>\n&nbsp;<\/p>\n","protected":false},"excerpt":{"rendered":"<p>Komplekt\u0101: B\u0113rnu \u0161amp\u016bns-\u017eeleja-putas 3in1, 300 ml B\u0113rnu mazg\u0101\u0161anas \u017eeleja-putas 2in1, 300 ml Maig\u0101 formula + akt\u012bvu komplekss.&nbsp;Provitam\u012bns B5, alanto\u012bns, dab\u012bgie ekstrakti.&nbsp;Paredz\u0113ts b\u0113rniem no 1 gada vecuma. Lietot vec\u0101ku uzraudz\u012bb\u0101. Lieto\u0161ana: 1) B\u0113rnu \u0161amp\u016bns-\u017eeleja-putas 3in1: nelielu \u0161amp\u016bna daudzumu uzkl\u0101t uz mitriem matiem un\/vai \u0101du, saputot un r\u016bp\u012bgi noskalot ar \u016bdeni. Vannas put\u0101m: pievienot zem \u016bdens str\u016bklas [&#8230;]\n","protected":false},"featured_media":0,"template":"","meta":[],"product_cat":[1999],"product_tag":[],"class_list":{"0":"post-49453","1":"product","2":"type-product","3":"status-publish","5":"product_brand-vecie-kodi","6":"product_cat-bez-kategorijas","8":"first","9":"outofstock","10":"taxable","11":"shipping-taxable","12":"product-type-simple"},"_links":{"self":[{"href":"https:\/\/e.kosmolat.eu\/lv\/wp-json\/wp\/v2\/product\/49453","targetHints":{"allow":["GET"]}}],"collection":[{"href":"https:\/\/e.kosmolat.eu\/lv\/wp-json\/wp\/v2\/product"}],"about":[{"href":"https:\/\/e.kosmolat.eu\/lv\/wp-json\/wp\/v2\/types\/product"}],"wp:attachment":[{"href":"https:\/\/e.kosmolat.eu\/lv\/wp-json\/wp\/v2\/media?parent=49453"}],"wp:term":[{"taxonomy":"product_cat","embeddable":true,"href":"https:\/\/e.kosmolat.eu\/lv\/wp-json\/wp\/v2\/product_cat?post=49453"},{"taxonomy":"product_tag","embeddable":true,"href":"https:\/\/e.kosmolat.eu\/lv\/wp-json\/wp\/v2\/product_tag?post=49453"}],"curies":[{"name":"wp","href":"https:\/\/api.w.org\/{rel}","templated":true}]}}