{"id":49445,"date":"2024-04-10T04:05:25","date_gmt":"2024-04-10T04:05:25","guid":{"rendered":"https:\/\/e.kosmolat.eu\/product\/gonki-davanu-komplekts-krutije-virazi-sampuns-ar-kondicionieri-300-vannas-putas-300\/"},"modified":"2025-09-19T22:21:23","modified_gmt":"2025-09-19T22:21:23","slug":"gonki-davanu-komplekts-krutije-virazi-sampuns-ar-kondicionieri-300-vannas-putas-300","status":"publish","type":"product","link":"https:\/\/e.kosmolat.eu\/lv\/product\/gonki-davanu-komplekts-krutije-virazi-sampuns-ar-kondicionieri-300-vannas-putas-300\/","title":{"rendered":"Gonki D\u0101vanu komplekts Krutije vira\u017ei ( \u0160amp\u016bns ar kondicionieri 300 + Vannas putas 300)"},"content":{"rendered":"<p>Lieto\u0161ana:<\/p>\n<p>1) Neelielu \u0161amp\u016bna daudzumu uzkl\u0101t uz mitriem matiem, pamas\u0113t l\u012bdz veidojas putas, tad r\u016bp\u012bgi nomazg\u0101t.<\/p>\n<p>2) Nelielu putu daudzumu pievienot vannai, kas ir piepild\u012bta ar \u016bdeni, samais\u012bt ar rok\u0101m. <\/p>\n<p>Paredz\u0113ts b\u0113rniem no 1 gada vecuma. Piesardz\u012bbas pas\u0101kumi: lietot pieaugu\u0161o uzraudz\u012bb\u0101! Izvair\u012bties no iek\u013c\u016b\u0161anas ac\u012bs! Ja iek\u013c\u016bst ac\u012bs, nomazg\u0101t ar lielu \u016bdens daudzumu.<\/p>\n","protected":false},"excerpt":{"rendered":"<p>Lieto\u0161ana: 1) Neelielu \u0161amp\u016bna daudzumu uzkl\u0101t uz mitriem matiem, pamas\u0113t l\u012bdz veidojas putas, tad r\u016bp\u012bgi nomazg\u0101t. 2) Nelielu putu daudzumu pievienot vannai, kas ir piepild\u012bta ar \u016bdeni, samais\u012bt ar rok\u0101m. Paredz\u0113ts b\u0113rniem no 1 gada vecuma. Piesardz\u012bbas pas\u0101kumi: lietot pieaugu\u0161o uzraudz\u012bb\u0101! Izvair\u012bties no iek\u013c\u016b\u0161anas ac\u012bs! Ja iek\u013c\u016bst ac\u012bs, nomazg\u0101t ar lielu \u016bdens daudzumu.<\/p>\n","protected":false},"featured_media":86030,"template":"","meta":[],"product_cat":[1849],"product_tag":[],"class_list":{"0":"post-49445","1":"product","2":"type-product","3":"status-publish","4":"has-post-thumbnail","6":"product_brand-vecie-kodi","7":"product_cat-davanu-komplekti-berniem","9":"first","10":"outofstock","11":"taxable","12":"shipping-taxable","13":"product-type-simple"},"_links":{"self":[{"href":"https:\/\/e.kosmolat.eu\/lv\/wp-json\/wp\/v2\/product\/49445","targetHints":{"allow":["GET"]}}],"collection":[{"href":"https:\/\/e.kosmolat.eu\/lv\/wp-json\/wp\/v2\/product"}],"about":[{"href":"https:\/\/e.kosmolat.eu\/lv\/wp-json\/wp\/v2\/types\/product"}],"wp:featuredmedia":[{"embeddable":true,"href":"https:\/\/e.kosmolat.eu\/lv\/wp-json\/wp\/v2\/media\/86030"}],"wp:attachment":[{"href":"https:\/\/e.kosmolat.eu\/lv\/wp-json\/wp\/v2\/media?parent=49445"}],"wp:term":[{"taxonomy":"product_cat","embeddable":true,"href":"https:\/\/e.kosmolat.eu\/lv\/wp-json\/wp\/v2\/product_cat?post=49445"},{"taxonomy":"product_tag","embeddable":true,"href":"https:\/\/e.kosmolat.eu\/lv\/wp-json\/wp\/v2\/product_tag?post=49445"}],"curies":[{"name":"wp","href":"https:\/\/api.w.org\/{rel}","templated":true}]}}