{"id":49409,"date":"2024-04-10T04:00:42","date_gmt":"2024-04-10T04:00:42","guid":{"rendered":"https:\/\/e.kosmolat.eu\/product\/megamonsters-komplekts-sampuns-2in1-300-ml-zeleja-putas-2in1-300-ml\/"},"modified":"2025-09-19T22:21:08","modified_gmt":"2025-09-19T22:21:08","slug":"megamonsters-komplekts-sampuns-2in1-300-ml-zeleja-putas-2in1-300-ml","status":"publish","type":"product","link":"https:\/\/e.kosmolat.eu\/lv\/product\/megamonsters-komplekts-sampuns-2in1-300-ml-zeleja-putas-2in1-300-ml\/","title":{"rendered":"Megamonsters Komplekts ( \u0160amp\u016bns 2in1, 300 ml +  \u017deleja-putas 2in1, 300 ml)"},"content":{"rendered":"<p>1) B\u0113rnu \u0161amp\u016bns ar kondicionieris 2in1, 300 ml<\/p>\n<p>2) B\u0113rnu \u017eeleja -putas, 300 ml<\/p>\n<p>Paredz\u0113ts b\u0113rniem no 1 gada vecuma. Lietot vec\u0101ku uzraudz\u012bb\u0101.<\/p>\n<p><strong>Lieto\u0161ana: <\/strong>nelielu \u0161amp\u016bna daudzumu uzkl\u0101t uz mitriem matiem, pamas\u0113t l\u012bdz veidojas putas, tas k\u0101rt\u012bgi nomazg\u0101t ar \u016bdeni. Nelielu \u017eelejas daudzumu uzkl\u0101t uz s\u016bkl\u012b\u0161a vai plaukst\u0101m, saputot un vienm\u0113r\u012bgi izsm\u0113r\u0113t pa \u0137erme\u0146a \u0101du, tad r\u016bp\u012bgi noskalot ar \u016bdeni. Vannas putas: pievienot zem \u016bdens str\u016bklas vannas piepild\u012b\u0161anas laik\u0101. Piem\u0113rots ikdienas lieto\u0161anai.<\/p><\/p>\n","protected":false},"excerpt":{"rendered":"<p>1) B\u0113rnu \u0161amp\u016bns ar kondicionieris 2in1, 300 ml 2) B\u0113rnu \u017eeleja -putas, 300 ml Paredz\u0113ts b\u0113rniem no 1 gada vecuma. Lietot vec\u0101ku uzraudz\u012bb\u0101. Lieto\u0161ana: nelielu \u0161amp\u016bna daudzumu uzkl\u0101t uz mitriem matiem, pamas\u0113t l\u012bdz veidojas putas, tas k\u0101rt\u012bgi nomazg\u0101t ar \u016bdeni. Nelielu \u017eelejas daudzumu uzkl\u0101t uz s\u016bkl\u012b\u0161a vai plaukst\u0101m, saputot un vienm\u0113r\u012bgi izsm\u0113r\u0113t pa \u0137erme\u0146a \u0101du, [&#8230;]\n","protected":false},"featured_media":86026,"template":"","meta":[],"product_cat":[1849],"product_tag":[],"class_list":{"0":"post-49409","1":"product","2":"type-product","3":"status-publish","4":"has-post-thumbnail","6":"product_brand-vecie-kodi","7":"product_cat-davanu-komplekti-berniem","9":"first","10":"outofstock","11":"taxable","12":"shipping-taxable","13":"product-type-simple"},"_links":{"self":[{"href":"https:\/\/e.kosmolat.eu\/lv\/wp-json\/wp\/v2\/product\/49409","targetHints":{"allow":["GET"]}}],"collection":[{"href":"https:\/\/e.kosmolat.eu\/lv\/wp-json\/wp\/v2\/product"}],"about":[{"href":"https:\/\/e.kosmolat.eu\/lv\/wp-json\/wp\/v2\/types\/product"}],"wp:featuredmedia":[{"embeddable":true,"href":"https:\/\/e.kosmolat.eu\/lv\/wp-json\/wp\/v2\/media\/86026"}],"wp:attachment":[{"href":"https:\/\/e.kosmolat.eu\/lv\/wp-json\/wp\/v2\/media?parent=49409"}],"wp:term":[{"taxonomy":"product_cat","embeddable":true,"href":"https:\/\/e.kosmolat.eu\/lv\/wp-json\/wp\/v2\/product_cat?post=49409"},{"taxonomy":"product_tag","embeddable":true,"href":"https:\/\/e.kosmolat.eu\/lv\/wp-json\/wp\/v2\/product_tag?post=49409"}],"curies":[{"name":"wp","href":"https:\/\/api.w.org\/{rel}","templated":true}]}}