{"id":49397,"date":"2024-04-09T04:17:09","date_gmt":"2024-04-09T04:17:09","guid":{"rendered":"https:\/\/e.kosmolat.eu\/product\/ce-tonika-tonejoss-balzams-3-22-ultraviolet-150-ml\/"},"modified":"2025-09-19T18:42:54","modified_gmt":"2025-09-19T18:42:54","slug":"ce-tonika-tonejoss-balzams-3-22-ultraviolet-150-ml","status":"publish","type":"product","link":"https:\/\/e.kosmolat.eu\/lv\/product\/ce-tonika-tonejoss-balzams-3-22-ultraviolet-150-ml\/","title":{"rendered":"CE TONIKA Ton\u0113jo\u0161s balzams 3.22 &#8220;Ultraviolet&#8221;, 150 ml"},"content":{"rendered":"<p>Tonika Ton\u0113jo\u0161ais balzams 3.22 Ultraviolet<br \/>\nTiek nomazg\u0101t ar \u0161amp\u016bnu p\u0113c 10 min\u016bt\u0113m. Kr\u0101sojot matus esiet gatavi kreat\u012bviem spilgtiem to\u0146iem. Ja J\u016bsu iepriek\u0161\u0113j\u0101 matu kr\u0101sa ir iev\u0113rojami tum\u0161\u0101ka par izv\u0113l\u0113to toni, tas J\u016bs ieg\u016bsiet tikai kr\u0101sas niansi. Kr\u0101sojot matus, kas pirms tam tika kr\u0101soti \u0161\u0137ipsn\u0101s vai matiem ar sirmumu, J\u016bs ieg\u016bsiet spilgtas kr\u0101sainas \u0161\u0137ipsnas (koloristikas efekts). Nejauciet balzamu ar citiem balzama vai \u0161amp\u016bna to\u0146iem. Pirms matu kr\u0101so\u0161anas tiek rekomend\u0113ts veikt testu uz atsevi\u0161\u0137\u0101s \u0161\u0137ipsnas, atz\u012bm\u0113jot v\u0113lam\u0101 rezult\u0101ta iedarb\u012bbas laiku.&nbsp;<br \/>\nUzmanibu! Ton\u0113jo\u0161\u0101 balzama tonis var at\u0161\u0137irties no to\u0146a uz matiem, kur\u0161 tiks ieg\u016bts rezult\u0101t\u0101. Pak\u0101peniski tiek nomazg\u0101ts mazg\u0101jot galvu ar \u0161amp\u016bnu uz 10 lieto\u0161anas reiz\u0113m. Atkar\u012bb\u0101 no matu strukt\u016bras ir iesp\u0113jams it iesp\u0113jams palieko\u0161s tonis. Ja iek\u013c\u016bst ac\u012bs, nomazg\u0101jiet ar t\u012bru \u016bdeni. Ja kr\u0101sa non\u0101k uz interjera priek\u0161metiem vai vannas virsmu nomazg\u0101jiet tos ar l\u012bdzekli santehnikas t\u012br\u012b\u0161anai.<br \/>\nLieto\u0161ana: Lietojiet cimdus, k\u0101 ar\u012b aizsarg\u0101jiet ap\u0123\u0113rbu ar dvieli. Uzkl\u0101jiet taukainu kr\u0113mu pa matu aug\u0161anas l\u012bniju un uz aus\u012bm, lai izvair\u012btos no \u0101das nokr\u0101so\u0161anas. Uzkl\u0101jiet ton\u0113jo\u0161u balzamu uz mitriem matiem un vienm\u0113r\u012bgi izsm\u0113r\u0113jiet. Iedarb\u012bbas laiks: to\u0146a &ldquo;uztur\u0113\u0161anai&rdquo; &ndash; 3-5 min., viegla to\u0146a ieg\u016b\u0161anai &ndash; l\u012bdz 10 min., pies\u0101tin\u0101tam tonim &ndash; l\u012bdz 30 min. P\u0113c laika iztec\u0113\u0161anas nomazg\u0101jiet matus ar siltu \u016bdeni, kam\u0113r tas nek\u013c\u016bst caursp\u012bd\u012bgs.&nbsp;<br \/>\nPiesardz\u012bbas pas\u0101kumi:&nbsp;<br \/>\nMatu kr\u0101svielas var iz&not;rais\u012bt smagu aler\u0123isku reakciju. Izlas\u012bt un iev\u0113rot nor\u0101&not;d\u012bjumus. &Scaron;is l\u012bdzeklis nav paredz\u0113ts uzkl\u0101\u0161anai perso&not;n\u0101m, kas jaun\u0101kas par 16 gadiem. Pagaidu tetov\u0113&not;jumi ar melno hennu var paaugstin\u0101t aler\u0123ijas risku. Matus nekr\u0101sot, ja: &mdash; uz sejas ir izsitumi vai galvas \u0101da ir jut\u012bga, kairin\u0101ta vai boj\u0101ta, &mdash; p\u0113c matu kr\u0101so\u0161anas ir bijusi k\u0101da aler\u0123iska reakcija, &mdash; agr\u0101k ir bijusi reakcija uz pagaidu tetov\u0113jumu ar meln<\/p>\n","protected":false},"excerpt":{"rendered":"<p>Tonika Ton\u0113jo\u0161ais balzams 3.22 Ultraviolet Tiek nomazg\u0101t ar \u0161amp\u016bnu p\u0113c 10 min\u016bt\u0113m. Kr\u0101sojot matus esiet gatavi kreat\u012bviem spilgtiem to\u0146iem. Ja J\u016bsu iepriek\u0161\u0113j\u0101 matu kr\u0101sa ir iev\u0113rojami tum\u0161\u0101ka par izv\u0113l\u0113to toni, tas J\u016bs ieg\u016bsiet tikai kr\u0101sas niansi. Kr\u0101sojot matus, kas pirms tam tika kr\u0101soti \u0161\u0137ipsn\u0101s vai matiem ar sirmumu, J\u016bs ieg\u016bsiet spilgtas kr\u0101sainas \u0161\u0137ipsnas (koloristikas efekts). [&#8230;]\n","protected":false},"featured_media":82054,"template":"","meta":[],"product_cat":[1297],"product_tag":[],"class_list":{"0":"post-49397","1":"product","2":"type-product","3":"status-publish","4":"has-post-thumbnail","6":"product_brand-vecie-kodi","7":"product_cat-matu-tonesanas-lidzekli","9":"first","10":"outofstock","11":"taxable","12":"shipping-taxable","13":"product-type-simple"},"_links":{"self":[{"href":"https:\/\/e.kosmolat.eu\/lv\/wp-json\/wp\/v2\/product\/49397","targetHints":{"allow":["GET"]}}],"collection":[{"href":"https:\/\/e.kosmolat.eu\/lv\/wp-json\/wp\/v2\/product"}],"about":[{"href":"https:\/\/e.kosmolat.eu\/lv\/wp-json\/wp\/v2\/types\/product"}],"wp:featuredmedia":[{"embeddable":true,"href":"https:\/\/e.kosmolat.eu\/lv\/wp-json\/wp\/v2\/media\/82054"}],"wp:attachment":[{"href":"https:\/\/e.kosmolat.eu\/lv\/wp-json\/wp\/v2\/media?parent=49397"}],"wp:term":[{"taxonomy":"product_cat","embeddable":true,"href":"https:\/\/e.kosmolat.eu\/lv\/wp-json\/wp\/v2\/product_cat?post=49397"},{"taxonomy":"product_tag","embeddable":true,"href":"https:\/\/e.kosmolat.eu\/lv\/wp-json\/wp\/v2\/product_tag?post=49397"}],"curies":[{"name":"wp","href":"https:\/\/api.w.org\/{rel}","templated":true}]}}