{"id":49389,"date":"2024-04-09T04:16:50","date_gmt":"2024-04-09T04:16:50","guid":{"rendered":"https:\/\/e.kosmolat.eu\/product\/dr-s-cannabis-hair-balzams-200-ml\/"},"modified":"2025-09-19T21:40:13","modified_gmt":"2025-09-19T21:40:13","slug":"i_dr-s-cannabis-hair-balzams-200-ml","status":"publish","type":"product","link":"https:\/\/e.kosmolat.eu\/lv\/product\/i_dr-s-cannabis-hair-balzams-200-ml\/","title":{"rendered":"I_Dr.S.Cannabis Hair Balzams 200 ml"},"content":{"rendered":"<p>S\u0113rija Cannabis Hair ir piepild\u012bta ar sp\u0113ju un dabas ener\u0123iju &#8211; ka\u0146epju e\u013c\u013ca ir viena no v\u0113rt\u012bg\u0101k\u0101m un sabalans\u0113t\u0101k\u0101m 100% e\u013c\u013c\u0101m.&nbsp;<\/p>\n<ul>\n<li>Komplekss no 14 ultra svar\u012bg\u0101m aminosk\u0101b\u0113m matu atjauno&scaron;anai PRODEW 500 nov\u0113r&scaron; matu kutikulas virsmas boj\u0101jumus, stiprina matu strukt\u016b\u0157u. Balzams mitrina, m\u012bkstina, izl\u012bdzina matus, atvieglo to \u0137emme&scaron;anu.&nbsp;<\/li>\n<li>Ka\u0146epju e\u013c\u013ca (satur vitam\u012bnus A, C, E, keram\u012bdus, prote\u012bnus, tauksk\u0101ves Omega-3, Omega-6, Omega-9, karot\u012bnu) kompleksi revitaliz\u0113 matus.<\/li>\n<li>Amplas e\u013c\u013ca kopj, mitrina matus, izl\u012bdzina. Mati ieg\u016bst glanca sp\u012bdumu.&nbsp;<\/li>\n<li>Alvejas sula &#8211; dab\u012bgs emolents &#8211; uztur nepiecie&scaron;amu mitruma l\u012bmeni.<\/li>\n<\/ul>\n<p><strong>Lieto&scaron;ana: <\/strong>uzkl\u0101t nepiecie&scaron;amu balzama daudzumu uz t\u012briem mitriem matiem, vienm\u0113r\u012bgi izsm\u0113r\u0113t vis\u0101 to garum\u0101, nomazg\u0101t ar \u016bdeni.&nbsp;<\/p>\n<p>&nbsp;<\/p>\n<p>&nbsp;<\/p>\n<p>&nbsp;<\/p>\n","protected":false},"excerpt":{"rendered":"<p>S\u0113rija Cannabis Hair ir piepild\u012bta ar sp\u0113ju un dabas ener\u0123iju &#8211; ka\u0146epju e\u013c\u013ca ir viena no v\u0113rt\u012bg\u0101k\u0101m un sabalans\u0113t\u0101k\u0101m 100% e\u013c\u013c\u0101m.&nbsp; Komplekss no 14 ultra svar\u012bg\u0101m aminosk\u0101b\u0113m matu atjauno&scaron;anai PRODEW 500 nov\u0113r&scaron; matu kutikulas virsmas boj\u0101jumus, stiprina matu strukt\u016b\u0157u. Balzams mitrina, m\u012bkstina, izl\u012bdzina matus, atvieglo to \u0137emme&scaron;anu.&nbsp; Ka\u0146epju e\u013c\u013ca (satur vitam\u012bnus A, C, E, keram\u012bdus, [&#8230;]\n","protected":false},"featured_media":85258,"template":"","meta":[],"product_cat":[1638],"product_tag":[],"class_list":{"0":"post-49389","1":"product","2":"type-product","3":"status-publish","4":"has-post-thumbnail","6":"product_brand-elfa_ua","7":"product_cat-balzami","9":"first","10":"outofstock","11":"taxable","12":"shipping-taxable","13":"product-type-simple"},"_links":{"self":[{"href":"https:\/\/e.kosmolat.eu\/lv\/wp-json\/wp\/v2\/product\/49389","targetHints":{"allow":["GET"]}}],"collection":[{"href":"https:\/\/e.kosmolat.eu\/lv\/wp-json\/wp\/v2\/product"}],"about":[{"href":"https:\/\/e.kosmolat.eu\/lv\/wp-json\/wp\/v2\/types\/product"}],"wp:featuredmedia":[{"embeddable":true,"href":"https:\/\/e.kosmolat.eu\/lv\/wp-json\/wp\/v2\/media\/85258"}],"wp:attachment":[{"href":"https:\/\/e.kosmolat.eu\/lv\/wp-json\/wp\/v2\/media?parent=49389"}],"wp:term":[{"taxonomy":"product_cat","embeddable":true,"href":"https:\/\/e.kosmolat.eu\/lv\/wp-json\/wp\/v2\/product_cat?post=49389"},{"taxonomy":"product_tag","embeddable":true,"href":"https:\/\/e.kosmolat.eu\/lv\/wp-json\/wp\/v2\/product_tag?post=49389"}],"curies":[{"name":"wp","href":"https:\/\/api.w.org\/{rel}","templated":true}]}}