{"id":49357,"date":"2024-04-09T04:15:49","date_gmt":"2024-04-09T04:15:49","guid":{"rendered":"https:\/\/e.kosmolat.eu\/product\/ccas%d0%ben%d0%b5e%d0%b5%d0%b2u%d0%b5-%d0%bfa%d1%82%d1%87c-modo-%d0%ba%d0%beeean%d0%b5%d0%bd-2-u%d1%82\/"},"modified":"2025-09-20T04:32:02","modified_gmt":"2025-09-20T04:32:02","slug":"modo-hidrogela-acu-patci-kolagens-2-gab","status":"publish","type":"product","link":"https:\/\/e.kosmolat.eu\/lv\/product\/modo-hidrogela-acu-patci-kolagens-2-gab\/","title":{"rendered":"MODO Hidrog\u0113la acu pat\u010di Kolag\u0113ns, 2 gab."},"content":{"rendered":"<p>Pat\u010di satur olbaltumvielas, kas ir sadal\u012btas maz\u0101s da\u013ci\u0146\u0101s, kas ies\u016bcas \u0101d\u0101, padarot to tvirt\u0101ku un elast\u012bg\u0101ku. Kolag\u0113ns veido mitrino&scaron;u pl\u0113vi uz \u0101das virsmas, nov\u0113r&scaron;ot iz\u017e\u016b&scaron;anu un aizsarg\u0101jot tavu skaistumu no nelabv\u0113l\u012bgiem faktoriem.<\/p>\n<p><strong>Lieto&scaron;ana:<\/strong> uzkl\u0101t pat\u010dus uz att\u012br\u012btas \u0101das ap ac\u012bm vai nasolabi\u0101laj\u0101m krok\u0101m, lai tie cie&scaron;i piel\u012bp pie \u0101das. P\u0113c 15-20 min\u016bt\u0113m no\u0146emt pat\u010dus un atst\u0101t atliku&scaron;o esenci uz \u0101das, l\u012bdz t\u0101 piln\u012bb\u0101 uzs\u016bcas. Lai pastiprin\u0101tu pat\u010du iedarb\u012bbu, ievietot tos ledusskap\u012b uz 15-20 min\u016bt\u0113m temperat\u016br\u0101, &nbsp;kas nav zem\u0101ka par +5&deg;C.<\/p>\n<p><strong>Piesardz\u012bbas pas\u0101kumi:<\/strong> nelietot uz iekaisu&scaron;as vai kairin\u0101tas \u0101das. Tikai \u0101r\u012bgai lieto&scaron;anai. Iesp\u0113jama individu\u0101la atsevi&scaron;\u0137o sast\u0101vda\u013cu nepanesam\u012bba. Ja rodas kairin\u0101jums, p\u0101rtraukt lieto&scaron;anu. Izvair\u012bties no saskares ar ac\u012bm. Ja nok\u013c\u016bst ac\u012bs, izskalot ar \u016bdeni. Nelietot atk\u0101rtoti.<\/p>\n<p>Uzglab\u0101t temperat\u016br\u0101 no +5&deg;C l\u012bdz +25&deg;C.<br \/>\n&nbsp;<\/p>\n","protected":false},"excerpt":{"rendered":"<p>Pat\u010di satur olbaltumvielas, kas ir sadal\u012btas maz\u0101s da\u013ci\u0146\u0101s, kas ies\u016bcas \u0101d\u0101, padarot to tvirt\u0101ku un elast\u012bg\u0101ku. Kolag\u0113ns veido mitrino&scaron;u pl\u0113vi uz \u0101das virsmas, nov\u0113r&scaron;ot iz\u017e\u016b&scaron;anu un aizsarg\u0101jot tavu skaistumu no nelabv\u0113l\u012bgiem faktoriem. Lieto&scaron;ana: uzkl\u0101t pat\u010dus uz att\u012br\u012btas \u0101das ap ac\u012bm vai nasolabi\u0101laj\u0101m krok\u0101m, lai tie cie&scaron;i piel\u012bp pie \u0101das. P\u0113c 15-20 min\u016bt\u0113m no\u0146emt pat\u010dus un [&#8230;]\n","protected":false},"featured_media":91974,"template":"","meta":[],"product_cat":[1367],"product_tag":[],"class_list":{"0":"post-49357","1":"product","2":"type-product","3":"status-publish","4":"has-post-thumbnail","6":"product_brand-modum_by","7":"product_cat-sejas-maskas","9":"first","10":"outofstock","11":"taxable","12":"shipping-taxable","13":"product-type-simple"},"_links":{"self":[{"href":"https:\/\/e.kosmolat.eu\/lv\/wp-json\/wp\/v2\/product\/49357","targetHints":{"allow":["GET"]}}],"collection":[{"href":"https:\/\/e.kosmolat.eu\/lv\/wp-json\/wp\/v2\/product"}],"about":[{"href":"https:\/\/e.kosmolat.eu\/lv\/wp-json\/wp\/v2\/types\/product"}],"wp:featuredmedia":[{"embeddable":true,"href":"https:\/\/e.kosmolat.eu\/lv\/wp-json\/wp\/v2\/media\/91974"}],"wp:attachment":[{"href":"https:\/\/e.kosmolat.eu\/lv\/wp-json\/wp\/v2\/media?parent=49357"}],"wp:term":[{"taxonomy":"product_cat","embeddable":true,"href":"https:\/\/e.kosmolat.eu\/lv\/wp-json\/wp\/v2\/product_cat?post=49357"},{"taxonomy":"product_tag","embeddable":true,"href":"https:\/\/e.kosmolat.eu\/lv\/wp-json\/wp\/v2\/product_tag?post=49357"}],"curies":[{"name":"wp","href":"https:\/\/api.w.org\/{rel}","templated":true}]}}