{"id":49353,"date":"2024-04-09T04:15:25","date_gmt":"2024-04-09T04:15:25","guid":{"rendered":"https:\/\/e.kosmolat.eu\/product\/ccas%d0%ben%d0%b5e%d0%b5%d0%b2u%d0%b5-%d0%bfa%d1%82%d1%87c-modo-ccae%d1%83s%d0%be%d0%bd-2-u%d1%82\/"},"modified":"2025-09-20T04:31:47","modified_gmt":"2025-09-20T04:31:47","slug":"modo-hidrogela-acu-patci-hialurons-2-gab","status":"publish","type":"product","link":"https:\/\/e.kosmolat.eu\/lv\/product\/modo-hidrogela-acu-patci-hialurons-2-gab\/","title":{"rendered":"MODO Hidrog\u0113la acu pat\u010di Hialurons, 2 gab."},"content":{"rendered":"<p>Pat\u010di ar hialuronu pal\u012bdz\u0113s \u0101tri sakopt sevi. Liel\u0101s hialurona molekulas veido uz \u0101das elpojo&scaron;u pl\u0113vi, kas saglab\u0101 mitrumu \u0101d\u0101, nov\u0113r&scaron;ot sausumu, tom\u0113r s\u012bk\u0101s molekulas iek\u013c\u016bst dzi\u013c\u0101kajos \u0101das sl\u0101\u0146os, padarot to elast\u012bg\u0101ku, glud\u0101ku un sp\u012bd\u012bg\u0101ku.<\/p>\n<p><strong>Lieto&scaron;ana: <\/strong>uzkl\u0101t pat\u010dus uz att\u012br\u012btas \u0101das ap ac\u012bm vai nasolabi\u0101laj\u0101m krok\u0101m, lai tie cie&scaron;i piel\u012bp pie \u0101das. P\u0113c 15-20 min\u016bt\u0113m no\u0146emt pat\u010dus un atst\u0101t atliku&scaron;o esenci uz \u0101das, l\u012bdz t\u0101 piln\u012bb\u0101 uzs\u016bcas. Lai pastiprin\u0101tu pat\u010du iedarb\u012bbu, ievietot tos ledusskap\u012b uz 15-20 min\u016bt\u0113m temperat\u016br\u0101, &nbsp;kas nav zem\u0101ka par +5&deg;C.<\/p>\n<p><strong>Piesardz\u012bbas pas\u0101kumi: <\/strong>nelietot uz iekaisu&scaron;as vai kairin\u0101tas \u0101das. Tikai \u0101r\u012bgai lieto&scaron;anai. Iesp\u0113jama individu\u0101la atsevi&scaron;\u0137o sast\u0101vda\u013cu nepanesam\u012bba. Ja rodas kairin\u0101jums, p\u0101rtraukt lieto&scaron;anu. Izvair\u012bties no saskares ar ac\u012bm. Ja nok\u013c\u016bst ac\u012bs, izskalot ar \u016bdeni. Nelietot atk\u0101rtoti.<\/p>\n<p>Uzglab\u0101t temperat\u016br\u0101 no +5&deg;C l\u012bdz +25&deg;C.<br \/>\n&nbsp;<\/p>\n","protected":false},"excerpt":{"rendered":"<p>Pat\u010di ar hialuronu pal\u012bdz\u0113s \u0101tri sakopt sevi. Liel\u0101s hialurona molekulas veido uz \u0101das elpojo&scaron;u pl\u0113vi, kas saglab\u0101 mitrumu \u0101d\u0101, nov\u0113r&scaron;ot sausumu, tom\u0113r s\u012bk\u0101s molekulas iek\u013c\u016bst dzi\u013c\u0101kajos \u0101das sl\u0101\u0146os, padarot to elast\u012bg\u0101ku, glud\u0101ku un sp\u012bd\u012bg\u0101ku. Lieto&scaron;ana: uzkl\u0101t pat\u010dus uz att\u012br\u012btas \u0101das ap ac\u012bm vai nasolabi\u0101laj\u0101m krok\u0101m, lai tie cie&scaron;i piel\u012bp pie \u0101das. P\u0113c 15-20 min\u016bt\u0113m no\u0146emt [&#8230;]\n","protected":false},"featured_media":91970,"template":"","meta":[],"product_cat":[1369],"product_tag":[],"class_list":{"0":"post-49353","1":"product","2":"type-product","3":"status-publish","4":"has-post-thumbnail","6":"product_brand-modum_by","7":"product_cat-veido-kaukes","9":"first","10":"outofstock","11":"taxable","12":"shipping-taxable","13":"product-type-simple"},"_links":{"self":[{"href":"https:\/\/e.kosmolat.eu\/lv\/wp-json\/wp\/v2\/product\/49353","targetHints":{"allow":["GET"]}}],"collection":[{"href":"https:\/\/e.kosmolat.eu\/lv\/wp-json\/wp\/v2\/product"}],"about":[{"href":"https:\/\/e.kosmolat.eu\/lv\/wp-json\/wp\/v2\/types\/product"}],"wp:featuredmedia":[{"embeddable":true,"href":"https:\/\/e.kosmolat.eu\/lv\/wp-json\/wp\/v2\/media\/91970"}],"wp:attachment":[{"href":"https:\/\/e.kosmolat.eu\/lv\/wp-json\/wp\/v2\/media?parent=49353"}],"wp:term":[{"taxonomy":"product_cat","embeddable":true,"href":"https:\/\/e.kosmolat.eu\/lv\/wp-json\/wp\/v2\/product_cat?post=49353"},{"taxonomy":"product_tag","embeddable":true,"href":"https:\/\/e.kosmolat.eu\/lv\/wp-json\/wp\/v2\/product_tag?post=49353"}],"curies":[{"name":"wp","href":"https:\/\/api.w.org\/{rel}","templated":true}]}}