{"id":49345,"date":"2024-04-09T04:14:52","date_gmt":"2024-04-09T04:14:52","guid":{"rendered":"https:\/\/e.kosmolat.eu\/product\/organic-mimi-matu-maska-vs-argana-mulberry-200-ml\/"},"modified":"2026-04-14T05:52:32","modified_gmt":"2026-04-14T05:52:32","slug":"organic-mimi-matu-maska-vs-argana-mulberry-200-ml","status":"publish","type":"product","link":"https:\/\/e.kosmolat.eu\/lv\/product\/organic-mimi-matu-maska-vs-argana-mulberry-200-ml\/","title":{"rendered":"Organic Mimi Matu maska V&#038;S Argana &#038; Mulberry, 200 ml"},"content":{"rendered":"<p>Maska dzi\u013ci ies\u016bcas matu strukt\u016br\u0101 un nostiprina matus, pie&scaron;\u0137irot tiem apjomu un sp\u012bdumu.<\/p>\n<ul>\n<li><strong>Augu prote\u012bni<\/strong> sabl\u012bv\u0113 iek&scaron;\u0113jo matu strukt\u016bru, k\u0101 ar\u012b aizsarg\u0101 matus no \u0101rpuses.<\/li>\n<li><strong>Organisk\u0101 argana e\u013c\u013ca<\/strong>&nbsp;intens\u012bvi atjauno nov\u0101jin\u0101tus un boj\u0101tus matus.<\/li>\n<li><strong>Z\u012bdkoka ekstrakts<\/strong> pasarg\u0101 matus no kait\u012bg\u0101s apk\u0101rt\u0113j\u0101s vides ietekmes un pie&scaron;\u0137ir tiem sp\u012bdumu.<\/li>\n<\/ul>\n<p><strong>Lieto&scaron;ana: <\/strong>uzkl\u0101t nelielu maskas daudzumu uz t\u012briem, mitriem matiem, atst\u0101t uz 2-5 min\u016bt\u0113m un noskalot ar siltu \u016bdeni. Tikai \u0101r\u012bgai lieto&scaron;anai.<br \/>\n&nbsp;<\/p>\n","protected":false},"excerpt":{"rendered":"<p>Maska dzi\u013ci ies\u016bcas matu strukt\u016br\u0101 un nostiprina matus, pie&scaron;\u0137irot tiem apjomu un sp\u012bdumu. Augu prote\u012bni sabl\u012bv\u0113 iek&scaron;\u0113jo matu strukt\u016bru, k\u0101 ar\u012b aizsarg\u0101 matus no \u0101rpuses. Organisk\u0101 argana e\u013c\u013ca&nbsp;intens\u012bvi atjauno nov\u0101jin\u0101tus un boj\u0101tus matus. Z\u012bdkoka ekstrakts pasarg\u0101 matus no kait\u012bg\u0101s apk\u0101rt\u0113j\u0101s vides ietekmes un pie&scaron;\u0137ir tiem sp\u012bdumu. Lieto&scaron;ana: uzkl\u0101t nelielu maskas daudzumu uz t\u012briem, mitriem matiem, [&#8230;]\n","protected":false},"featured_media":90910,"template":"","meta":[],"product_cat":[1254],"product_tag":[],"class_list":{"0":"post-49345","1":"product","2":"type-product","3":"status-publish","4":"has-post-thumbnail","6":"product_brand-ecolab_cs","7":"product_cat-maskas-matiem","9":"first","10":"instock","11":"taxable","12":"shipping-taxable","13":"product-type-simple"},"_links":{"self":[{"href":"https:\/\/e.kosmolat.eu\/lv\/wp-json\/wp\/v2\/product\/49345","targetHints":{"allow":["GET"]}}],"collection":[{"href":"https:\/\/e.kosmolat.eu\/lv\/wp-json\/wp\/v2\/product"}],"about":[{"href":"https:\/\/e.kosmolat.eu\/lv\/wp-json\/wp\/v2\/types\/product"}],"wp:featuredmedia":[{"embeddable":true,"href":"https:\/\/e.kosmolat.eu\/lv\/wp-json\/wp\/v2\/media\/90910"}],"wp:attachment":[{"href":"https:\/\/e.kosmolat.eu\/lv\/wp-json\/wp\/v2\/media?parent=49345"}],"wp:term":[{"taxonomy":"product_cat","embeddable":true,"href":"https:\/\/e.kosmolat.eu\/lv\/wp-json\/wp\/v2\/product_cat?post=49345"},{"taxonomy":"product_tag","embeddable":true,"href":"https:\/\/e.kosmolat.eu\/lv\/wp-json\/wp\/v2\/product_tag?post=49345"}],"curies":[{"name":"wp","href":"https:\/\/api.w.org\/{rel}","templated":true}]}}