{"id":49337,"date":"2024-04-09T04:14:39","date_gmt":"2024-04-09T04:14:39","guid":{"rendered":"https:\/\/e.kosmolat.eu\/product\/organic-mimi-matu-maska-sr-shea-magnolia-200-ml\/"},"modified":"2026-04-14T05:52:20","modified_gmt":"2026-04-14T05:52:20","slug":"organic-mimi-matu-maska-sr-shea-magnolia-200-ml","status":"publish","type":"product","link":"https:\/\/e.kosmolat.eu\/lv\/product\/organic-mimi-matu-maska-sr-shea-magnolia-200-ml\/","title":{"rendered":"Organic Mimi Matu maska S&#038;R Shea &#038; Magnolia, 200 ml"},"content":{"rendered":"<p>Stiprina un atjauno nov\u0101jin\u0101tus un boj\u0101tus matus.<\/p>\n<ul>\n<li><strong>Organiskais &scaron;\u012b sviests un kokosriekstu e\u013c\u013ca <\/strong>atjauno matu strukt\u016bru, baro un mitrina tos, nov\u0113r&scaron;ot matu galu &scaron;\u0137el&scaron;anos un pie&scaron;\u0137irot tiem sp\u012bdumu.<\/li>\n<li><strong>Magnolijas ekstrakts<\/strong> stiprina un aizsarg\u0101 trauslus matus, veidojot uz to virsmas aizsargpl\u0113vi, kas pasarg\u0101 matus no mitruma zuduma un kait\u012bgiem apk\u0101rt\u0113j\u0101s vides faktoriem.<\/li>\n<\/ul>\n<p><strong>Lieto&scaron;ana:<\/strong> uzkl\u0101t nelielu maskas daudzumu uz t\u012briem, mitriem matiem, atst\u0101t uz 2-5 min\u016bt\u0113m un noskalot ar siltu \u016bdeni. Tikai \u0101r\u012bgai lieto&scaron;anai.<br \/>\n&nbsp;<\/p>\n","protected":false},"excerpt":{"rendered":"<p>Stiprina un atjauno nov\u0101jin\u0101tus un boj\u0101tus matus. Organiskais &scaron;\u012b sviests un kokosriekstu e\u013c\u013ca atjauno matu strukt\u016bru, baro un mitrina tos, nov\u0113r&scaron;ot matu galu &scaron;\u0137el&scaron;anos un pie&scaron;\u0137irot tiem sp\u012bdumu. Magnolijas ekstrakts stiprina un aizsarg\u0101 trauslus matus, veidojot uz to virsmas aizsargpl\u0113vi, kas pasarg\u0101 matus no mitruma zuduma un kait\u012bgiem apk\u0101rt\u0113j\u0101s vides faktoriem. Lieto&scaron;ana: uzkl\u0101t nelielu maskas [&#8230;]\n","protected":false},"featured_media":90906,"template":"","meta":[],"product_cat":[1254],"product_tag":[],"class_list":{"0":"post-49337","1":"product","2":"type-product","3":"status-publish","4":"has-post-thumbnail","6":"product_brand-ecolab_cs","7":"product_cat-maskas-matiem","9":"first","10":"instock","11":"taxable","12":"shipping-taxable","13":"product-type-simple"},"_links":{"self":[{"href":"https:\/\/e.kosmolat.eu\/lv\/wp-json\/wp\/v2\/product\/49337","targetHints":{"allow":["GET"]}}],"collection":[{"href":"https:\/\/e.kosmolat.eu\/lv\/wp-json\/wp\/v2\/product"}],"about":[{"href":"https:\/\/e.kosmolat.eu\/lv\/wp-json\/wp\/v2\/types\/product"}],"wp:featuredmedia":[{"embeddable":true,"href":"https:\/\/e.kosmolat.eu\/lv\/wp-json\/wp\/v2\/media\/90906"}],"wp:attachment":[{"href":"https:\/\/e.kosmolat.eu\/lv\/wp-json\/wp\/v2\/media?parent=49337"}],"wp:term":[{"taxonomy":"product_cat","embeddable":true,"href":"https:\/\/e.kosmolat.eu\/lv\/wp-json\/wp\/v2\/product_cat?post=49337"},{"taxonomy":"product_tag","embeddable":true,"href":"https:\/\/e.kosmolat.eu\/lv\/wp-json\/wp\/v2\/product_tag?post=49337"}],"curies":[{"name":"wp","href":"https:\/\/api.w.org\/{rel}","templated":true}]}}