{"id":49321,"date":"2024-04-09T04:14:12","date_gmt":"2024-04-09T04:14:12","guid":{"rendered":"https:\/\/e.kosmolat.eu\/product\/organic-mimi-samp-skrubis-s-volume-sea-salt-mulberry-280-g\/"},"modified":"2026-04-16T10:38:34","modified_gmt":"2026-04-16T10:38:34","slug":"organic-mimi-samp-skrubis-s-volume-sea-salt-mulberry-280-g","status":"publish","type":"product","link":"https:\/\/e.kosmolat.eu\/lv\/product\/organic-mimi-samp-skrubis-s-volume-sea-salt-mulberry-280-g\/","title":{"rendered":"Organic Mimi \u0160amp.-skrubis S. Volume Sea Salt &#038; Mulberry, 280 g"},"content":{"rendered":"<p>Sniedz t\u012br\u012bbas un svaiguma saj\u016btu. Pie&scaron;\u0137ir matiem papildu apjomu un sp\u012bdumu.&nbsp;<\/p>\n<ul>\n<li><strong>J\u016bras s\u0101ls<\/strong> dzi\u013ci att\u012bra galvas \u0101du, nov\u0113r&scaron; blaugznas un pie&scaron;\u0137ir matiem papildu apjomu.<\/li>\n<li><strong>Organisk\u0101 kokosriekstu e\u013c\u013ca<\/strong> efekt\u012bvi mitrina matus, mazina matu galu &scaron;\u0137el&scaron;anos, nov\u0113r&scaron; matu un galvas \u0101das sausumu un blaugznas, padara matus paklaus\u012bgus un sp\u012bd\u012bgus.<\/li>\n<li><strong>Z\u012bdkoka ekstrakts<\/strong> pasarg\u0101 matus no kait\u012bg\u0101s apk\u0101rt\u0113j\u0101s vides ietekmes.<\/li>\n<\/ul>\n<p><strong>Lieto&scaron;ana: <\/strong>uzkl\u0101t uz mitras galvas \u0101das un matiem, maigi iemas\u0113t, &nbsp;p\u0113c tam noskalot ar siltu \u016bdeni. Tikai \u0101r\u012bgai lieto&scaron;anai.<\/p>\n","protected":false},"excerpt":{"rendered":"<p>Sniedz t\u012br\u012bbas un svaiguma saj\u016btu. Pie&scaron;\u0137ir matiem papildu apjomu un sp\u012bdumu.&nbsp; J\u016bras s\u0101ls dzi\u013ci att\u012bra galvas \u0101du, nov\u0113r&scaron; blaugznas un pie&scaron;\u0137ir matiem papildu apjomu. Organisk\u0101 kokosriekstu e\u013c\u013ca efekt\u012bvi mitrina matus, mazina matu galu &scaron;\u0137el&scaron;anos, nov\u0113r&scaron; matu un galvas \u0101das sausumu un blaugznas, padara matus paklaus\u012bgus un sp\u012bd\u012bgus. Z\u012bdkoka ekstrakts pasarg\u0101 matus no kait\u012bg\u0101s apk\u0101rt\u0113j\u0101s vides [&#8230;]\n","protected":false},"featured_media":90862,"template":"","meta":[],"product_cat":[1343],"product_tag":[],"class_list":{"0":"post-49321","1":"product","2":"type-product","3":"status-publish","4":"has-post-thumbnail","6":"product_brand-ecolab_cs","7":"product_cat-citi-matu-kopsanas-produkti","9":"first","10":"instock","11":"taxable","12":"shipping-taxable","13":"product-type-simple"},"_links":{"self":[{"href":"https:\/\/e.kosmolat.eu\/lv\/wp-json\/wp\/v2\/product\/49321","targetHints":{"allow":["GET"]}}],"collection":[{"href":"https:\/\/e.kosmolat.eu\/lv\/wp-json\/wp\/v2\/product"}],"about":[{"href":"https:\/\/e.kosmolat.eu\/lv\/wp-json\/wp\/v2\/types\/product"}],"wp:featuredmedia":[{"embeddable":true,"href":"https:\/\/e.kosmolat.eu\/lv\/wp-json\/wp\/v2\/media\/90862"}],"wp:attachment":[{"href":"https:\/\/e.kosmolat.eu\/lv\/wp-json\/wp\/v2\/media?parent=49321"}],"wp:term":[{"taxonomy":"product_cat","embeddable":true,"href":"https:\/\/e.kosmolat.eu\/lv\/wp-json\/wp\/v2\/product_cat?post=49321"},{"taxonomy":"product_tag","embeddable":true,"href":"https:\/\/e.kosmolat.eu\/lv\/wp-json\/wp\/v2\/product_tag?post=49321"}],"curies":[{"name":"wp","href":"https:\/\/api.w.org\/{rel}","templated":true}]}}