{"id":49313,"date":"2024-04-09T04:10:04","date_gmt":"2024-04-09T04:10:04","guid":{"rendered":"https:\/\/e.kosmolat.eu\/product\/organic-mimi-kerm-skrubis-dzems-almond-strawberry-250-g\/"},"modified":"2025-09-20T03:17:16","modified_gmt":"2025-09-20T03:17:16","slug":"organic-mimi-kerm-skrubis-dzems-almond-strawberry-250-g","status":"publish","type":"product","link":"https:\/\/e.kosmolat.eu\/lv\/product\/organic-mimi-kerm-skrubis-dzems-almond-strawberry-250-g\/","title":{"rendered":"Organic Mimi \u0136erm. skrubis-d\u017eems Almond &#038; Strawberry, 250 g"},"content":{"rendered":"<p>\u0136erme\u0146a skrubis uz zeme\u0146u un mande\u013cu organisk\u0101s e\u013c\u013cas b\u0101zes ir lieliska izv\u0113le maigai jut\u012bgas \u0101das att\u012br\u012b&scaron;anai.<\/p>\n<ul>\n<li><strong>Cukurs <\/strong>dzi\u013ci att\u012bra un noloba \u0101du, neboj\u0101jot un nekairinot to.&nbsp;<\/li>\n<li><strong>Zemenes<\/strong> akt\u012bvi baro \u0101du ar vitam\u012bniem un mikroelementiem.<\/li>\n<li><strong>Organisk\u0101 mande\u013cu<\/strong> <strong>e\u013c\u013ca<\/strong> mitrina, baro, toniz\u0113 un uzlabo \u0101das elsat\u012bbu.<\/li>\n<\/ul>\n<p><strong>Lieto&scaron;ana: <\/strong>uzkl\u0101t uz mitras \u0101das, maigi iemas\u0113t un noskalot ar siltu \u016bdeni. Tikai \u0101r\u012bgai lieto&scaron;anai.<\/p>\n","protected":false},"excerpt":{"rendered":"<p>\u0136erme\u0146a skrubis uz zeme\u0146u un mande\u013cu organisk\u0101s e\u013c\u013cas b\u0101zes ir lieliska izv\u0113le maigai jut\u012bgas \u0101das att\u012br\u012b&scaron;anai. Cukurs dzi\u013ci att\u012bra un noloba \u0101du, neboj\u0101jot un nekairinot to.&nbsp; Zemenes akt\u012bvi baro \u0101du ar vitam\u012bniem un mikroelementiem. Organisk\u0101 mande\u013cu e\u013c\u013ca mitrina, baro, toniz\u0113 un uzlabo \u0101das elsat\u012bbu. Lieto&scaron;ana: uzkl\u0101t uz mitras \u0101das, maigi iemas\u0113t un noskalot ar siltu [&#8230;]\n","protected":false},"featured_media":90766,"template":"","meta":[],"product_cat":[1249],"product_tag":[],"class_list":{"0":"post-49313","1":"product","2":"type-product","3":"status-publish","4":"has-post-thumbnail","6":"product_brand-ecolab_cs","7":"product_cat-new","9":"first","10":"outofstock","11":"taxable","12":"shipping-taxable","13":"product-type-simple"},"_links":{"self":[{"href":"https:\/\/e.kosmolat.eu\/lv\/wp-json\/wp\/v2\/product\/49313","targetHints":{"allow":["GET"]}}],"collection":[{"href":"https:\/\/e.kosmolat.eu\/lv\/wp-json\/wp\/v2\/product"}],"about":[{"href":"https:\/\/e.kosmolat.eu\/lv\/wp-json\/wp\/v2\/types\/product"}],"wp:featuredmedia":[{"embeddable":true,"href":"https:\/\/e.kosmolat.eu\/lv\/wp-json\/wp\/v2\/media\/90766"}],"wp:attachment":[{"href":"https:\/\/e.kosmolat.eu\/lv\/wp-json\/wp\/v2\/media?parent=49313"}],"wp:term":[{"taxonomy":"product_cat","embeddable":true,"href":"https:\/\/e.kosmolat.eu\/lv\/wp-json\/wp\/v2\/product_cat?post=49313"},{"taxonomy":"product_tag","embeddable":true,"href":"https:\/\/e.kosmolat.eu\/lv\/wp-json\/wp\/v2\/product_tag?post=49313"}],"curies":[{"name":"wp","href":"https:\/\/api.w.org\/{rel}","templated":true}]}}