{"id":49305,"date":"2024-04-09T04:09:23","date_gmt":"2024-04-09T04:09:23","guid":{"rendered":"https:\/\/e.kosmolat.eu\/product\/dr-s-banana-hair-balzams-smooth-relax-200-ml\/"},"modified":"2025-09-19T23:55:44","modified_gmt":"2025-09-19T23:55:44","slug":"i_dr-s-banana-hair-balzams-smooth-relax-200-ml","status":"publish","type":"product","link":"https:\/\/e.kosmolat.eu\/lv\/product\/i_dr-s-banana-hair-balzams-smooth-relax-200-ml\/","title":{"rendered":"I_Dr.S Banana Hair Balzams Smooth Relax, 200 ml"},"content":{"rendered":"<p>Intens\u012bvs matu gludums un p\u016bko&scaron;an\u0101s nov\u0113r&scaron;ana. Unik\u0101la ban\u0101nu sulas, murumuru e\u013c\u013cas un revitaliz\u0113jo&scaron;o elementu apvienojums, kas nodro&scaron;ina matu un galvas \u0101das akt\u012bvu kop&scaron;anu. \u012apa&scaron;i viegla tekst\u016bra ar rekordlielu daudzumu mikroelementu matu ikdienas maigumam un gludumam.<\/p>\n<p><strong>Lieto&scaron;ana: <\/strong>uzkl\u0101t uz t\u012briem mitriem matiem, izkl\u0101t vis\u0101 matu garum\u0101, izvairoties no piesak\u0146u zonas. Atst\u0101t uz 1-2 min\u016bt\u0113m un r\u016bp\u012bgi noskalot.&nbsp;<\/p>\n<p><strong>Piesardz\u012bbas pas\u0101kumi: <\/strong>ja iek\u013c\u016bst ac\u012bs, r\u016bp\u012bgi izskalot ar \u016bdeni.&nbsp;<\/p>\n<p>Uzglab\u0101t temperat\u016br\u0101 no &nbsp;+5 &deg;C l\u012bdz +25 &deg;C.<br \/>\n&nbsp;<\/p>\n","protected":false},"excerpt":{"rendered":"<p>Intens\u012bvs matu gludums un p\u016bko&scaron;an\u0101s nov\u0113r&scaron;ana. Unik\u0101la ban\u0101nu sulas, murumuru e\u013c\u013cas un revitaliz\u0113jo&scaron;o elementu apvienojums, kas nodro&scaron;ina matu un galvas \u0101das akt\u012bvu kop&scaron;anu. \u012apa&scaron;i viegla tekst\u016bra ar rekordlielu daudzumu mikroelementu matu ikdienas maigumam un gludumam. Lieto&scaron;ana: uzkl\u0101t uz t\u012briem mitriem matiem, izkl\u0101t vis\u0101 matu garum\u0101, izvairoties no piesak\u0146u zonas. Atst\u0101t uz 1-2 min\u016bt\u0113m un r\u016bp\u012bgi [&#8230;]\n","protected":false},"featured_media":87538,"template":"","meta":[],"product_cat":[1638],"product_tag":[],"class_list":{"0":"post-49305","1":"product","2":"type-product","3":"status-publish","4":"has-post-thumbnail","6":"product_brand-elfa_ua","7":"product_cat-balzami","9":"first","10":"outofstock","11":"taxable","12":"shipping-taxable","13":"product-type-simple"},"_links":{"self":[{"href":"https:\/\/e.kosmolat.eu\/lv\/wp-json\/wp\/v2\/product\/49305","targetHints":{"allow":["GET"]}}],"collection":[{"href":"https:\/\/e.kosmolat.eu\/lv\/wp-json\/wp\/v2\/product"}],"about":[{"href":"https:\/\/e.kosmolat.eu\/lv\/wp-json\/wp\/v2\/types\/product"}],"wp:featuredmedia":[{"embeddable":true,"href":"https:\/\/e.kosmolat.eu\/lv\/wp-json\/wp\/v2\/media\/87538"}],"wp:attachment":[{"href":"https:\/\/e.kosmolat.eu\/lv\/wp-json\/wp\/v2\/media?parent=49305"}],"wp:term":[{"taxonomy":"product_cat","embeddable":true,"href":"https:\/\/e.kosmolat.eu\/lv\/wp-json\/wp\/v2\/product_cat?post=49305"},{"taxonomy":"product_tag","embeddable":true,"href":"https:\/\/e.kosmolat.eu\/lv\/wp-json\/wp\/v2\/product_tag?post=49305"}],"curies":[{"name":"wp","href":"https:\/\/api.w.org\/{rel}","templated":true}]}}