{"id":49289,"date":"2024-04-09T04:08:28","date_gmt":"2024-04-09T04:08:28","guid":{"rendered":"https:\/\/e.kosmolat.eu\/product\/dr-s-anti-hair-loss-maska-pret-matu-izkrisanu-1000-ml\/"},"modified":"2026-04-21T07:42:07","modified_gmt":"2026-04-21T07:42:07","slug":"dr-s-anti-hair-loss-maska-pret-matu-izkrisanu-1000-ml","status":"publish","type":"product","link":"https:\/\/e.kosmolat.eu\/lv\/product\/dr-s-anti-hair-loss-maska-pret-matu-izkrisanu-1000-ml\/","title":{"rendered":"Dr. S Anti Hair Loss Maska pret matu izkri\u0161anu, 1000 ml"},"content":{"rendered":"<p>Maska stiprina matus, uzlabo \u0137emm\u0113&scaron;anu, samazina matu l\u016b&scaron;anu.<\/p>\n<p><strong>Lieto&scaron;ana:<\/strong> uzkl\u0101t uz t\u012briem mitriem matiem. Atst\u0101t uz 3-5 min\u016bt\u0113m, r\u016bp\u012bgi noskalot.&nbsp;<\/p>\n<p><strong>Piesardz\u012bbas pas\u0101kumi:<\/strong> ja iek\u013c\u016bst ac\u012bs, izskalot ar \u016bdeni. Iesp\u0113jama paaugstin\u0101ta individu\u0101l\u0101 jut\u012bba pret atsevi&scaron;\u0137\u0101m sast\u0101vda\u013c\u0101m.<\/p>\n<p>Uzglab\u0101t temperat\u016br\u0101 no +5 &deg;\u0421 l\u012bdz +25 &deg;\u0421.<br \/>\n&nbsp;<\/p>\n","protected":false},"excerpt":{"rendered":"<p>Maska stiprina matus, uzlabo \u0137emm\u0113&scaron;anu, samazina matu l\u016b&scaron;anu. Lieto&scaron;ana: uzkl\u0101t uz t\u012briem mitriem matiem. Atst\u0101t uz 3-5 min\u016bt\u0113m, r\u016bp\u012bgi noskalot.&nbsp; Piesardz\u012bbas pas\u0101kumi: ja iek\u013c\u016bst ac\u012bs, izskalot ar \u016bdeni. Iesp\u0113jama paaugstin\u0101ta individu\u0101l\u0101 jut\u012bba pret atsevi&scaron;\u0137\u0101m sast\u0101vda\u013c\u0101m. Uzglab\u0101t temperat\u016br\u0101 no +5 &deg;\u0421 l\u012bdz +25 &deg;\u0421. &nbsp;<\/p>\n","protected":false},"featured_media":89614,"template":"","meta":[],"product_cat":[1257],"product_tag":[],"class_list":{"0":"post-49289","1":"product","2":"type-product","3":"status-publish","4":"has-post-thumbnail","6":"product_brand-elfa_ua","7":"product_cat-1257","9":"first","10":"instock","11":"taxable","12":"shipping-taxable","13":"product-type-simple"},"_links":{"self":[{"href":"https:\/\/e.kosmolat.eu\/lv\/wp-json\/wp\/v2\/product\/49289","targetHints":{"allow":["GET"]}}],"collection":[{"href":"https:\/\/e.kosmolat.eu\/lv\/wp-json\/wp\/v2\/product"}],"about":[{"href":"https:\/\/e.kosmolat.eu\/lv\/wp-json\/wp\/v2\/types\/product"}],"wp:featuredmedia":[{"embeddable":true,"href":"https:\/\/e.kosmolat.eu\/lv\/wp-json\/wp\/v2\/media\/89614"}],"wp:attachment":[{"href":"https:\/\/e.kosmolat.eu\/lv\/wp-json\/wp\/v2\/media?parent=49289"}],"wp:term":[{"taxonomy":"product_cat","embeddable":true,"href":"https:\/\/e.kosmolat.eu\/lv\/wp-json\/wp\/v2\/product_cat?post=49289"},{"taxonomy":"product_tag","embeddable":true,"href":"https:\/\/e.kosmolat.eu\/lv\/wp-json\/wp\/v2\/product_tag?post=49289"}],"curies":[{"name":"wp","href":"https:\/\/api.w.org\/{rel}","templated":true}]}}