{"id":49281,"date":"2024-04-09T04:08:12","date_gmt":"2024-04-09T04:08:12","guid":{"rendered":"https:\/\/e.kosmolat.eu\/product\/dr-sante-biotin-hair-sprejs-retiem-matiem-150-ml\/"},"modified":"2025-09-20T01:26:08","modified_gmt":"2025-09-20T01:26:08","slug":"i_dr-sante-biotin-hair-sprejs-retiem-matiem-150-ml","status":"publish","type":"product","link":"https:\/\/e.kosmolat.eu\/lv\/product\/i_dr-sante-biotin-hair-sprejs-retiem-matiem-150-ml\/","title":{"rendered":"I_Dr.Sante Biotin Hair Sprejs retiem matiem, 150 ml"},"content":{"rendered":"<p>S\u0113rija BIOTON HAIR Hair Loss Control &ndash; vitam\u012bnu terapija matu biezumam un sp\u0113kam ar biot\u012bnu un provitam\u012bnu B5. Dermatolo\u0123iski p\u0101rbaud\u012bts.<\/p>\n<p><strong>Lieto&scaron;ana: <\/strong>uzkl\u0101t uz galvas \u0101das p\u0113c matu mazg\u0101&scaron;anas, vienm\u0113r\u012bgi izkl\u0101t un mas\u0113t l\u012bdz tas piln\u012bgi uzs\u016bcas. Nenoskalot.&nbsp;<\/p>\n<p><strong>Piesardz\u012bbas pas\u0101kumi: <\/strong>ja iek\u013c\u016bst ac\u012bs, izskalot ar \u016bdeni.&nbsp;<br \/>\n&nbsp;<\/p>\n","protected":false},"excerpt":{"rendered":"<p>S\u0113rija BIOTON HAIR Hair Loss Control &ndash; vitam\u012bnu terapija matu biezumam un sp\u0113kam ar biot\u012bnu un provitam\u012bnu B5. Dermatolo\u0123iski p\u0101rbaud\u012bts. Lieto&scaron;ana: uzkl\u0101t uz galvas \u0101das p\u0113c matu mazg\u0101&scaron;anas, vienm\u0113r\u012bgi izkl\u0101t un mas\u0113t l\u012bdz tas piln\u012bgi uzs\u016bcas. Nenoskalot.&nbsp; Piesardz\u012bbas pas\u0101kumi: ja iek\u013c\u016bst ac\u012bs, izskalot ar \u016bdeni.&nbsp; &nbsp;<\/p>\n","protected":false},"featured_media":88974,"template":"","meta":[],"product_cat":[1343],"product_tag":[],"class_list":{"0":"post-49281","1":"product","2":"type-product","3":"status-publish","4":"has-post-thumbnail","6":"product_brand-elfa_ua","7":"product_cat-citi-matu-kopsanas-produkti","9":"first","10":"outofstock","11":"taxable","12":"shipping-taxable","13":"product-type-simple"},"_links":{"self":[{"href":"https:\/\/e.kosmolat.eu\/lv\/wp-json\/wp\/v2\/product\/49281","targetHints":{"allow":["GET"]}}],"collection":[{"href":"https:\/\/e.kosmolat.eu\/lv\/wp-json\/wp\/v2\/product"}],"about":[{"href":"https:\/\/e.kosmolat.eu\/lv\/wp-json\/wp\/v2\/types\/product"}],"wp:featuredmedia":[{"embeddable":true,"href":"https:\/\/e.kosmolat.eu\/lv\/wp-json\/wp\/v2\/media\/88974"}],"wp:attachment":[{"href":"https:\/\/e.kosmolat.eu\/lv\/wp-json\/wp\/v2\/media?parent=49281"}],"wp:term":[{"taxonomy":"product_cat","embeddable":true,"href":"https:\/\/e.kosmolat.eu\/lv\/wp-json\/wp\/v2\/product_cat?post=49281"},{"taxonomy":"product_tag","embeddable":true,"href":"https:\/\/e.kosmolat.eu\/lv\/wp-json\/wp\/v2\/product_tag?post=49281"}],"curies":[{"name":"wp","href":"https:\/\/api.w.org\/{rel}","templated":true}]}}