{"id":49277,"date":"2024-04-09T04:07:55","date_gmt":"2024-04-09T04:07:55","guid":{"rendered":"https:\/\/e.kosmolat.eu\/product\/dr-sante-argan-hair-sampuns-1-l\/"},"modified":"2026-04-17T06:56:09","modified_gmt":"2026-04-17T06:56:09","slug":"dr-sante-argan-hair-sampuns-1-l","status":"publish","type":"product","link":"https:\/\/e.kosmolat.eu\/lv\/product\/dr-sante-argan-hair-sampuns-1-l\/","title":{"rendered":"&#8220;Dr. Sante Argan Hair&#8221; \u0160amp\u016bns, 1 l"},"content":{"rendered":"<p>Arg\u0101ne\u013c\u013ca un kerat\u012bns. Boj\u0101tiem matiem.<br \/>\nS\u0113rija \u201cArgan Hair\u201d satur v\u0113rt\u012bgu sast\u0101vda\u013cu \u2013 arg\u0101ne\u013c\u013cu, kas atjauno matu strukt\u016bru gan no iek\u0161puses, gan no \u0101rpuses. Iek\u013c\u016bstot mata strukt\u016br\u0101, e\u013c\u013ca savieno mata zv\u012b\u0146as ar korteksu, nov\u0113r\u0161 matu galu \u0161\u0137el\u0161anos. P\u0101rkl\u0101jot matu no iek\u0161puses, e\u013c\u013ca nogludina un ilg\u0101ku laiku notur mitrumu, padarot matus z\u012bdainus. Kerat\u012bns aizpilda tuk\u0161umus matu boj\u0101jumu viet\u0101s un aizsarg\u0101 matus no nelabv\u0113l\u012bgiem laika apst\u0101k\u013ciem. Kvie\u0161u prote\u012bni stiprina un atjauno matus, pazemina to l\u016b\u0161anu par 80%. Mati izskat\u0101s vesel\u012bg\u0101ki jau p\u0113c \u010detr\u0101m lieto\u0161anas ned\u0113\u013c\u0101m, pamatojoties uz \u010detru ned\u0113\u013cu ilgas pat\u0113r\u0113t\u0101ju test\u0113\u0161anas rezult\u0101tiem. \u0160amp\u016bns saudz\u012bgi att\u012bra matus no net\u012brumiem un sagatavo tos turpm\u0101k\u0101m atjauno\u0161an\u0101s un stiprin\u0101\u0161anas proced\u016br\u0101m. Sniedz matiem vieglumu, z\u012bdainumu, atjauno elast\u012bgumu, veselu un koptu izskatu.<\/p>\n<p>Lieto\u0161ana: nepiecie\u0161amo \u0161amp\u016bna daudzumu uzkl\u0101t uz mitriem matiem, saputot, noskalot ar \u016bdeni. Nepiecie\u0161am\u012bbas gad\u012bjum\u0101 atk\u0101rtot proced\u016bru.<\/p>\n<p>Piesardz\u012bbas pas\u0101kumi: Ja iek\u013c\u016bst ac\u012bs, izskalot ar \u016bdeni. Iesp\u0113jama individu\u0101la nepanes\u012bba pret atsevi\u0161\u0137\u0101m l\u012bdzek\u013ca sast\u0101vda\u013c\u0101m.<br \/>\n.<\/p>\n","protected":false},"excerpt":{"rendered":"<p>Arg\u0101ne\u013c\u013ca un kerat\u012bns. Boj\u0101tiem matiem. S\u0113rija \u201cArgan Hair\u201d satur v\u0113rt\u012bgu sast\u0101vda\u013cu \u2013 arg\u0101ne\u013c\u013cu, kas atjauno matu strukt\u016bru gan no iek\u0161puses, gan no \u0101rpuses. Iek\u013c\u016bstot mata strukt\u016br\u0101, e\u013c\u013ca savieno mata zv\u012b\u0146as ar korteksu, nov\u0113r\u0161 matu galu \u0161\u0137el\u0161anos. P\u0101rkl\u0101jot matu no iek\u0161puses, e\u013c\u013ca nogludina un ilg\u0101ku laiku notur mitrumu, padarot matus z\u012bdainus. Kerat\u012bns aizpilda tuk\u0161umus matu boj\u0101jumu [&#8230;]\n","protected":false},"featured_media":86486,"template":"","meta":[],"product_cat":[1999],"product_tag":[],"class_list":{"0":"post-49277","1":"product","2":"type-product","3":"status-publish","4":"has-post-thumbnail","6":"product_brand-elfa_ua","7":"product_cat-bez-kategorijas","9":"first","10":"instock","11":"taxable","12":"shipping-taxable","13":"product-type-simple"},"_links":{"self":[{"href":"https:\/\/e.kosmolat.eu\/lv\/wp-json\/wp\/v2\/product\/49277","targetHints":{"allow":["GET"]}}],"collection":[{"href":"https:\/\/e.kosmolat.eu\/lv\/wp-json\/wp\/v2\/product"}],"about":[{"href":"https:\/\/e.kosmolat.eu\/lv\/wp-json\/wp\/v2\/types\/product"}],"wp:featuredmedia":[{"embeddable":true,"href":"https:\/\/e.kosmolat.eu\/lv\/wp-json\/wp\/v2\/media\/86486"}],"wp:attachment":[{"href":"https:\/\/e.kosmolat.eu\/lv\/wp-json\/wp\/v2\/media?parent=49277"}],"wp:term":[{"taxonomy":"product_cat","embeddable":true,"href":"https:\/\/e.kosmolat.eu\/lv\/wp-json\/wp\/v2\/product_cat?post=49277"},{"taxonomy":"product_tag","embeddable":true,"href":"https:\/\/e.kosmolat.eu\/lv\/wp-json\/wp\/v2\/product_tag?post=49277"}],"curies":[{"name":"wp","href":"https:\/\/api.w.org\/{rel}","templated":true}]}}