{"id":49273,"date":"2024-04-09T04:07:41","date_gmt":"2024-04-09T04:07:41","guid":{"rendered":"https:\/\/e.kosmolat.eu\/product\/dr-s-black-castor-oil-sampuns-250-ml\/"},"modified":"2025-09-19T22:02:55","modified_gmt":"2025-09-19T22:02:55","slug":"i_dr-s-black-castor-oil-sampuns-250-ml","status":"publish","type":"product","link":"https:\/\/e.kosmolat.eu\/lv\/product\/i_dr-s-black-castor-oil-sampuns-250-ml\/","title":{"rendered":"I_Dr.S.BLACK CASTOR OIL \u0160amp\u016bns, 250 ml"},"content":{"rendered":"<div>S\u0113rija Black Castor Oil ir piepild\u012bta ar unik\u0101l\u0101m e\u013c\u013cu \u012bpa\u0161\u012bb\u0101m un augu aminosk\u0101bju sp\u0113ku. Dab\u012bga r\u012bcine\u013c\u013ca uz 90% sast\u0101v no v\u0113rt\u012bgas ricinolsk\u0101bes, kura stiprina pl\u0101nus un nov\u0101jin\u0101tus matus.\n<\/div>\n<div>Kvie\u0161u un sojas aminosk\u0101bju komplekss \u2013 m\u016bsdienu\n<\/div>\n<div>augu alternat\u012bva dz\u012bvnieku kerat\u012bnam. Uztur \u016bdens molekulas mata iek\u0161pus\u0113, nov\u0113r\u0161 matu l\u016b\u0161anu un \u0161\u0137el\u0161anos. R\u012bcine\u013c\u013ca sast\u0101v no tauksk\u0101bju triglicer\u012bdiem. Stiprina matus, pie\u0161\u0137ir tiem m\u012bkstumu un sp\u012bdumu. Inka in\u010di e\u013c\u013ca ir bag\u0101ta ar polipies\u0101tin\u0101t\u0101m tauksk\u0101b\u0113m Omega 3, 6, 9 un tokoferoliem. Atjauno matu lip\u012bdu aizsargsl\u0101ni, padara to notur\u012bg\u0101ku pret boj\u0101jumiem. Bezsulf\u0101tu \u0161amp\u016bns maigi att\u012bra matus, pie\u0161\u0137ir tiem elast\u012bbu, gludumu, dabisku sp\u012bdumu.\n<\/div>\n<div>Atvieglo matu \u0137emm\u0113\u0161anu. <\/div>\n<h4>Lieto\u0161ana: <\/h4>\n<div>uzkl\u0101t uz mitriem matiem, nomazg\u0101t ar \u016bdeni.\n<\/div>\n<h4>Piesardz\u012bbas pas\u0101kumi: <\/h4>\n<div>ja iek\u013c\u016bst ac\u012bs, nomazg\u0101t ar \u016bdeni. Ir iesp\u0113jama paaugstin\u0101ta individu\u0101la jut\u012bba uz atsevi\u0161\u0137\u0101m sast\u0101vda\u013c\u0101m.\n<\/div>\n<div><\/div>\n","protected":false},"excerpt":{"rendered":"<p>S\u0113rija Black Castor Oil ir piepild\u012bta ar unik\u0101l\u0101m e\u013c\u013cu \u012bpa\u0161\u012bb\u0101m un augu aminosk\u0101bju sp\u0113ku. Dab\u012bga r\u012bcine\u013c\u013ca uz 90% sast\u0101v no v\u0113rt\u012bgas ricinolsk\u0101bes, kura stiprina pl\u0101nus un nov\u0101jin\u0101tus matus. Kvie\u0161u un sojas aminosk\u0101bju komplekss \u2013 m\u016bsdienu augu alternat\u012bva dz\u012bvnieku kerat\u012bnam. Uztur \u016bdens molekulas mata iek\u0161pus\u0113, nov\u0113r\u0161 matu l\u016b\u0161anu un \u0161\u0137el\u0161anos. R\u012bcine\u013c\u013ca sast\u0101v no tauksk\u0101bju triglicer\u012bdiem. Stiprina [&#8230;]\n","protected":false},"featured_media":85710,"template":"","meta":[],"product_cat":[1248],"product_tag":[],"class_list":{"0":"post-49273","1":"product","2":"type-product","3":"status-publish","4":"has-post-thumbnail","6":"product_brand-elfa_ua","7":"product_cat-sampuni","9":"first","10":"outofstock","11":"taxable","12":"shipping-taxable","13":"product-type-simple"},"_links":{"self":[{"href":"https:\/\/e.kosmolat.eu\/lv\/wp-json\/wp\/v2\/product\/49273","targetHints":{"allow":["GET"]}}],"collection":[{"href":"https:\/\/e.kosmolat.eu\/lv\/wp-json\/wp\/v2\/product"}],"about":[{"href":"https:\/\/e.kosmolat.eu\/lv\/wp-json\/wp\/v2\/types\/product"}],"wp:featuredmedia":[{"embeddable":true,"href":"https:\/\/e.kosmolat.eu\/lv\/wp-json\/wp\/v2\/media\/85710"}],"wp:attachment":[{"href":"https:\/\/e.kosmolat.eu\/lv\/wp-json\/wp\/v2\/media?parent=49273"}],"wp:term":[{"taxonomy":"product_cat","embeddable":true,"href":"https:\/\/e.kosmolat.eu\/lv\/wp-json\/wp\/v2\/product_cat?post=49273"},{"taxonomy":"product_tag","embeddable":true,"href":"https:\/\/e.kosmolat.eu\/lv\/wp-json\/wp\/v2\/product_tag?post=49273"}],"curies":[{"name":"wp","href":"https:\/\/api.w.org\/{rel}","templated":true}]}}