{"id":49265,"date":"2024-04-09T04:07:23","date_gmt":"2024-04-09T04:07:23","guid":{"rendered":"https:\/\/e.kosmolat.eu\/product\/za-krems-varikozo-venu-profilaksei-zirgkastana-300-ml\/"},"modified":"2025-07-08T14:41:26","modified_gmt":"2025-07-08T14:41:26","slug":"i_za-krems-varikozo-venu-profilaksei-zirgkastana-300-ml","status":"publish","type":"product","link":"https:\/\/e.kosmolat.eu\/lv\/product\/i_za-krems-varikozo-venu-profilaksei-zirgkastana-300-ml\/","title":{"rendered":"I_ZA Kr\u0113ms varikozo v\u0113nu profilaksei Zirgkasta\u0146a, 300 ml"},"content":{"rendered":"<p>Veg\u0101nisks produkts. Ieteicams lieto\u0161anai, ja ir predispoz\u012bcija pret varikozo v\u0113nu papla\u0161in\u0101\u0161anos un piet\u016bkumu, staig\u0101jot augstpap\u0113\u017eu kurp\u0113s, \u0161auros un sl\u0113gtos apavos.<\/p>\n<ul>\n<li>Asins mikrocirkul\u0101cijas uzlabo\u0161ana, varikoz\u0101s v\u0113nu papla\u0161in\u0101\u0161an\u0101s profilakse &ndash; zirgkasta\u0146as ekstrakts un cipreses e\u013c\u013ca.<\/li>\n<li>Toniz\u0113\u0161ana &ndash; arnikas ekstrakts. Regul\u0101ra kr\u0113ma lieto\u0161ana mazina noguruma saj\u016btu k\u0101j\u0101s, atjauno \u0101das gludumu.<\/li>\n<\/ul>\n<p><strong>Lieto\u0161ana:<\/strong> ar viegl\u0101m mas\u0113jo\u0161\u0101m kust\u012bb\u0101m uzkl\u0101jiet kr\u0113mu virzien\u0101 no apak\u0161as uz aug\u0161u uz t\u012bras k\u0101ju \u0101das. Ieteicams uzkl\u0101t no r\u012bta un vakar\u0101.<\/p>\n<p><strong>Piesardz\u012bbas pas\u0101kumi: <\/strong>iesp\u0113jama paaugstin\u0101ta individu\u0101l\u0101 jut\u012bba pret atsevi\u0161\u0137\u0101m sast\u0101vda\u013c\u0101m.<\/p>\n<p>Uzglab\u0101t temperat\u016br\u0101 no +5 &deg;\u0421 l\u012bdz +25 &deg;\u0421.&nbsp;<\/p>\n<p><strong>Der\u012bguma termi\u0146\u0161:<\/strong> 24 m\u0113ne\u0161i<br \/>\n&nbsp;<\/p>\n","protected":false},"excerpt":{"rendered":"<p>Veg\u0101nisks produkts. Ieteicams lieto\u0161anai, ja ir predispoz\u012bcija pret varikozo v\u0113nu papla\u0161in\u0101\u0161anos un piet\u016bkumu, staig\u0101jot augstpap\u0113\u017eu kurp\u0113s, \u0161auros un sl\u0113gtos apavos. Asins mikrocirkul\u0101cijas uzlabo\u0161ana, varikoz\u0101s v\u0113nu papla\u0161in\u0101\u0161an\u0101s profilakse &ndash; zirgkasta\u0146as ekstrakts un cipreses e\u013c\u013ca. Toniz\u0113\u0161ana &ndash; arnikas ekstrakts. Regul\u0101ra kr\u0113ma lieto\u0161ana mazina noguruma saj\u016btu k\u0101j\u0101s, atjauno \u0101das gludumu. Lieto\u0161ana: ar viegl\u0101m mas\u0113jo\u0161\u0101m kust\u012bb\u0101m uzkl\u0101jiet kr\u0113mu virzien\u0101 [&#8230;]\n","protected":false},"featured_media":49269,"template":"","meta":[],"product_cat":[1761],"product_tag":[],"class_list":{"0":"post-49265","1":"product","2":"type-product","3":"status-publish","4":"has-post-thumbnail","6":"product_brand-elfa_ua","7":"product_cat-kaju-kopsanas-kosmetika","9":"first","10":"outofstock","11":"taxable","12":"shipping-taxable","13":"product-type-simple"},"_links":{"self":[{"href":"https:\/\/e.kosmolat.eu\/lv\/wp-json\/wp\/v2\/product\/49265","targetHints":{"allow":["GET"]}}],"collection":[{"href":"https:\/\/e.kosmolat.eu\/lv\/wp-json\/wp\/v2\/product"}],"about":[{"href":"https:\/\/e.kosmolat.eu\/lv\/wp-json\/wp\/v2\/types\/product"}],"wp:featuredmedia":[{"embeddable":true,"href":"https:\/\/e.kosmolat.eu\/lv\/wp-json\/wp\/v2\/media\/49269"}],"wp:attachment":[{"href":"https:\/\/e.kosmolat.eu\/lv\/wp-json\/wp\/v2\/media?parent=49265"}],"wp:term":[{"taxonomy":"product_cat","embeddable":true,"href":"https:\/\/e.kosmolat.eu\/lv\/wp-json\/wp\/v2\/product_cat?post=49265"},{"taxonomy":"product_tag","embeddable":true,"href":"https:\/\/e.kosmolat.eu\/lv\/wp-json\/wp\/v2\/product_tag?post=49265"}],"curies":[{"name":"wp","href":"https:\/\/api.w.org\/{rel}","templated":true}]}}