{"id":49204,"date":"2024-04-06T04:11:23","date_gmt":"2024-04-06T04:11:23","guid":{"rendered":"https:\/\/e.kosmolat.eu\/product\/organic-mimi-samp-skrubis-sr-sea-salt-mint-280-g\/"},"modified":"2026-04-17T06:26:39","modified_gmt":"2026-04-17T06:26:39","slug":"organic-mimi-samp-skrubis-sr-sea-salt-mint-280-g","status":"publish","type":"product","link":"https:\/\/e.kosmolat.eu\/lv\/product\/organic-mimi-samp-skrubis-sr-sea-salt-mint-280-g\/","title":{"rendered":"Organic Mimi \u0160amp. &#8211; skrubis S&#038;R Sea Salt &#038; Mint, 280 g"},"content":{"rendered":"<p>Sniedz t\u012br\u012bbas un svaiguma saj\u016btu, stiprina un atjauno nov\u0101jin\u0101tus un boj\u0101tus matus.<\/p>\n<ul>\n<li><strong>J\u016bras s\u0101ls<\/strong> dzi\u013ci att\u012bra galvas \u0101du, nov\u0113r&scaron; blaugznas un pie&scaron;\u0137ir matiem papildu apjomu.<\/li>\n<li><strong>Organiskais &scaron;\u012b sviests<\/strong> baro un mitrina matus, atjauno sa&scaron;\u0137eltos matu galus, stiprina folikulus un&nbsp;pie&scaron;\u0137ir&nbsp;matiem sp\u012bdumu.<\/li>\n<li><strong>Ingvera ekstrakts<\/strong> stiprina matu folikulus.<\/li>\n<\/ul>\n<p><strong>Lieto&scaron;ana:<\/strong> uzkl\u0101t uz mitras galvas \u0101das un matiem, maigi iemas\u0113t, p\u0113c tam noskalot ar siltu \u016bdeni. Tikai \u0101r\u012bgai lieto&scaron;anai.<br \/>\n&nbsp;<\/p>\n","protected":false},"excerpt":{"rendered":"<p>Sniedz t\u012br\u012bbas un svaiguma saj\u016btu, stiprina un atjauno nov\u0101jin\u0101tus un boj\u0101tus matus. J\u016bras s\u0101ls dzi\u013ci att\u012bra galvas \u0101du, nov\u0113r&scaron; blaugznas un pie&scaron;\u0137ir matiem papildu apjomu. Organiskais &scaron;\u012b sviests baro un mitrina matus, atjauno sa&scaron;\u0137eltos matu galus, stiprina folikulus un&nbsp;pie&scaron;\u0137ir&nbsp;matiem sp\u012bdumu. Ingvera ekstrakts stiprina matu folikulus. Lieto&scaron;ana: uzkl\u0101t uz mitras galvas \u0101das un matiem, maigi iemas\u0113t, [&#8230;]\n","protected":false},"featured_media":90858,"template":"","meta":[],"product_cat":[1999],"product_tag":[],"class_list":{"0":"post-49204","1":"product","2":"type-product","3":"status-publish","4":"has-post-thumbnail","6":"product_brand-ecolab_cs","7":"product_cat-bez-kategorijas","9":"first","10":"instock","11":"taxable","12":"shipping-taxable","13":"product-type-simple"},"_links":{"self":[{"href":"https:\/\/e.kosmolat.eu\/lv\/wp-json\/wp\/v2\/product\/49204","targetHints":{"allow":["GET"]}}],"collection":[{"href":"https:\/\/e.kosmolat.eu\/lv\/wp-json\/wp\/v2\/product"}],"about":[{"href":"https:\/\/e.kosmolat.eu\/lv\/wp-json\/wp\/v2\/types\/product"}],"wp:featuredmedia":[{"embeddable":true,"href":"https:\/\/e.kosmolat.eu\/lv\/wp-json\/wp\/v2\/media\/90858"}],"wp:attachment":[{"href":"https:\/\/e.kosmolat.eu\/lv\/wp-json\/wp\/v2\/media?parent=49204"}],"wp:term":[{"taxonomy":"product_cat","embeddable":true,"href":"https:\/\/e.kosmolat.eu\/lv\/wp-json\/wp\/v2\/product_cat?post=49204"},{"taxonomy":"product_tag","embeddable":true,"href":"https:\/\/e.kosmolat.eu\/lv\/wp-json\/wp\/v2\/product_tag?post=49204"}],"curies":[{"name":"wp","href":"https:\/\/api.w.org\/{rel}","templated":true}]}}