{"id":49196,"date":"2024-04-06T04:11:11","date_gmt":"2024-04-06T04:11:11","guid":{"rendered":"https:\/\/e.kosmolat.eu\/product\/organic-mimi-samp-skrubis-all-in-1-sea-salt-mint-280-g\/"},"modified":"2026-04-17T06:26:25","modified_gmt":"2026-04-17T06:26:25","slug":"organic-mimi-samp-skrubis-all-in-1-sea-salt-mint-280-g","status":"publish","type":"product","link":"https:\/\/e.kosmolat.eu\/lv\/product\/organic-mimi-samp-skrubis-all-in-1-sea-salt-mint-280-g\/","title":{"rendered":"Organic Mimi \u0160amp. &#8211; skrubis All in 1 Sea Salt &#038; Mint, 280 g"},"content":{"rendered":"<p>Sniedz t\u012br\u012bbas un svaiguma saj\u016btu. Piem\u0113rots visiem matu tipiem.<\/p>\n<ul>\n<li><strong>J\u016bras s\u0101ls <\/strong>dzi\u013ci att\u012bra galvas \u0101du, nov\u0113r&scaron; blaugznas un pie&scaron;\u0137ir matiem papildu apjomu.<\/li>\n<li><strong>Hohobas e\u013c\u013ca <\/strong>atdz\u012bvina un stiprina matus, stimul\u0113 matu aug&scaron;anu un nov\u0113r&scaron; to izkri&scaron;anu.<\/li>\n<li><strong>Organiskajam piparm\u0113tru ekstraktam<\/strong> piem\u012bt toniz\u0113jo&scaron;a un atv\u0113sino&scaron;a iedarb\u012bba, tas atjauno matus un pie&scaron;\u0137ir tiem dabisku sp\u012bdumu.<\/li>\n<\/ul>\n<p><strong>Lieto&scaron;ana: <\/strong>uzkl\u0101t uz mitras galvas \u0101das un matiem, maigi iemas\u0113t, &nbsp;p\u0113c tam noskalot ar siltu \u016bdeni. Tikai \u0101r\u012bgai lieto&scaron;anai.<br \/>\n&nbsp;<\/p>\n","protected":false},"excerpt":{"rendered":"<p>Sniedz t\u012br\u012bbas un svaiguma saj\u016btu. Piem\u0113rots visiem matu tipiem. J\u016bras s\u0101ls dzi\u013ci att\u012bra galvas \u0101du, nov\u0113r&scaron; blaugznas un pie&scaron;\u0137ir matiem papildu apjomu. Hohobas e\u013c\u013ca atdz\u012bvina un stiprina matus, stimul\u0113 matu aug&scaron;anu un nov\u0113r&scaron; to izkri&scaron;anu. Organiskajam piparm\u0113tru ekstraktam piem\u012bt toniz\u0113jo&scaron;a un atv\u0113sino&scaron;a iedarb\u012bba, tas atjauno matus un pie&scaron;\u0137ir tiem dabisku sp\u012bdumu. Lieto&scaron;ana: uzkl\u0101t uz mitras [&#8230;]\n","protected":false},"featured_media":90854,"template":"","meta":[],"product_cat":[1999],"product_tag":[],"class_list":{"0":"post-49196","1":"product","2":"type-product","3":"status-publish","4":"has-post-thumbnail","6":"product_brand-ecolab_cs","7":"product_cat-bez-kategorijas","9":"first","10":"instock","11":"taxable","12":"shipping-taxable","13":"product-type-simple"},"_links":{"self":[{"href":"https:\/\/e.kosmolat.eu\/lv\/wp-json\/wp\/v2\/product\/49196","targetHints":{"allow":["GET"]}}],"collection":[{"href":"https:\/\/e.kosmolat.eu\/lv\/wp-json\/wp\/v2\/product"}],"about":[{"href":"https:\/\/e.kosmolat.eu\/lv\/wp-json\/wp\/v2\/types\/product"}],"wp:featuredmedia":[{"embeddable":true,"href":"https:\/\/e.kosmolat.eu\/lv\/wp-json\/wp\/v2\/media\/90854"}],"wp:attachment":[{"href":"https:\/\/e.kosmolat.eu\/lv\/wp-json\/wp\/v2\/media?parent=49196"}],"wp:term":[{"taxonomy":"product_cat","embeddable":true,"href":"https:\/\/e.kosmolat.eu\/lv\/wp-json\/wp\/v2\/product_cat?post=49196"},{"taxonomy":"product_tag","embeddable":true,"href":"https:\/\/e.kosmolat.eu\/lv\/wp-json\/wp\/v2\/product_tag?post=49196"}],"curies":[{"name":"wp","href":"https:\/\/api.w.org\/{rel}","templated":true}]}}