{"id":49188,"date":"2024-04-06T04:10:04","date_gmt":"2024-04-06T04:10:04","guid":{"rendered":"https:\/\/e.kosmolat.eu\/product\/organic-mimi-roku-krems-recovery-mango-basil-50-ml\/"},"modified":"2026-04-15T08:56:23","modified_gmt":"2026-04-15T08:56:23","slug":"organic-mimi-roku-krems-recovery-mango-basil-50-ml","status":"publish","type":"product","link":"https:\/\/e.kosmolat.eu\/lv\/product\/organic-mimi-roku-krems-recovery-mango-basil-50-ml\/","title":{"rendered":"Organic Mimi Roku kr\u0113ms Recovery Mango &#038; Basil, 50 ml"},"content":{"rendered":"<p><strong>Lieto&scaron;ana: <\/strong>uzkl\u0101t uz t\u012bras roku \u0101das un iemas\u0113t l\u012bdz piln\u012bb\u0101 uzs\u016bcas. Tikai \u0101r\u012bgai lieto&scaron;anai.<\/p>\n","protected":false},"excerpt":{"rendered":"<p>Lieto&scaron;ana: uzkl\u0101t uz t\u012bras roku \u0101das un iemas\u0113t l\u012bdz piln\u012bb\u0101 uzs\u016bcas. Tikai \u0101r\u012bgai lieto&scaron;anai.<\/p>\n","protected":false},"featured_media":90826,"template":"","meta":[],"product_cat":[1302],"product_tag":[],"class_list":{"0":"post-49188","1":"product","2":"type-product","3":"status-publish","4":"has-post-thumbnail","6":"product_brand-ecolab_cs","7":"product_cat-roku-kopsanas-kosmetika","9":"first","10":"outofstock","11":"taxable","12":"shipping-taxable","13":"product-type-simple"},"_links":{"self":[{"href":"https:\/\/e.kosmolat.eu\/lv\/wp-json\/wp\/v2\/product\/49188","targetHints":{"allow":["GET"]}}],"collection":[{"href":"https:\/\/e.kosmolat.eu\/lv\/wp-json\/wp\/v2\/product"}],"about":[{"href":"https:\/\/e.kosmolat.eu\/lv\/wp-json\/wp\/v2\/types\/product"}],"wp:featuredmedia":[{"embeddable":true,"href":"https:\/\/e.kosmolat.eu\/lv\/wp-json\/wp\/v2\/media\/90826"}],"wp:attachment":[{"href":"https:\/\/e.kosmolat.eu\/lv\/wp-json\/wp\/v2\/media?parent=49188"}],"wp:term":[{"taxonomy":"product_cat","embeddable":true,"href":"https:\/\/e.kosmolat.eu\/lv\/wp-json\/wp\/v2\/product_cat?post=49188"},{"taxonomy":"product_tag","embeddable":true,"href":"https:\/\/e.kosmolat.eu\/lv\/wp-json\/wp\/v2\/product_tag?post=49188"}],"curies":[{"name":"wp","href":"https:\/\/api.w.org\/{rel}","templated":true}]}}