{"id":49180,"date":"2024-04-06T04:09:16","date_gmt":"2024-04-06T04:09:16","guid":{"rendered":"https:\/\/e.kosmolat.eu\/product\/organic-mimi-roku-krems-nutrition-avocado-oregano-50-ml\/"},"modified":"2026-04-13T10:08:19","modified_gmt":"2026-04-13T10:08:19","slug":"organic-mimi-roku-krems-nutrition-avocado-oregano-50-ml","status":"publish","type":"product","link":"https:\/\/e.kosmolat.eu\/lv\/product\/organic-mimi-roku-krems-nutrition-avocado-oregano-50-ml\/","title":{"rendered":"Organic Mimi Roku kr\u0113ms Nutrition Avocado &#038; Oregano, 50 ml"},"content":{"rendered":"<p><strong>Lieto&scaron;ana:<\/strong> uzkl\u0101t uz t\u012bras roku \u0101das un iemas\u0113t l\u012bdz piln\u012bb\u0101 uzs\u016bcas.&nbsp;Tikai \u0101r\u012bgai lieto&scaron;anai.<\/p>\n","protected":false},"excerpt":{"rendered":"<p>Lieto&scaron;ana: uzkl\u0101t uz t\u012bras roku \u0101das un iemas\u0113t l\u012bdz piln\u012bb\u0101 uzs\u016bcas.&nbsp;Tikai \u0101r\u012bgai lieto&scaron;anai.<\/p>\n","protected":false},"featured_media":90822,"template":"","meta":[],"product_cat":[1999],"product_tag":[],"class_list":{"0":"post-49180","1":"product","2":"type-product","3":"status-publish","4":"has-post-thumbnail","6":"product_brand-ecolab_cs","7":"product_cat-bez-kategorijas","9":"first","10":"instock","11":"taxable","12":"shipping-taxable","13":"product-type-simple"},"_links":{"self":[{"href":"https:\/\/e.kosmolat.eu\/lv\/wp-json\/wp\/v2\/product\/49180","targetHints":{"allow":["GET"]}}],"collection":[{"href":"https:\/\/e.kosmolat.eu\/lv\/wp-json\/wp\/v2\/product"}],"about":[{"href":"https:\/\/e.kosmolat.eu\/lv\/wp-json\/wp\/v2\/types\/product"}],"wp:featuredmedia":[{"embeddable":true,"href":"https:\/\/e.kosmolat.eu\/lv\/wp-json\/wp\/v2\/media\/90822"}],"wp:attachment":[{"href":"https:\/\/e.kosmolat.eu\/lv\/wp-json\/wp\/v2\/media?parent=49180"}],"wp:term":[{"taxonomy":"product_cat","embeddable":true,"href":"https:\/\/e.kosmolat.eu\/lv\/wp-json\/wp\/v2\/product_cat?post=49180"},{"taxonomy":"product_tag","embeddable":true,"href":"https:\/\/e.kosmolat.eu\/lv\/wp-json\/wp\/v2\/product_tag?post=49180"}],"curies":[{"name":"wp","href":"https:\/\/api.w.org\/{rel}","templated":true}]}}