{"id":49164,"date":"2024-04-06T04:08:07","date_gmt":"2024-04-06T04:08:07","guid":{"rendered":"https:\/\/e.kosmolat.eu\/product\/organic-mimi-roku-sviestkrems-softening-50-ml\/"},"modified":"2026-04-24T05:28:10","modified_gmt":"2026-04-24T05:28:10","slug":"c-organic-mimi-roku-sviestkrems-softening-50-ml","status":"publish","type":"product","link":"https:\/\/e.kosmolat.eu\/lv\/product\/c-organic-mimi-roku-sviestkrems-softening-50-ml\/","title":{"rendered":"C Organic Mimi Roku sviestkr\u0113ms Softening, 50 ml"},"content":{"rendered":"<p>Biezs roku kr\u0113ms ar organisko makad\u0101mijas e\u013c\u013cu un &scaron;\u012b sviestu mitrina, baro un atjauno sauso roku \u0101du, padarot to m\u012bkstu un maigu.<\/p>\n<p><strong>Lieto&scaron;ana:<\/strong> uzkl\u0101t uz t\u012bras roku \u0101das un iemas\u0113t l\u012bdz piln\u012bb\u0101 uzs\u016bcas. Tikai \u0101r\u012bgai lieto&scaron;anai.<br \/>\n&nbsp;<\/p>\n","protected":false},"excerpt":{"rendered":"<p>Biezs roku kr\u0113ms ar organisko makad\u0101mijas e\u013c\u013cu un &scaron;\u012b sviestu mitrina, baro un atjauno sauso roku \u0101du, padarot to m\u012bkstu un maigu. Lieto&scaron;ana: uzkl\u0101t uz t\u012bras roku \u0101das un iemas\u0113t l\u012bdz piln\u012bb\u0101 uzs\u016bcas. Tikai \u0101r\u012bgai lieto&scaron;anai. &nbsp;<\/p>\n","protected":false},"featured_media":104492,"template":"","meta":[],"product_cat":[1304],"product_tag":[],"class_list":{"0":"post-49164","1":"product","2":"type-product","3":"status-publish","4":"has-post-thumbnail","6":"product_brand-ecolab_cs","7":"product_cat-ranku-prieziuros-kosmetika","9":"first","10":"instock","11":"taxable","12":"shipping-taxable","13":"product-type-simple"},"_links":{"self":[{"href":"https:\/\/e.kosmolat.eu\/lv\/wp-json\/wp\/v2\/product\/49164","targetHints":{"allow":["GET"]}}],"collection":[{"href":"https:\/\/e.kosmolat.eu\/lv\/wp-json\/wp\/v2\/product"}],"about":[{"href":"https:\/\/e.kosmolat.eu\/lv\/wp-json\/wp\/v2\/types\/product"}],"wp:featuredmedia":[{"embeddable":true,"href":"https:\/\/e.kosmolat.eu\/lv\/wp-json\/wp\/v2\/media\/104492"}],"wp:attachment":[{"href":"https:\/\/e.kosmolat.eu\/lv\/wp-json\/wp\/v2\/media?parent=49164"}],"wp:term":[{"taxonomy":"product_cat","embeddable":true,"href":"https:\/\/e.kosmolat.eu\/lv\/wp-json\/wp\/v2\/product_cat?post=49164"},{"taxonomy":"product_tag","embeddable":true,"href":"https:\/\/e.kosmolat.eu\/lv\/wp-json\/wp\/v2\/product_tag?post=49164"}],"curies":[{"name":"wp","href":"https:\/\/api.w.org\/{rel}","templated":true}]}}