{"id":49148,"date":"2024-04-06T04:06:11","date_gmt":"2024-04-06T04:06:11","guid":{"rendered":"https:\/\/e.kosmolat.eu\/product\/organic-mimi-roku-sviestkrems-deep-hydration-50-ml\/"},"modified":"2026-04-22T10:05:16","modified_gmt":"2026-04-22T10:05:16","slug":"organic-mimi-roku-sviestkrems-deep-hydration-50-ml","status":"publish","type":"product","link":"https:\/\/e.kosmolat.eu\/lv\/product\/organic-mimi-roku-sviestkrems-deep-hydration-50-ml\/","title":{"rendered":"Organic Mimi Roku sviestkr\u0113ms Deep Hydration, 50 ml"},"content":{"rendered":"<p>Biezs roku kr\u0113ms ar organisko mango un &scaron;\u012b sviestu lieliski mitrina roku \u0101du, atjauno hidrolip\u012bdu barjeru un aizsarg\u0101 \u0101du, nov\u0113r&scaron;ot sausumu un padarot to gludu un koptu.<\/p>\n<p><strong>Lieto&scaron;ana: <\/strong>uzkl\u0101t uz t\u012bras roku \u0101das un iemas\u0113t l\u012bdz piln\u012bb\u0101 uzs\u016bcas. Tikai \u0101r\u012bgai lieto&scaron;anai.<br \/>\n&nbsp;<\/p>\n","protected":false},"excerpt":{"rendered":"<p>Biezs roku kr\u0113ms ar organisko mango un &scaron;\u012b sviestu lieliski mitrina roku \u0101du, atjauno hidrolip\u012bdu barjeru un aizsarg\u0101 \u0101du, nov\u0113r&scaron;ot sausumu un padarot to gludu un koptu. Lieto&scaron;ana: uzkl\u0101t uz t\u012bras roku \u0101das un iemas\u0113t l\u012bdz piln\u012bb\u0101 uzs\u016bcas. Tikai \u0101r\u012bgai lieto&scaron;anai. &nbsp;<\/p>\n","protected":false},"featured_media":90806,"template":"","meta":[],"product_cat":[1999],"product_tag":[],"class_list":{"0":"post-49148","1":"product","2":"type-product","3":"status-publish","4":"has-post-thumbnail","6":"product_brand-ecolab_cs","7":"product_cat-bez-kategorijas","9":"first","10":"instock","11":"taxable","12":"shipping-taxable","13":"product-type-simple"},"_links":{"self":[{"href":"https:\/\/e.kosmolat.eu\/lv\/wp-json\/wp\/v2\/product\/49148","targetHints":{"allow":["GET"]}}],"collection":[{"href":"https:\/\/e.kosmolat.eu\/lv\/wp-json\/wp\/v2\/product"}],"about":[{"href":"https:\/\/e.kosmolat.eu\/lv\/wp-json\/wp\/v2\/types\/product"}],"wp:featuredmedia":[{"embeddable":true,"href":"https:\/\/e.kosmolat.eu\/lv\/wp-json\/wp\/v2\/media\/90806"}],"wp:attachment":[{"href":"https:\/\/e.kosmolat.eu\/lv\/wp-json\/wp\/v2\/media?parent=49148"}],"wp:term":[{"taxonomy":"product_cat","embeddable":true,"href":"https:\/\/e.kosmolat.eu\/lv\/wp-json\/wp\/v2\/product_cat?post=49148"},{"taxonomy":"product_tag","embeddable":true,"href":"https:\/\/e.kosmolat.eu\/lv\/wp-json\/wp\/v2\/product_tag?post=49148"}],"curies":[{"name":"wp","href":"https:\/\/api.w.org\/{rel}","templated":true}]}}