{"id":49124,"date":"2024-04-06T04:05:33","date_gmt":"2024-04-06T04:05:33","guid":{"rendered":"https:\/\/e.kosmolat.eu\/product\/organic-mimi-kaju-krems-nutrition-shea-ylang-ylang-50-ml\/"},"modified":"2026-04-18T12:54:28","modified_gmt":"2026-04-18T12:54:28","slug":"i_organic-mimi-kaju-krems-nutrition-shea-ylang-ylang-50-ml","status":"publish","type":"product","link":"https:\/\/e.kosmolat.eu\/lv\/product\/i_organic-mimi-kaju-krems-nutrition-shea-ylang-ylang-50-ml\/","title":{"rendered":"I_Organic Mimi K\u0101ju kr\u0113ms Nutrition Shea &#038; Ylang Ylang, 50 ml"},"content":{"rendered":"<p><strong>Lieto&scaron;ana: <\/strong>uzkl\u0101t uz t\u012bras k\u0101ju \u0101das un iemas\u0113t l\u012bdz piln\u012bb\u0101 uzs\u016bcas. Tikai \u0101r\u012bgai lieto&scaron;anai.<\/p>\n","protected":false},"excerpt":{"rendered":"<p>Lieto&scaron;ana: uzkl\u0101t uz t\u012bras k\u0101ju \u0101das un iemas\u0113t l\u012bdz piln\u012bb\u0101 uzs\u016bcas. Tikai \u0101r\u012bgai lieto&scaron;anai.<\/p>\n","protected":false},"featured_media":90794,"template":"","meta":[],"product_cat":[1761],"product_tag":[],"class_list":{"0":"post-49124","1":"product","2":"type-product","3":"status-publish","4":"has-post-thumbnail","6":"product_brand-ecolab_cs","7":"product_cat-kaju-kopsanas-kosmetika","9":"first","10":"outofstock","11":"taxable","12":"shipping-taxable","13":"product-type-simple"},"_links":{"self":[{"href":"https:\/\/e.kosmolat.eu\/lv\/wp-json\/wp\/v2\/product\/49124","targetHints":{"allow":["GET"]}}],"collection":[{"href":"https:\/\/e.kosmolat.eu\/lv\/wp-json\/wp\/v2\/product"}],"about":[{"href":"https:\/\/e.kosmolat.eu\/lv\/wp-json\/wp\/v2\/types\/product"}],"wp:featuredmedia":[{"embeddable":true,"href":"https:\/\/e.kosmolat.eu\/lv\/wp-json\/wp\/v2\/media\/90794"}],"wp:attachment":[{"href":"https:\/\/e.kosmolat.eu\/lv\/wp-json\/wp\/v2\/media?parent=49124"}],"wp:term":[{"taxonomy":"product_cat","embeddable":true,"href":"https:\/\/e.kosmolat.eu\/lv\/wp-json\/wp\/v2\/product_cat?post=49124"},{"taxonomy":"product_tag","embeddable":true,"href":"https:\/\/e.kosmolat.eu\/lv\/wp-json\/wp\/v2\/product_tag?post=49124"}],"curies":[{"name":"wp","href":"https:\/\/api.w.org\/{rel}","templated":true}]}}