{"id":49116,"date":"2024-04-06T04:05:21","date_gmt":"2024-04-06T04:05:21","guid":{"rendered":"https:\/\/e.kosmolat.eu\/product\/organic-mimi-kerm-krems-sorbets-hydrating-verbena-pomelo-200-ml\/"},"modified":"2026-04-01T07:47:17","modified_gmt":"2026-04-01T07:47:17","slug":"organic-mimi-kerm-krems-sorbets-hydrating-verbena-pomelo-200-ml","status":"publish","type":"product","link":"https:\/\/e.kosmolat.eu\/lv\/product\/organic-mimi-kerm-krems-sorbets-hydrating-verbena-pomelo-200-ml\/","title":{"rendered":"Organic Mimi  \u0136erm. kr\u0113ms-sorbets Hydrating Verbena &#038; Pomelo, 200 ml"},"content":{"rendered":"<p>Kr\u0113mam ir pat\u012bkama tekst\u016bra. Dab\u012bgas sast\u0101vda\u013cas lieliski mitrina \u013coti sausu un jut\u012bgu \u0101du, samazinot sausumu un lob\u012b&scaron;anos.<\/p>\n<ul>\n<li><strong>Organisk\u0101s verb\u0113nas ekstrakts<\/strong> dzi\u013ci mitrina dehidrat\u0113tu \u0101du un uztur \u0101das hidrolip\u012bdu l\u012bdzsvaru un padara to samtainu.<\/li>\n<li><strong>Pomelo ekstrakts<\/strong> uzlabo \u0101das toni, stiprina un savelk \u0101du.<\/li>\n<li><strong>&Scaron;\u012b sviests<\/strong> atjauno \u0101das aizsargfunkcijas un padara to m\u012bkstu un elast\u012bgu.<\/li>\n<\/ul>\n<p><strong>Lieto&scaron;ana:<\/strong> uzkl\u0101t nelielu daudzumu uz t\u012bras \u0101das l\u012bdz piln\u012bb\u0101 uzs\u016bcas. Piem\u0113rots ikdienas lieto&scaron;anai. Tikai \u0101r\u012bgai lieto&scaron;anai.<\/p>\n","protected":false},"excerpt":{"rendered":"<p>Kr\u0113mam ir pat\u012bkama tekst\u016bra. Dab\u012bgas sast\u0101vda\u013cas lieliski mitrina \u013coti sausu un jut\u012bgu \u0101du, samazinot sausumu un lob\u012b&scaron;anos. Organisk\u0101s verb\u0113nas ekstrakts dzi\u013ci mitrina dehidrat\u0113tu \u0101du un uztur \u0101das hidrolip\u012bdu l\u012bdzsvaru un padara to samtainu. Pomelo ekstrakts uzlabo \u0101das toni, stiprina un savelk \u0101du. &Scaron;\u012b sviests atjauno \u0101das aizsargfunkcijas un padara to m\u012bkstu un elast\u012bgu. Lieto&scaron;ana: uzkl\u0101t [&#8230;]\n","protected":false},"featured_media":90790,"template":"","meta":[],"product_cat":[1388],"product_tag":[],"class_list":{"0":"post-49116","1":"product","2":"type-product","3":"status-publish","4":"has-post-thumbnail","6":"product_brand-ecolab_cs","7":"product_cat-kermena-kremi-pienini-sviesti","9":"first","10":"instock","11":"taxable","12":"shipping-taxable","13":"product-type-simple"},"_links":{"self":[{"href":"https:\/\/e.kosmolat.eu\/lv\/wp-json\/wp\/v2\/product\/49116","targetHints":{"allow":["GET"]}}],"collection":[{"href":"https:\/\/e.kosmolat.eu\/lv\/wp-json\/wp\/v2\/product"}],"about":[{"href":"https:\/\/e.kosmolat.eu\/lv\/wp-json\/wp\/v2\/types\/product"}],"wp:featuredmedia":[{"embeddable":true,"href":"https:\/\/e.kosmolat.eu\/lv\/wp-json\/wp\/v2\/media\/90790"}],"wp:attachment":[{"href":"https:\/\/e.kosmolat.eu\/lv\/wp-json\/wp\/v2\/media?parent=49116"}],"wp:term":[{"taxonomy":"product_cat","embeddable":true,"href":"https:\/\/e.kosmolat.eu\/lv\/wp-json\/wp\/v2\/product_cat?post=49116"},{"taxonomy":"product_tag","embeddable":true,"href":"https:\/\/e.kosmolat.eu\/lv\/wp-json\/wp\/v2\/product_tag?post=49116"}],"curies":[{"name":"wp","href":"https:\/\/api.w.org\/{rel}","templated":true}]}}