{"id":49108,"date":"2024-04-06T04:04:24","date_gmt":"2024-04-06T04:04:24","guid":{"rendered":"https:\/\/e.kosmolat.eu\/product\/organic-mimi-kerm-krems-sorbets-hydrating-avocado-pear-200-ml\/"},"modified":"2026-04-22T09:43:04","modified_gmt":"2026-04-22T09:43:04","slug":"organic-mimi-kerm-krems-sorbets-hydrating-avocado-pear-200-ml","status":"publish","type":"product","link":"https:\/\/e.kosmolat.eu\/lv\/product\/organic-mimi-kerm-krems-sorbets-hydrating-avocado-pear-200-ml\/","title":{"rendered":"Organic Mimi \u0136erm. kr\u0113ms-sorbets Hydrating Avocado &#038; Pear, 200 ml"},"content":{"rendered":"<p>Kr\u0113mam ir pat\u012bkama tekst\u016bra. Dab\u012bgas sast\u0101vda\u013cas lieliski mitrina \u013coti sausu un jut\u012bgu \u0101du, samazinot sausumu un lob\u012b&scaron;anos.<\/p>\n<ul>\n<li><strong>Organisk\u0101 avokado e\u013c\u013ca <\/strong>mitrina un baro \u0101du.<\/li>\n<li><strong>Bumbieru ekstraks<\/strong> baro \u0101du ar vitam\u012bniem, padarot to maigu un samtainu.<\/li>\n<li><strong>Vetiv\u0113rijas \u0113teriskajai e\u013c\u013cai<\/strong> piem\u012bt antioksidanta \u012bpa&scaron;\u012bbas, kas pasarg\u0101 \u0101du no priek&scaron;laic\u012bgas noveco&scaron;an\u0101s.&nbsp;<\/li>\n<\/ul>\n<p><strong>Lieto&scaron;ana: <\/strong>uzkl\u0101t nelielu daudzumu uz t\u012bras \u0101das l\u012bdz piln\u012bb\u0101 uzs\u016bcas. Piem\u0113rots ikdienas lieto&scaron;anai. Tikai \u0101r\u012bgai lieto&scaron;anai.<br \/>\n&nbsp;<\/p>\n","protected":false},"excerpt":{"rendered":"<p>Kr\u0113mam ir pat\u012bkama tekst\u016bra. Dab\u012bgas sast\u0101vda\u013cas lieliski mitrina \u013coti sausu un jut\u012bgu \u0101du, samazinot sausumu un lob\u012b&scaron;anos. Organisk\u0101 avokado e\u013c\u013ca mitrina un baro \u0101du. Bumbieru ekstraks baro \u0101du ar vitam\u012bniem, padarot to maigu un samtainu. Vetiv\u0113rijas \u0113teriskajai e\u013c\u013cai piem\u012bt antioksidanta \u012bpa&scaron;\u012bbas, kas pasarg\u0101 \u0101du no priek&scaron;laic\u012bgas noveco&scaron;an\u0101s.&nbsp; Lieto&scaron;ana: uzkl\u0101t nelielu daudzumu uz t\u012bras \u0101das l\u012bdz [&#8230;]\n","protected":false},"featured_media":90786,"template":"","meta":[],"product_cat":[1999],"product_tag":[],"class_list":{"0":"post-49108","1":"product","2":"type-product","3":"status-publish","4":"has-post-thumbnail","6":"product_brand-ecolab_cs","7":"product_cat-bez-kategorijas","9":"first","10":"instock","11":"taxable","12":"shipping-taxable","13":"product-type-simple"},"_links":{"self":[{"href":"https:\/\/e.kosmolat.eu\/lv\/wp-json\/wp\/v2\/product\/49108","targetHints":{"allow":["GET"]}}],"collection":[{"href":"https:\/\/e.kosmolat.eu\/lv\/wp-json\/wp\/v2\/product"}],"about":[{"href":"https:\/\/e.kosmolat.eu\/lv\/wp-json\/wp\/v2\/types\/product"}],"wp:featuredmedia":[{"embeddable":true,"href":"https:\/\/e.kosmolat.eu\/lv\/wp-json\/wp\/v2\/media\/90786"}],"wp:attachment":[{"href":"https:\/\/e.kosmolat.eu\/lv\/wp-json\/wp\/v2\/media?parent=49108"}],"wp:term":[{"taxonomy":"product_cat","embeddable":true,"href":"https:\/\/e.kosmolat.eu\/lv\/wp-json\/wp\/v2\/product_cat?post=49108"},{"taxonomy":"product_tag","embeddable":true,"href":"https:\/\/e.kosmolat.eu\/lv\/wp-json\/wp\/v2\/product_tag?post=49108"}],"curies":[{"name":"wp","href":"https:\/\/api.w.org\/{rel}","templated":true}]}}