{"id":49100,"date":"2024-04-06T04:03:54","date_gmt":"2024-04-06T04:03:54","guid":{"rendered":"https:\/\/e.kosmolat.eu\/product\/organic-mimi-kerm-krems-sorbets-hydrating-arnica-cherry-200-ml\/"},"modified":"2026-04-22T09:04:41","modified_gmt":"2026-04-22T09:04:41","slug":"organic-mimi-kerm-krems-sorbets-hydrating-arnica-cherry-200-ml","status":"publish","type":"product","link":"https:\/\/e.kosmolat.eu\/lv\/product\/organic-mimi-kerm-krems-sorbets-hydrating-arnica-cherry-200-ml\/","title":{"rendered":"Organic Mimi \u0136erm. kr\u0113ms-sorbets  Hydrating Arnica &#038; Cherry, 200 ml"},"content":{"rendered":"<p>Kr\u0113mam ir pat\u012bkama tekst\u016bra. Dab\u012bgas sast\u0101vda\u013cas lieliski mitrina \u013coti sausu un jut\u012bgu \u0101du, samazinot sausumu un lob\u012b&scaron;anos.<\/p>\n<ul>\n<li><strong>Organiskais arnikas ekstrakts<\/strong> toniz\u0113 un padara \u0101du maigu.<\/li>\n<li><strong>Organiskais \u0137ir&scaron;u ekstrakts<\/strong> mitrina un stiprina \u0101du, padarot to samtainu.<\/li>\n<li><strong>Hohobas e\u013c\u013ca<\/strong> atjauno \u0101du, padarot to maigu un gludu.<\/li>\n<\/ul>\n<p><strong>Lieto&scaron;ana:<\/strong> uzkl\u0101t nelielu daudzumu uz t\u012bras \u0101das l\u012bdz piln\u012bb\u0101 uzs\u016bcas. Piem\u0113rots ikdienas lieto&scaron;anai. Tikai \u0101r\u012bgai lieto&scaron;anai.<\/p>\n","protected":false},"excerpt":{"rendered":"<p>Kr\u0113mam ir pat\u012bkama tekst\u016bra. Dab\u012bgas sast\u0101vda\u013cas lieliski mitrina \u013coti sausu un jut\u012bgu \u0101du, samazinot sausumu un lob\u012b&scaron;anos. Organiskais arnikas ekstrakts toniz\u0113 un padara \u0101du maigu. Organiskais \u0137ir&scaron;u ekstrakts mitrina un stiprina \u0101du, padarot to samtainu. Hohobas e\u013c\u013ca atjauno \u0101du, padarot to maigu un gludu. Lieto&scaron;ana: uzkl\u0101t nelielu daudzumu uz t\u012bras \u0101das l\u012bdz piln\u012bb\u0101 uzs\u016bcas. Piem\u0113rots [&#8230;]\n","protected":false},"featured_media":90782,"template":"","meta":[],"product_cat":[1999],"product_tag":[],"class_list":{"0":"post-49100","1":"product","2":"type-product","3":"status-publish","4":"has-post-thumbnail","6":"product_brand-ecolab_cs","7":"product_cat-bez-kategorijas","9":"first","10":"instock","11":"taxable","12":"shipping-taxable","13":"product-type-simple"},"_links":{"self":[{"href":"https:\/\/e.kosmolat.eu\/lv\/wp-json\/wp\/v2\/product\/49100","targetHints":{"allow":["GET"]}}],"collection":[{"href":"https:\/\/e.kosmolat.eu\/lv\/wp-json\/wp\/v2\/product"}],"about":[{"href":"https:\/\/e.kosmolat.eu\/lv\/wp-json\/wp\/v2\/types\/product"}],"wp:featuredmedia":[{"embeddable":true,"href":"https:\/\/e.kosmolat.eu\/lv\/wp-json\/wp\/v2\/media\/90782"}],"wp:attachment":[{"href":"https:\/\/e.kosmolat.eu\/lv\/wp-json\/wp\/v2\/media?parent=49100"}],"wp:term":[{"taxonomy":"product_cat","embeddable":true,"href":"https:\/\/e.kosmolat.eu\/lv\/wp-json\/wp\/v2\/product_cat?post=49100"},{"taxonomy":"product_tag","embeddable":true,"href":"https:\/\/e.kosmolat.eu\/lv\/wp-json\/wp\/v2\/product_tag?post=49100"}],"curies":[{"name":"wp","href":"https:\/\/api.w.org\/{rel}","templated":true}]}}