{"id":49092,"date":"2024-04-06T04:03:42","date_gmt":"2024-04-06T04:03:42","guid":{"rendered":"https:\/\/e.kosmolat.eu\/product\/organic-mimi-kerm-skrubis-renewing-olive-papaya-250-g\/"},"modified":"2026-04-15T07:35:54","modified_gmt":"2026-04-15T07:35:54","slug":"organic-mimi-kerm-skrubis-renewing-olive-papaya-250-g","status":"publish","type":"product","link":"https:\/\/e.kosmolat.eu\/lv\/product\/organic-mimi-kerm-skrubis-renewing-olive-papaya-250-g\/","title":{"rendered":"Organic Mimi \u0136erm. skrubis Renewing Olive &#038; Papaya, 250 g"},"content":{"rendered":"<p>\u0136erme\u0146a skrubis uz cukura un j\u016bras s\u0101ls b\u0101zes uzlabo \u0101das elast\u012bbu un tvirtumu, nostiprinot to un padarot samtain\u0101ku un glud\u0101ku.<\/p>\n<ul>\n<li><strong>Cukurs un j\u016bras s\u0101ls<\/strong> dzi\u013ci att\u012bra un noloba \u0101du, neboj\u0101jot un nekairinot to.&nbsp;<\/li>\n<li><strong>Papaijas ekstraktam<\/strong> ir atjaunojo&scaron;a iedarb\u012bba, tas bag\u0101tina \u0101du ar vitam\u012bniem un aminosk\u0101b\u0113m, padarot to glud\u0101ku un m\u012bkst\u0101ku.<\/li>\n<li><strong>Organisk\u0101 ol\u012bve\u013c\u013ca<\/strong> un &scaron;\u012b sviests baro, mitrina un atjauno \u0101du, pasarg\u0101jot to no negat\u012bv\u0101s apk\u0101rt\u0113j\u0101s vides ietekmes.&nbsp;<\/li>\n<\/ul>\n<p><strong>Lieto&scaron;ana:<\/strong> uzkl\u0101t uz mitras \u0101das, maigi iemas\u0113t un noskalot ar siltu \u016bdeni. Tikai \u0101r\u012bgai lieto&scaron;anai.<br \/>\n&nbsp;<\/p>\n","protected":false},"excerpt":{"rendered":"<p>\u0136erme\u0146a skrubis uz cukura un j\u016bras s\u0101ls b\u0101zes uzlabo \u0101das elast\u012bbu un tvirtumu, nostiprinot to un padarot samtain\u0101ku un glud\u0101ku. Cukurs un j\u016bras s\u0101ls dzi\u013ci att\u012bra un noloba \u0101du, neboj\u0101jot un nekairinot to.&nbsp; Papaijas ekstraktam ir atjaunojo&scaron;a iedarb\u012bba, tas bag\u0101tina \u0101du ar vitam\u012bniem un aminosk\u0101b\u0113m, padarot to glud\u0101ku un m\u012bkst\u0101ku. Organisk\u0101 ol\u012bve\u013c\u013ca un &scaron;\u012b sviests [&#8230;]\n","protected":false},"featured_media":90778,"template":"","meta":[],"product_cat":[1357],"product_tag":[],"class_list":{"0":"post-49092","1":"product","2":"type-product","3":"status-publish","4":"has-post-thumbnail","6":"product_brand-ecolab_cs","7":"product_cat-skrubji-un-pilingi-kermenim","9":"first","10":"instock","11":"taxable","12":"shipping-taxable","13":"product-type-simple"},"_links":{"self":[{"href":"https:\/\/e.kosmolat.eu\/lv\/wp-json\/wp\/v2\/product\/49092","targetHints":{"allow":["GET"]}}],"collection":[{"href":"https:\/\/e.kosmolat.eu\/lv\/wp-json\/wp\/v2\/product"}],"about":[{"href":"https:\/\/e.kosmolat.eu\/lv\/wp-json\/wp\/v2\/types\/product"}],"wp:featuredmedia":[{"embeddable":true,"href":"https:\/\/e.kosmolat.eu\/lv\/wp-json\/wp\/v2\/media\/90778"}],"wp:attachment":[{"href":"https:\/\/e.kosmolat.eu\/lv\/wp-json\/wp\/v2\/media?parent=49092"}],"wp:term":[{"taxonomy":"product_cat","embeddable":true,"href":"https:\/\/e.kosmolat.eu\/lv\/wp-json\/wp\/v2\/product_cat?post=49092"},{"taxonomy":"product_tag","embeddable":true,"href":"https:\/\/e.kosmolat.eu\/lv\/wp-json\/wp\/v2\/product_tag?post=49092"}],"curies":[{"name":"wp","href":"https:\/\/api.w.org\/{rel}","templated":true}]}}